{"id":5017,"date":"2025-05-28T07:23:34","date_gmt":"2025-05-28T07:23:34","guid":{"rendered":"https:\/\/rantatuuli.fi\/w\/?page_id=5017"},"modified":"2025-05-28T07:52:17","modified_gmt":"2025-05-28T07:52:17","slug":"tuiskukuru-aktivitaten-und-links","status":"publish","type":"page","link":"https:\/\/rantatuuli.fi\/w\/de\/tuiskukuru-3\/tuiskukuru-aktivitaten-und-links\/","title":{"rendered":"Tuiskukuru &#8211; Aktivit\u00e4ten und Links"},"content":{"rendered":"<div class=\"su-row yla\"><div class=\"su-column su-column-size-1-1 su-column-centered\"><div class=\"su-column-inner su-u-clearfix su-u-trim\">\r\n<table width=100%>\r\n<td >\r\n   <p class=\"font-1 ylaotsikko\" style=\"font-size:1.7vw\"><a https:\/\/rantatuuli.fi\/w\/en\/etusivu-2\/\" class=\"ylaotsikko\" >Rantatuuli.fi<\/a><\/p>\r\n    <p class=\"font-2 ylakakkosrivi\" style=\"font-size:1em\">Ferienh\u00e4user in Finnland<\/p>\r\n<\/td>\r\n<td style=\"margins:10px\">\r\n\r\n<div >\r\n  <table>\r\n<tbody>\r\n  <tr>\r\n   <td><a href=\"https:\/\/rantatuuli.fi\/w\/de\/tunturituuli-3\/\" border=\"0\"><img src=\"https:\/\/rantatuuli.fi\/w\/wp-content\/uploads\/2019\/04\/tunturituuli-125.jpg\" width=auto height=auto alt=\"\"class=\"size-full wp-image-2133\" srcset=\"https:\/\/rantatuuli.fi\/w\/wp-content\/uploads\/2019\/04\/tunturituuli-125.jpg 127w, https:\/\/rantatuuli.fi\/w\/wp-content\/uploads\/2019\/04\/tunturituuli-125-24x24.jpg 24w, https:\/\/rantatuuli.fi\/w\/wp-content\/uploads\/2019\/04\/tunturituuli-125-36x36.jpg 36w, https:\/\/rantatuuli.fi\/w\/wp-content\/uploads\/2019\/04\/tunturituuli-125-48x48.jpg 48w\" sizes=\"(max-width: 127px) 100vw, 127px\" \/><br><font style=\"font-size:0.8em\">Saariselk\u00e4<\/font><\/a><\/td>\r\n   <td width=3px><\/td>\r\n  <td><a href=\"https:\/\/rantatuuli.fi\/w\/de\/tunturikoivu-3\/\" border=\"0\"><img src=\"https:\/\/rantatuuli.fi\/w\/wp-content\/uploads\/2019\/04\/tunturikoivu-125.jpg\" width=auto height=auto alt=\"\" class=\"size-full wp-image-2132\" srcset=\"https:\/\/rantatuuli.fi\/w\/wp-content\/uploads\/2019\/04\/tunturikoivu-125.jpg 127w, https:\/\/rantatuuli.fi\/w\/wp-content\/uploads\/2019\/04\/tunturikoivu-125-24x24.jpg 24w, https:\/\/rantatuuli.fi\/w\/wp-content\/uploads\/2019\/04\/tunturikoivu-125-36x36.jpg 36w, https:\/\/rantatuuli.fi\/w\/wp-content\/uploads\/2019\/04\/tunturikoivu-125-48x48.jpg 48w\" sizes=\"(max-width: 127px) 100vw, 127px\" \/><br><font style=\"font-size:0.8em\">Saariselk\u00e4<\/font><\/a><\/td>\r\n  <td width=3px><\/td>\r\n  <td><a href=\"https:\/\/rantatuuli.fi\/w\/de\/tuiskukuru-3\/\" border=\"0\"><img src=\"https:\/\/rantatuuli.fi\/w\/wp-content\/uploads\/2025\/05\/tuiskukuru-125.jpg\" width=auto height=auto alt=\"\" class=\"size-full wp-image-4866\" srcset=\"https:\/\/rantatuuli.fi\/w\/wp-content\/uploads\/2025\/05\/tuiskukuru-125.jpg 127w, https:\/\/rantatuuli.fi\/w\/wp-content\/uploads\/2025\/05\/tuiskukuru-125-24x24.jpg 24w, https:\/\/rantatuuli.fi\/w\/wp-content\/uploads\/2025\/05\/tuiskukuru-125-36x36.jpg 36w, https:\/\/rantatuuli.fi\/w\/wp-content\/uploads\/2025\/05\/tuiskukuru-125-48x48.jpg 48w\" sizes=\"(max-width: 127px) 100vw, 127px\" \/><br><font style=\"font-size:0.8em\">Saariselk\u00e4<\/font><\/a><\/td>\r\n  <td width=3px><\/td>\r\n  <td><a href=\"https:\/\/rantatuuli.fi\/w\/de\/paasisalo-3\/\" border=\"0\"><img src=\"https:\/\/rantatuuli.fi\/w\/wp-content\/uploads\/2019\/04\/paasisalo-125.jpg\" alt=\"\" width=auto height=auto class=\"size-full wp-image-2130\" srcset=\"https:\/\/rantatuuli.fi\/w\/wp-content\/uploads\/2019\/04\/paasisalo-125.jpg 127w, https:\/\/rantatuuli.fi\/w\/wp-content\/uploads\/2019\/04\/paasisalo-125-24x24.jpg 24w, https:\/\/rantatuuli.fi\/w\/wp-content\/uploads\/2019\/04\/paasisalo-125-36x36.jpg 36w, https:\/\/rantatuuli.fi\/w\/wp-content\/uploads\/2019\/04\/paasisalo-125-48x48.jpg 48w\" sizes=\"(max-width: 127px) 100vw, 127px\" \/><br><font style=\"font-size:0.8em\">Kuopio<\/font><\/a><\/td>\r\n  <td width=3px><\/td>\r\n  <td><a href=\"https:\/\/rantatuuli.fi\/w\/de\/vuokatti-3\/\" border=\"0\"><img src=\"https:\/\/rantatuuli.fi\/w\/wp-content\/uploads\/2021\/07\/vuokatti-125.jpg\" alt=\"\" width=auto height=auto class=\"size-full wp-image-2130\" \/><br><font style=\"font-size:0.8em\">Vuokatti<\/font><\/a><\/td>\r\n\r\n  <\/tr><\/tbody><\/table>\r\n\r\n\r\n\r\n<\/div>\r\n\r\n<\/td>\r\n<td class=\"kielitd\">\r\n    <div class=\"menulang\"><ul id=\"menu-kielivalikko\" class=\"menu menukieliluokka\"><li id=\"menu-item-3141\" class=\"menu-item menu-item-type-post_type menu-item-object-page menu-item-3141\"><a href=\"https:\/\/rantatuuli.fi\/w\/etusivu\/\" class=\"menu-image-title-hide menu-image-not-hovered\"><span class=\"menu-image-title-hide menu-image-title\">Etusivu<\/span><img width=\"36\" height=\"36\" src=\"https:\/\/rantatuuli.fi\/w\/wp-content\/uploads\/2019\/04\/fi64-36x36.png\" class=\"menu-image menu-image-title-hide\" alt=\"FI\" \/><\/a><\/li>\n<li id=\"menu-item-3143\" class=\"menu-item menu-item-type-post_type menu-item-object-page menu-item-3143\"><a href=\"https:\/\/rantatuuli.fi\/w\/en\/etusivu-2\/\" class=\"menu-image-title-hide menu-image-not-hovered\"><span class=\"menu-image-title-hide menu-image-title\">Homepage<\/span><img width=\"36\" height=\"36\" src=\"https:\/\/rantatuuli.fi\/w\/wp-content\/uploads\/2019\/04\/uk64-36x36.png\" class=\"menu-image menu-image-title-hide\" alt=\"UK\" \/><\/a><\/li>\n<li id=\"menu-item-3144\" class=\"menu-item menu-item-type-post_type menu-item-object-page menu-item-3144\"><a href=\"https:\/\/rantatuuli.fi\/w\/de\/etusivu-3\/\" class=\"menu-image-title-hide menu-image-not-hovered\"><span class=\"menu-image-title-hide menu-image-title\">Startseite<\/span><img width=\"36\" height=\"36\" src=\"https:\/\/rantatuuli.fi\/w\/wp-content\/uploads\/2019\/04\/de64-36x36.png\" class=\"menu-image menu-image-title-hide\" alt=\"DE\" \/><\/a><\/li>\n<li id=\"menu-item-3145\" class=\"menu-item menu-item-type-post_type menu-item-object-page menu-item-3145\"><a href=\"https:\/\/rantatuuli.fi\/w\/ru\/etusivu-4\/\" class=\"menu-image-title-hide menu-image-not-hovered\"><span class=\"menu-image-title-hide menu-image-title\">\u0434\u043e\u043c\u0430\u0448\u043d\u044f\u044f \u0441\u0442\u0440\u0430\u043d\u0438\u0446\u0430<\/span><img width=\"36\" height=\"36\" src=\"https:\/\/rantatuuli.fi\/w\/wp-content\/uploads\/2019\/04\/ru64-36x36.png\" class=\"menu-image menu-image-title-hide\" alt=\"RU\" \/><\/a><\/li>\n<li id=\"menu-item-3142\" class=\"menu-item menu-item-type-post_type menu-item-object-page menu-item-3142\"><a href=\"https:\/\/rantatuuli.fi\/w\/nn\/etusivu-5\/\" class=\"menu-image-title-hide menu-image-not-hovered\"><span class=\"menu-image-title-hide menu-image-title\">Hjemmeside<\/span><img width=\"36\" height=\"36\" src=\"https:\/\/rantatuuli.fi\/w\/wp-content\/uploads\/2019\/04\/flag_NOR-36x36.png\" class=\"menu-image menu-image-title-hide\" alt=\"Norway.\" \/><\/a><\/li>\n<\/ul><\/div>\r\n<\/td>\r\n<\/td><\/table>\r\n<\/div><\/div><\/div>\r\n\r\n<div class=\"su-row slaidirow\"><div class=\"su-divider su-divider-style-default viiva\" style=\"margin:0px 0;border-width:5px;border-color:#dfa60e\"><\/div> <div id=\"metaslider-id-4816\" style=\"width: 100%;\" class=\"ml-slider-3-104-0 metaslider metaslider-nivo metaslider-4816 ml-slider ms-theme-default-base\" role=\"region\" aria-label=\"Tuiskukuru\" data-height=\"550\" data-width=\"1920\">\n    <div id=\"metaslider_container_4816\">\n        <div class='slider-wrapper theme-default'><div class='ribbon'><\/div><div id='metaslider_4816' class='nivoSlider'><img src=\"https:\/\/rantatuuli.fi\/w\/wp-content\/uploads\/2025\/05\/Tuiskukuru-WD-01.jpg\" height=\"550\" width=\"1920\" title=\"Tuiskukuru-WD-01\" alt=\"Tuiskukuru.\" class=\"slider-4816 slide-4840 msDefaultImage\" data-no-lazy=\"1\" \/><img src=\"https:\/\/rantatuuli.fi\/w\/wp-content\/uploads\/2025\/05\/Tuiskukuru-WD-02.jpg\" height=\"550\" width=\"1920\" title=\"Tuiskukuru-WD-02\" alt=\"Tuiskukuru.\" class=\"slider-4816 slide-4861 msDefaultImage\" data-no-lazy=\"1\" \/><img src=\"https:\/\/rantatuuli.fi\/w\/wp-content\/uploads\/2025\/05\/Tuiskukuru-WD-21.jpg\" height=\"550\" width=\"1920\" title=\"Tuiskukuru-WD-21\" alt=\"Tuiskukuru: olohuone.\" class=\"slider-4816 slide-4842 msDefaultImage\" data-no-lazy=\"1\" \/><img src=\"https:\/\/rantatuuli.fi\/w\/wp-content\/uploads\/2025\/05\/Tuiskukuru-WD-20.jpg\" height=\"550\" width=\"1920\" title=\"Tuiskukuru-WD-20\" alt=\"Tuiskukuru: takka.\" class=\"slider-4816 slide-4843 msDefaultImage\" data-no-lazy=\"1\" \/><img src=\"https:\/\/rantatuuli.fi\/w\/wp-content\/uploads\/2025\/05\/Tuiskukuru-WD-19.jpg\" height=\"550\" width=\"1920\" title=\"Tuiskukuru-WD-19\" alt=\"Tuiskukuru.\" class=\"slider-4816 slide-4844 msDefaultImage\" data-no-lazy=\"1\" \/><img src=\"https:\/\/rantatuuli.fi\/w\/wp-content\/uploads\/2025\/05\/Tuiskukuru-WD-06.jpg\" height=\"550\" width=\"1920\" title=\"Tuiskukuru-WD-06\" alt=\"Tuiskukuru: olohuone, ruokailu ja keitti\u00f6.\" class=\"slider-4816 slide-4857 msDefaultImage\" data-no-lazy=\"1\" \/><img src=\"https:\/\/rantatuuli.fi\/w\/wp-content\/uploads\/2025\/05\/Tuiskukuru-WD-03.jpg\" height=\"550\" width=\"1920\" title=\"Tuiskukuru-WD-03\" alt=\"Tuiskukuru: takapiha.\" class=\"slider-4816 slide-4860 msDefaultImage\" data-no-lazy=\"1\" \/><img src=\"https:\/\/rantatuuli.fi\/w\/wp-content\/uploads\/2025\/05\/Tuiskukuru-WD-05.jpg\" height=\"550\" width=\"1920\" title=\"Tuiskukuru-WD-05\" alt=\"Tuiskukuru: eteisaula.\" class=\"slider-4816 slide-4858 msDefaultImage\" data-no-lazy=\"1\" \/><img src=\"https:\/\/rantatuuli.fi\/w\/wp-content\/uploads\/2025\/05\/Tuiskukuru-WD-15.jpg\" height=\"550\" width=\"1920\" title=\"Tuiskukuru-WD-15\" alt=\"Tuiskukuru: portaat alakertaan.\" class=\"slider-4816 slide-4848 msDefaultImage\" data-no-lazy=\"1\" \/><img src=\"https:\/\/rantatuuli.fi\/w\/wp-content\/uploads\/2025\/05\/Tuiskukuru-WD-14.jpg\" height=\"550\" width=\"1920\" title=\"Tuiskukuru-WD-14\" alt=\"Tuiskukuru: takapiha.\" class=\"slider-4816 slide-4849 msDefaultImage\" data-no-lazy=\"1\" \/><img src=\"https:\/\/rantatuuli.fi\/w\/wp-content\/uploads\/2025\/05\/Tuiskukuru-WD-13.jpg\" height=\"550\" width=\"1920\" title=\"Tuiskukuru-WD-13\" alt=\"Tuiskukuru: sauna.\" class=\"slider-4816 slide-4850 msDefaultImage\" data-no-lazy=\"1\" \/><img src=\"https:\/\/rantatuuli.fi\/w\/wp-content\/uploads\/2025\/05\/Tuiskukuru-WD-12.jpg\" height=\"550\" width=\"1920\" title=\"Tuiskukuru-WD-12\" alt=\"Tuiskukuru: 2h huone.\" class=\"slider-4816 slide-4851 msDefaultImage\" data-no-lazy=\"1\" \/><img src=\"https:\/\/rantatuuli.fi\/w\/wp-content\/uploads\/2025\/05\/Tuiskukuru-WD-11.jpg\" height=\"550\" width=\"1920\" title=\"Tuiskukuru-WD-11\" alt=\"Tuiskukuru: takka-aula.\" class=\"slider-4816 slide-4852 msDefaultImage\" data-no-lazy=\"1\" \/><img src=\"https:\/\/rantatuuli.fi\/w\/wp-content\/uploads\/2025\/05\/Tuiskukuru-WD-04.jpg\" height=\"550\" width=\"1920\" title=\"Tuiskukuru-WD-04\" alt=\"Tuiskukuru: olohuone, ruokailu ja keitti\u00f6.\" class=\"slider-4816 slide-4859 msDefaultImage\" data-no-lazy=\"1\" \/><img src=\"https:\/\/rantatuuli.fi\/w\/wp-content\/uploads\/2025\/05\/Tuiskukuru-WD-08.jpg\" height=\"550\" width=\"1920\" title=\"Tuiskukuru-WD-08\" alt=\"Tuiskukuru: olohuone, ruokailu ja keitti\u00f6.\" class=\"slider-4816 slide-4855 msDefaultImage\" data-no-lazy=\"1\" \/><img src=\"https:\/\/rantatuuli.fi\/w\/wp-content\/uploads\/2025\/05\/Tuiskukuru-WD-10.jpg\" height=\"550\" width=\"1920\" title=\"Tuiskukuru-WD-10\" alt=\"Tuiskukuru: eteisaula.\" class=\"slider-4816 slide-4853 msDefaultImage\" data-no-lazy=\"1\" \/><img src=\"https:\/\/rantatuuli.fi\/w\/wp-content\/uploads\/2025\/05\/Tuiskukuru-WD-09.jpg\" height=\"550\" width=\"1920\" title=\"Tuiskukuru-WD-09\" alt=\"Tuiskukuru: keitti\u00f6.\" class=\"slider-4816 slide-4854 msDefaultImage\" data-no-lazy=\"1\" \/><img src=\"https:\/\/rantatuuli.fi\/w\/wp-content\/uploads\/2025\/05\/Tuiskukuru-WD-07.jpg\" height=\"550\" width=\"1920\" title=\"Tuiskukuru-WD-07\" alt=\"Tuiskukuru: olohuone, ruokailu ja keitti\u00f6.\" class=\"slider-4816 slide-4856 msDefaultImage\" data-no-lazy=\"1\" \/><img src=\"https:\/\/rantatuuli.fi\/w\/wp-content\/uploads\/2025\/05\/Tuiskukuru-WD-18.jpg\" height=\"550\" width=\"1920\" title=\"Tuiskukuru-WD-18\" alt=\"Tuiskukuru: 2h huone.\" class=\"slider-4816 slide-4845 msDefaultImage\" data-no-lazy=\"1\" \/><img src=\"https:\/\/rantatuuli.fi\/w\/wp-content\/uploads\/2025\/05\/Tuiskukuru-WD-22.jpg\" height=\"550\" width=\"1920\" title=\"Tuiskukuru-WD-22\" alt=\"Tuiskukuru: 2h huone.\" class=\"slider-4816 slide-4841 msDefaultImage\" data-no-lazy=\"1\" \/><img src=\"https:\/\/rantatuuli.fi\/w\/wp-content\/uploads\/2025\/05\/Tuiskukuru-WD-16.jpg\" height=\"550\" width=\"1920\" title=\"Tuiskukuru-WD-16\" alt=\"Tuiskukuru: 2h huone.\" class=\"slider-4816 slide-4847 msDefaultImage\" data-no-lazy=\"1\" \/><img src=\"https:\/\/rantatuuli.fi\/w\/wp-content\/uploads\/2025\/05\/Tuiskukuru-WD-17.jpg\" height=\"550\" width=\"1920\" title=\"Tuiskukuru-WD-17\" alt=\"Tuiskukuru: kylpyhuone.\" class=\"slider-4816 slide-4846 msDefaultImage\" data-no-lazy=\"1\" \/><\/div><\/div>\n        \n    <\/div>\n<\/div><div class=\"su-divider su-divider-style-default\" style=\"margin:0px 0;border-width:5px;border-color:#dfa60e\"><\/div><\/div> <div class=\"su-row\">\r\n\r\n<!---- HEADER P\u00c4\u00c4TTYY ------------------------------------------------------------------------------------------------>\r\n\r\n\r\n\r\n\r\n\r\n<!---- HEADER P\u00c4\u00c4TTYY ------------------------------------------------------------------------------------------------><!--------- VASEN LAITA JA MENU------------------>\r\n<div class=\"su-column su-column-size-2-5 vasen\"><div class=\"su-column-inner su-u-clearfix su-u-trim\"> <div class=\"su-divider su-divider-style-margin-bottom0px viiva\" style=\"margin:0px 0;border-width:5px;border-color:#dfa60e\"><\/div>\r\n<div class=\"menutausta\">\r\n<h2 class=\"vasenmenuotsikko ylavalikkofontti \">Tuiskukuru A &#038; B &amp; 2<br>\r\nSaariselk\u00e4, Lapland<\/h2>\r\n<ul id=\"menu-tuiskukuru_deu\" class=\"menu ylavalikkofontti vasenmenu\"><li id=\"menu-item-5026\" class=\"menu-item menu-item-type-post_type menu-item-object-page menu-item-5026\"><a href=\"https:\/\/rantatuuli.fi\/w\/de\/tuiskukuru-3\/\">Tuiskukuru A &#038; B<\/a><\/li>\n<li id=\"menu-item-5027\" class=\"menu-item menu-item-type-post_type menu-item-object-page menu-item-5027\"><a href=\"https:\/\/rantatuuli.fi\/w\/de\/tuiskukuru-3\/tuiskukuru-innenausstattung\/\">Tuiskukuru \u2013 Innenausstattung<\/a><\/li>\n<li id=\"menu-item-5028\" class=\"menu-item menu-item-type-post_type menu-item-object-page menu-item-5028\"><a href=\"https:\/\/rantatuuli.fi\/w\/de\/tuiskukuru-3\/tuiskukuru-aktivitaten-und-links\/\">Tuiskukuru \u2013 Aktivit\u00e4ten und Links<\/a><\/li>\n<li id=\"menu-item-5029\" class=\"menu-item menu-item-type-post_type menu-item-object-page menu-item-5029\"><a href=\"https:\/\/rantatuuli.fi\/w\/de\/tuiskukuru-3\/tuiskukuru-buchungen\/\">Tuiskukuru  \u2013 Buchungen<\/a><\/li>\n<li id=\"menu-item-5035\" class=\"menu-item menu-item-type-custom menu-item-object-custom menu-item-5035\"><a href=\"https:\/\/rantatuuli.fi\/w\/ape_gallery\/tuiskukuru-gallery\/\">Tuiskukuru &#8211; Fotogalerie<\/a><\/li>\n<\/ul><\/div>\r\n<div class=\"su-divider su-divider-style-default viiva\" style=\"margin:0px 0;border-width:5px;border-color:#dfa60e\"><\/div>\r\n<p>&nbsp;<\/p>\r\n\r\n<!--------- VASEMMAT KUVAT ------------------>\r\n<p><img class=\"autoimage alignnone size-full wp-image-2863\" src=\"https:\/\/rantatuuli.fi\/w\/wp-content\/uploads\/2019\/04\/600-tuuli-aktivpyor.jpg\" alt=\"\" width=\"600\" height=\"415\" srcset=\"https:\/\/rantatuuli.fi\/w\/wp-content\/uploads\/2019\/04\/600-tuuli-aktivpyor.jpg 600w, https:\/\/rantatuuli.fi\/w\/wp-content\/uploads\/2019\/04\/600-tuuli-aktivpyor-300x208.jpg 300w, https:\/\/rantatuuli.fi\/w\/wp-content\/uploads\/2019\/04\/600-tuuli-aktivpyor-558x386.jpg 558w, https:\/\/rantatuuli.fi\/w\/wp-content\/uploads\/2019\/04\/600-tuuli-aktivpyor-24x17.jpg 24w, https:\/\/rantatuuli.fi\/w\/wp-content\/uploads\/2019\/04\/600-tuuli-aktivpyor-36x25.jpg 36w, https:\/\/rantatuuli.fi\/w\/wp-content\/uploads\/2019\/04\/600-tuuli-aktivpyor-48x33.jpg 48w\" sizes=\"(max-width: 600px) 100vw, 600px\" \/> <img class=\"autoimage alignnone size-full wp-image-2861\" src=\"https:\/\/rantatuuli.fi\/w\/wp-content\/uploads\/2019\/04\/600-tuuli-aktivit4.jpg\" alt=\"\" width=\"600\" height=\"400\" srcset=\"https:\/\/rantatuuli.fi\/w\/wp-content\/uploads\/2019\/04\/600-tuuli-aktivit4.jpg 600w, https:\/\/rantatuuli.fi\/w\/wp-content\/uploads\/2019\/04\/600-tuuli-aktivit4-300x200.jpg 300w, https:\/\/rantatuuli.fi\/w\/wp-content\/uploads\/2019\/04\/600-tuuli-aktivit4-558x372.jpg 558w, https:\/\/rantatuuli.fi\/w\/wp-content\/uploads\/2019\/04\/600-tuuli-aktivit4-24x16.jpg 24w, https:\/\/rantatuuli.fi\/w\/wp-content\/uploads\/2019\/04\/600-tuuli-aktivit4-36x24.jpg 36w, https:\/\/rantatuuli.fi\/w\/wp-content\/uploads\/2019\/04\/600-tuuli-aktivit4-48x32.jpg 48w, https:\/\/rantatuuli.fi\/w\/wp-content\/uploads\/2019\/04\/600-tuuli-aktivit4-272x182.jpg 272w\" sizes=\"(max-width: 600px) 100vw, 600px\" \/> <\/p>\r\n<!--------- VASEMMAN REUNAN P\u00c4\u00c4TT\u00d6------------------>\r\n<div class=\"su-divider su-divider-style-vertical-alignbaseline\" style=\"margin:0px 0;border-width:5px;border-color:#dfa60e\"><\/div> <img class=\"centimage\" src=\"https:\/\/rantatuuli.fi\/w\/wp-content\/uploads\/2018\/03\/divider2-300x26.png\" alt=\"\" \/> <img class=\"alignbottom wp-image-2012\" src=\"https:\/\/rantatuuli.fi\/w\/wp-content\/uploads\/2019\/04\/pehmenne.png\" alt=\"\" width=\"100%\" height=\"auto\" srcset=\"https:\/\/rantatuuli.fi\/w\/wp-content\/uploads\/2019\/04\/pehmenne.png 500w, https:\/\/rantatuuli.fi\/w\/wp-content\/uploads\/2019\/04\/pehmenne-300x77.png 300w, https:\/\/rantatuuli.fi\/w\/wp-content\/uploads\/2019\/04\/pehmenne-24x6.png 24w, https:\/\/rantatuuli.fi\/w\/wp-content\/uploads\/2019\/04\/pehmenne-36x9.png 36w, https:\/\/rantatuuli.fi\/w\/wp-content\/uploads\/2019\/04\/pehmenne-48x12.png 48w\" sizes=\"(max-width: 500px) 100vw, 500px\" \/> <\/div><\/div> <div class=\"su-column su-column-size-3-5 oikee\"><div class=\"su-column-inner su-u-clearfix su-u-trim\">\r\n<!--------- OIKEA LAITA \/ TEKSTIALUE ------------------------------>\r\n\r\n<div class=\"su-heading su-heading-style-default su-heading-align-center font-1\" id=\"\" style=\"font-size:30px;margin-bottom:20px\"><div class=\"su-heading-inner\">Saariselk\u00e4 &#8211; Aktivit\u00e4ten und Links<\/div><\/div>\r\n\r\n<h3>Saariselk\u00e4 Skigebiet<\/h3>\r\n<p class=\"linkki\"><a href=\"https:\/\/laplandnorth.fi\/fi\/tietoa-alueesta\/\" target=\"_blank\" rel=\"noopener noreferrer linkki\">InariSaariselk\u00e4 &#8211; als Gebiet<\/a><br \/>\r\n<a href=\"https:\/\/www.luontoon.fi\/en\/destinations\/inari-hiking-area\" target=\"_blank\" rel=\"noopener noreferrer linkki\">luontoon.fi &#8211; Inari  (Natur in der Umgebung)<\/a><br \/>\r\n<a href=\"https:\/\/saariselka.com\/en\/\" target=\"_blank\" rel=\"noopener noreferrer linkki\">Saariselk\u00e4<\/a><br \/>\r\n<a href=\"https:\/\/laplandnorth.fi\/en\/about-the-area\/saariselka\/\" target=\"_blank\" rel=\"noopener noreferrer linkki\">Saariselk\u00e4 &#8211; Sehensw\u00fcrdigkeiten<\/a><br \/>\r\n<a href=\"https:\/\/laplandnorth.fi\/en\/about-the-area\/inari\/\" target=\"_blank\" rel=\"noopener noreferrer linkki\">Inari &#8211; Tourismus<\/a><\/p>\r\n\r\n<h3>Aktivit\u00e4ten <\/h3>\r\n<p class=\"linkki\"><a href=\"https:\/\/laplandnorth.fi\/en\/things-to-do\/\" target=\"_blank\" rel=\"noopener noreferrer linkki\">InariSaariselk\u00e4 &#8211; Aktivit\u00e4ten<\/a><br \/>\r\n<a href=\"https:\/\/www.inarisaariselka.fi\/tapahtumat\/\" target=\"_blank\" rel=\"noopener noreferrer linkki\">InariSaariselk\u00e4 &#8211; Veranstaltungen<\/a><br \/>\r\n<a href=\"https:\/\/saariselka.com\/en\/activities\/\" target=\"_blank\" rel=\"noopener noreferrer linkki\">Saariselk\u00e4 &#8211; Aktivit\u00e4ten<\/a><br \/>\r\n<a href=\"https:\/\/saariselka.com\/en\/info\/activity-enthusiasts\/ target=\"_blank\" rel=\"noopener noreferrer linkki\">Saariselk\u00e4 &#8211;  f\u00fcr Hobbyisten<\/a><br \/>\r\n<br \/><a href=\"https:\/\/laplandnorth.fi\/en\/about-the-area\/ivalo\/\" target=\"_blank\" rel=\"noopener noreferrer linkki\">Ivalo &#8211; Laplandnorth<\/a>\r\n<\/p>\r\n\r\n<h3>Restaurants<\/h3>\r\n<p class=\"linkki\"><a href=\"https:\/\/laplandnorth.fi\/en\/where-to-eat\/\" target=\"_blank\" rel=\"noopener noreferrer linkki\">LaplandNorth &#8211; Restaurants<\/a><br \/>\r\n<a href=\"https:\/\/www.tripadvisor.com\/Restaurants-g667560-Saariselka_Lapland.html\" target=\"_blank\" rel=\"noopener noreferrer linkki\">Saariselk\u00e4 &#8211; Tripadvisor Restaurants<\/a><\/p>\r\n\r\n<h3>Dienstleistungen<\/h3>\r\n<p class=\"linkki\"><a href=\"https:\/\/laplandnorth.fi\/en\/services\/ target=\"_blank\" rel=\"noopener noreferrer linkki\">InariSaariselk\u00e4 &#8211; Dienstleistungen<\/a><\/p>\r\n\r\n<h3>Wetter und Wetterkameras<\/h3>\r\n<p class=\"linkki\"><a href=\"https:\/\/en.ilmatieteenlaitos.fi\/local-weather\/inari\/saariselk%C3%A4\" target=\"_blank\" rel=\"noopener noreferrer linkki\">FMI Wetterseite<\/a><br \/>\r\n<a href=\"https:\/\/www.foreca.com\/107116868\/Saariselka-Inari-Finland\" target=\"_blank\" rel=\"noopener noreferrer linkki\">Foreca Wetter<\/a><br \/>\r\n<a href=\"https:\/\/www.kelikamerat.info\/kelikamerat\/Lappi\/Inari\/tie-4\/vt4_Inari_Saariselk%C3%A4\/Rovaniemelle-C1450402\" target=\"_blank\" rel=\"noopener noreferrer linkki\">Wetterkamera in der N\u00e4he auf VT-4<\/a><br \/>\r\n<a href=\"https:\/\/laplandnorth.fi\/en\/web-cameras\/\" target=\"_blank\" rel=\"noopener noreferrer linkki\">Wetterkameras-Saariselk\u00e4<\/a><\/p>\r\n\r\n<h3>Reisen<\/h3>\r\n<p class=\"linkki\"><a href=\"https:\/\/www.finavia.fi\/en\/airports\/ivalo\" target=\"_blank\" rel=\"noopener noreferrer linkki\">Ivalo &#8211; Flughafen<\/a><\/p>\r\n\r\n<h3>Nachrichten<\/h3>\r\n<p class=\"linkki\"><a href=\"https:\/\/saariselansanomat.fi\/\" target=\"_blank\" rel=\"noopener noreferrer linkki\">Saarisel\u00e4n Sanomat &#8211; lokale Nachrichten (auf Finnisch)<\/a><\/p>\r\n<p><img class=\"centimage\" src=\"https:\/\/rantatuuli.fi\/w\/wp-content\/uploads\/2018\/03\/divider2-300x26.png\" alt=\"\" \/><\/p>\r\n<p class=\"linkki\"><!-- \/wp:html -->\r\n\r\n<\/div><\/div><\/div> \r\n\r\n\r\n<!-- wp:html --><!--------- FOOTTERI ------------------------------>\r\n<div class=\"su-divider su-divider-style-default\" style=\"margin:0px 0;border-width:5px;border-color:#dfa60e\"><\/div> <div class=\"su-row ala\"> <div class=\"su-column su-column-size-1-1 ala su-column-centered\"><div class=\"su-column-inner su-u-clearfix su-u-trim\"><\/p>\r\n<p class=\"font-2 alafontti\">\u2022 +358 (0)400-674 721 \u2022 <a href=\"mailto:reservations@rantatuuli.fi\">reservations@rantatuuli.fi<\/a> \u2022 <a href=\"https:\/\/rantatuuli.fi\/w\/en\/yhteydenotto-2\/\">contact form<\/a> \u2022 <a href=\"https:\/\/rantatuuli.fi\/w\/etusivu\/\">\u00a9 rantatuuli.fi<\/a> \u2022 <\/div><\/div> <\/div> <!-- \/wp:html -->","protected":false},"excerpt":{"rendered":"","protected":false},"author":1,"featured_media":0,"parent":5010,"menu_order":0,"comment_status":"closed","ping_status":"closed","template":"..\/public\/views\/revslider-page-template.php","meta":[],"acf":[],"aioseo_notices":[],"_links":{"self":[{"href":"https:\/\/rantatuuli.fi\/w\/wp-json\/wp\/v2\/pages\/5017"}],"collection":[{"href":"https:\/\/rantatuuli.fi\/w\/wp-json\/wp\/v2\/pages"}],"about":[{"href":"https:\/\/rantatuuli.fi\/w\/wp-json\/wp\/v2\/types\/page"}],"author":[{"embeddable":true,"href":"https:\/\/rantatuuli.fi\/w\/wp-json\/wp\/v2\/users\/1"}],"replies":[{"embeddable":true,"href":"https:\/\/rantatuuli.fi\/w\/wp-json\/wp\/v2\/comments?post=5017"}],"version-history":[{"count":0,"href":"https:\/\/rantatuuli.fi\/w\/wp-json\/wp\/v2\/pages\/5017\/revisions"}],"up":[{"embeddable":true,"href":"https:\/\/rantatuuli.fi\/w\/wp-json\/wp\/v2\/pages\/5010"}],"wp:attachment":[{"href":"https:\/\/rantatuuli.fi\/w\/wp-json\/wp\/v2\/media?parent=5017"}],"curies":[{"name":"wp","href":"https:\/\/api.w.org\/{rel}","templated":true}]}}