{"id":4956,"date":"2025-05-17T03:27:39","date_gmt":"2025-05-17T03:27:39","guid":{"rendered":"https:\/\/rantatuuli.fi\/w\/?page_id=4956"},"modified":"2025-05-25T14:47:27","modified_gmt":"2025-05-25T14:47:27","slug":"tuiskukuru-interior","status":"publish","type":"page","link":"https:\/\/rantatuuli.fi\/w\/en\/tuiskukuru-2\/tuiskukuru-interior\/","title":{"rendered":"Tuiskukuru &#8211; interior and equipment"},"content":{"rendered":"<div class=\"su-row yla\"><div class=\"su-column su-column-size-1-1 su-column-centered\"><div class=\"su-column-inner su-u-clearfix su-u-trim\">\r\n<table width=100%>\r\n<td >\r\n   <p class=\"font-1 ylaotsikko\" style=\"font-size:1.7vw\"><a https:\/\/rantatuuli.fi\/w\/en\/etusivu-2\/\" class=\"ylaotsikko\" >Rantatuuli.fi<\/a><\/p>\r\n    <p class=\"font-2 ylakakkosrivi\" style=\"font-size:1em\">Holiday homes in Finland<\/p>\r\n<\/td>\r\n<td style=\"margins:10px\">\r\n\r\n<div >\r\n  <table>\r\n<tbody>\r\n  <tr>\r\n   <td><a href=\"https:\/\/rantatuuli.fi\/w\/en\/tunturituuli-2\/\" border=\"0\"><img src=\"https:\/\/rantatuuli.fi\/w\/wp-content\/uploads\/2019\/04\/tunturituuli-125.jpg\" width=auto height=auto alt=\"\"class=\"size-full wp-image-2133\" srcset=\"https:\/\/rantatuuli.fi\/w\/wp-content\/uploads\/2019\/04\/tunturituuli-125.jpg 127w, https:\/\/rantatuuli.fi\/w\/wp-content\/uploads\/2019\/04\/tunturituuli-125-24x24.jpg 24w, https:\/\/rantatuuli.fi\/w\/wp-content\/uploads\/2019\/04\/tunturituuli-125-36x36.jpg 36w, https:\/\/rantatuuli.fi\/w\/wp-content\/uploads\/2019\/04\/tunturituuli-125-48x48.jpg 48w\" sizes=\"(max-width: 127px) 100vw, 127px\" \/><br><font style=\"font-size:0.8em\">Saariselk\u00e4<\/font><\/a><\/td>\r\n   <td width=3px><\/td>\r\n  <td><a href=\"https:\/\/rantatuuli.fi\/w\/en\/tunturikoivu-2\/\" border=\"0\"><img src=\"https:\/\/rantatuuli.fi\/w\/wp-content\/uploads\/2019\/04\/tunturikoivu-125.jpg\" width=auto height=auto alt=\"\" class=\"size-full wp-image-2132\" srcset=\"https:\/\/rantatuuli.fi\/w\/wp-content\/uploads\/2019\/04\/tunturikoivu-125.jpg 127w, https:\/\/rantatuuli.fi\/w\/wp-content\/uploads\/2019\/04\/tunturikoivu-125-24x24.jpg 24w, https:\/\/rantatuuli.fi\/w\/wp-content\/uploads\/2019\/04\/tunturikoivu-125-36x36.jpg 36w, https:\/\/rantatuuli.fi\/w\/wp-content\/uploads\/2019\/04\/tunturikoivu-125-48x48.jpg 48w\" sizes=\"(max-width: 127px) 100vw, 127px\" \/><br><font style=\"font-size:0.8em\">Saariselk\u00e4<\/font><\/a><\/td>\r\n  <td width=3px><\/td>\r\n  <td><a href=\"https:\/\/rantatuuli.fi\/w\/en\/tuiskukuru-2\/\" border=\"0\"><img src=\"https:\/\/rantatuuli.fi\/w\/wp-content\/uploads\/2025\/05\/tuiskukuru-125.jpg\" width=auto height=auto alt=\"\" class=\"size-full wp-image-4866\" srcset=\"https:\/\/rantatuuli.fi\/w\/wp-content\/uploads\/2025\/05\/tuiskukuru-125.jpg 127w, https:\/\/rantatuuli.fi\/w\/wp-content\/uploads\/2025\/05\/tuiskukuru-125-24x24.jpg 24w, https:\/\/rantatuuli.fi\/w\/wp-content\/uploads\/2025\/05\/tuiskukuru-125-36x36.jpg 36w, https:\/\/rantatuuli.fi\/w\/wp-content\/uploads\/2025\/05\/tuiskukuru-125-48x48.jpg 48w\" sizes=\"(max-width: 127px) 100vw, 127px\" \/><br><font style=\"font-size:0.8em\">Saariselk\u00e4<\/font><\/a><\/td>\r\n  <td width=3px><\/td>\r\n  <td><a href=\"https:\/\/rantatuuli.fi\/w\/en\/paasisalo-2\/\" border=\"0\"><img src=\"https:\/\/rantatuuli.fi\/w\/wp-content\/uploads\/2019\/04\/paasisalo-125.jpg\" alt=\"\" width=auto height=auto class=\"size-full wp-image-2130\" srcset=\"https:\/\/rantatuuli.fi\/w\/wp-content\/uploads\/2019\/04\/paasisalo-125.jpg 127w, https:\/\/rantatuuli.fi\/w\/wp-content\/uploads\/2019\/04\/paasisalo-125-24x24.jpg 24w, https:\/\/rantatuuli.fi\/w\/wp-content\/uploads\/2019\/04\/paasisalo-125-36x36.jpg 36w, https:\/\/rantatuuli.fi\/w\/wp-content\/uploads\/2019\/04\/paasisalo-125-48x48.jpg 48w\" sizes=\"(max-width: 127px) 100vw, 127px\" \/><br><font style=\"font-size:0.8em\">Kuopio<\/font><\/a><\/td>\r\n  <td width=3px><\/td>\r\n  <td><a href=\"https:\/\/rantatuuli.fi\/w\/en\/vuokatti-2\/\" border=\"0\"><img src=\"https:\/\/rantatuuli.fi\/w\/wp-content\/uploads\/2021\/07\/vuokatti-125.jpg\" alt=\"\" width=auto height=auto class=\"size-full wp-image-2130\" \/><br><font style=\"font-size:0.8em\">Vuokatti<\/font><\/a><\/td>\r\n\r\n  <\/tr><\/tbody><\/table>\r\n\r\n\r\n<\/div>\r\n\r\n<\/td>\r\n<td class=\"kielitd\">\r\n    <div class=\"menulang\"><ul id=\"menu-kielivalikko\" class=\"menu menukieliluokka\"><li id=\"menu-item-3141\" class=\"menu-item menu-item-type-post_type menu-item-object-page menu-item-3141\"><a href=\"https:\/\/rantatuuli.fi\/w\/etusivu\/\" class=\"menu-image-title-hide menu-image-not-hovered\"><span class=\"menu-image-title-hide menu-image-title\">Etusivu<\/span><img width=\"36\" height=\"36\" src=\"https:\/\/rantatuuli.fi\/w\/wp-content\/uploads\/2019\/04\/fi64-36x36.png\" class=\"menu-image menu-image-title-hide\" alt=\"\" \/><\/a><\/li>\n<li id=\"menu-item-3143\" class=\"menu-item menu-item-type-post_type menu-item-object-page menu-item-3143\"><a href=\"https:\/\/rantatuuli.fi\/w\/en\/etusivu-2\/\" class=\"menu-image-title-hide menu-image-not-hovered\"><span class=\"menu-image-title-hide menu-image-title\">Homepage<\/span><img width=\"36\" height=\"36\" src=\"https:\/\/rantatuuli.fi\/w\/wp-content\/uploads\/2019\/04\/uk64-36x36.png\" class=\"menu-image menu-image-title-hide\" alt=\"\" \/><\/a><\/li>\n<li id=\"menu-item-3144\" class=\"menu-item menu-item-type-post_type menu-item-object-page menu-item-3144\"><a href=\"https:\/\/rantatuuli.fi\/w\/de\/etusivu-3\/\" class=\"menu-image-title-hide menu-image-not-hovered\"><span class=\"menu-image-title-hide menu-image-title\">Startseite<\/span><img width=\"36\" height=\"36\" src=\"https:\/\/rantatuuli.fi\/w\/wp-content\/uploads\/2019\/04\/de64-36x36.png\" class=\"menu-image menu-image-title-hide\" alt=\"\" \/><\/a><\/li>\n<li id=\"menu-item-3145\" class=\"menu-item menu-item-type-post_type menu-item-object-page menu-item-3145\"><a href=\"https:\/\/rantatuuli.fi\/w\/ru\/etusivu-4\/\" class=\"menu-image-title-hide menu-image-not-hovered\"><span class=\"menu-image-title-hide menu-image-title\">\u0434\u043e\u043c\u0430\u0448\u043d\u044f\u044f \u0441\u0442\u0440\u0430\u043d\u0438\u0446\u0430<\/span><img width=\"36\" height=\"36\" src=\"https:\/\/rantatuuli.fi\/w\/wp-content\/uploads\/2019\/04\/ru64-36x36.png\" class=\"menu-image menu-image-title-hide\" alt=\"\" \/><\/a><\/li>\n<li id=\"menu-item-3142\" class=\"menu-item menu-item-type-post_type menu-item-object-page menu-item-3142\"><a href=\"https:\/\/rantatuuli.fi\/w\/nn\/etusivu-5\/\" class=\"menu-image-title-hide menu-image-not-hovered\"><span class=\"menu-image-title-hide menu-image-title\">Hjemmeside<\/span><img width=\"36\" height=\"36\" src=\"https:\/\/rantatuuli.fi\/w\/wp-content\/uploads\/2019\/04\/flag_NOR-36x36.png\" class=\"menu-image menu-image-title-hide\" alt=\"\" \/><\/a><\/li>\n<\/ul><\/div>\r\n<\/td>\r\n<\/td><\/table>\r\n<\/div><\/div><\/div>\r\n\r\n<div class=\"su-row slaidirow\"><div class=\"su-divider su-divider-style-default viiva\" style=\"margin:0px 0;border-width:5px;border-color:#dfa60e\"><\/div> <div id=\"metaslider-id-4816\" style=\"width: 100%;\" class=\"ml-slider-3-104-0 metaslider metaslider-nivo metaslider-4816 ml-slider ms-theme-default-base\" role=\"region\" aria-label=\"Tuiskukuru\" data-height=\"550\" data-width=\"1920\">\n    <div id=\"metaslider_container_4816\">\n        <div class='slider-wrapper theme-default'><div class='ribbon'><\/div><div id='metaslider_4816' class='nivoSlider'><img src=\"https:\/\/rantatuuli.fi\/w\/wp-content\/uploads\/2025\/05\/Tuiskukuru-WD-01.jpg\" height=\"550\" width=\"1920\" title=\"Tuiskukuru-WD-01\" alt=\"\" class=\"slider-4816 slide-4840 msDefaultImage\" data-no-lazy=\"1\" \/><img src=\"https:\/\/rantatuuli.fi\/w\/wp-content\/uploads\/2025\/05\/Tuiskukuru-WD-02.jpg\" height=\"550\" width=\"1920\" title=\"Tuiskukuru-WD-02\" alt=\"\" class=\"slider-4816 slide-4861 msDefaultImage\" data-no-lazy=\"1\" \/><img src=\"https:\/\/rantatuuli.fi\/w\/wp-content\/uploads\/2025\/05\/Tuiskukuru-WD-21.jpg\" height=\"550\" width=\"1920\" title=\"Tuiskukuru-WD-21\" alt=\"\" class=\"slider-4816 slide-4842 msDefaultImage\" data-no-lazy=\"1\" \/><img src=\"https:\/\/rantatuuli.fi\/w\/wp-content\/uploads\/2025\/05\/Tuiskukuru-WD-20.jpg\" height=\"550\" width=\"1920\" title=\"Tuiskukuru-WD-20\" alt=\"\" class=\"slider-4816 slide-4843 msDefaultImage\" data-no-lazy=\"1\" \/><img src=\"https:\/\/rantatuuli.fi\/w\/wp-content\/uploads\/2025\/05\/Tuiskukuru-WD-19.jpg\" height=\"550\" width=\"1920\" title=\"Tuiskukuru-WD-19\" alt=\"\" class=\"slider-4816 slide-4844 msDefaultImage\" data-no-lazy=\"1\" \/><img src=\"https:\/\/rantatuuli.fi\/w\/wp-content\/uploads\/2025\/05\/Tuiskukuru-WD-06.jpg\" height=\"550\" width=\"1920\" title=\"Tuiskukuru-WD-06\" alt=\"\" class=\"slider-4816 slide-4857 msDefaultImage\" data-no-lazy=\"1\" \/><img src=\"https:\/\/rantatuuli.fi\/w\/wp-content\/uploads\/2025\/05\/Tuiskukuru-WD-03.jpg\" height=\"550\" width=\"1920\" title=\"Tuiskukuru-WD-03\" alt=\"\" class=\"slider-4816 slide-4860 msDefaultImage\" data-no-lazy=\"1\" \/><img src=\"https:\/\/rantatuuli.fi\/w\/wp-content\/uploads\/2025\/05\/Tuiskukuru-WD-05.jpg\" height=\"550\" width=\"1920\" title=\"Tuiskukuru-WD-05\" alt=\"\" class=\"slider-4816 slide-4858 msDefaultImage\" data-no-lazy=\"1\" \/><img src=\"https:\/\/rantatuuli.fi\/w\/wp-content\/uploads\/2025\/05\/Tuiskukuru-WD-15.jpg\" height=\"550\" width=\"1920\" title=\"Tuiskukuru-WD-15\" alt=\"\" class=\"slider-4816 slide-4848 msDefaultImage\" data-no-lazy=\"1\" \/><img src=\"https:\/\/rantatuuli.fi\/w\/wp-content\/uploads\/2025\/05\/Tuiskukuru-WD-14.jpg\" height=\"550\" width=\"1920\" title=\"Tuiskukuru-WD-14\" alt=\"\" class=\"slider-4816 slide-4849 msDefaultImage\" data-no-lazy=\"1\" \/><img src=\"https:\/\/rantatuuli.fi\/w\/wp-content\/uploads\/2025\/05\/Tuiskukuru-WD-13.jpg\" height=\"550\" width=\"1920\" title=\"Tuiskukuru-WD-13\" alt=\"\" class=\"slider-4816 slide-4850 msDefaultImage\" data-no-lazy=\"1\" \/><img src=\"https:\/\/rantatuuli.fi\/w\/wp-content\/uploads\/2025\/05\/Tuiskukuru-WD-12.jpg\" height=\"550\" width=\"1920\" title=\"Tuiskukuru-WD-12\" alt=\"\" class=\"slider-4816 slide-4851 msDefaultImage\" data-no-lazy=\"1\" \/><img src=\"https:\/\/rantatuuli.fi\/w\/wp-content\/uploads\/2025\/05\/Tuiskukuru-WD-11.jpg\" height=\"550\" width=\"1920\" title=\"Tuiskukuru-WD-11\" alt=\"\" class=\"slider-4816 slide-4852 msDefaultImage\" data-no-lazy=\"1\" \/><img src=\"https:\/\/rantatuuli.fi\/w\/wp-content\/uploads\/2025\/05\/Tuiskukuru-WD-04.jpg\" height=\"550\" width=\"1920\" title=\"Tuiskukuru-WD-04\" alt=\"\" class=\"slider-4816 slide-4859 msDefaultImage\" data-no-lazy=\"1\" \/><img src=\"https:\/\/rantatuuli.fi\/w\/wp-content\/uploads\/2025\/05\/Tuiskukuru-WD-08.jpg\" height=\"550\" width=\"1920\" title=\"Tuiskukuru-WD-08\" alt=\"\" class=\"slider-4816 slide-4855 msDefaultImage\" data-no-lazy=\"1\" \/><img src=\"https:\/\/rantatuuli.fi\/w\/wp-content\/uploads\/2025\/05\/Tuiskukuru-WD-10.jpg\" height=\"550\" width=\"1920\" title=\"Tuiskukuru-WD-10\" alt=\"\" class=\"slider-4816 slide-4853 msDefaultImage\" data-no-lazy=\"1\" \/><img src=\"https:\/\/rantatuuli.fi\/w\/wp-content\/uploads\/2025\/05\/Tuiskukuru-WD-09.jpg\" height=\"550\" width=\"1920\" title=\"Tuiskukuru-WD-09\" alt=\"\" class=\"slider-4816 slide-4854 msDefaultImage\" data-no-lazy=\"1\" \/><img src=\"https:\/\/rantatuuli.fi\/w\/wp-content\/uploads\/2025\/05\/Tuiskukuru-WD-07.jpg\" height=\"550\" width=\"1920\" title=\"Tuiskukuru-WD-07\" alt=\"\" class=\"slider-4816 slide-4856 msDefaultImage\" data-no-lazy=\"1\" \/><img src=\"https:\/\/rantatuuli.fi\/w\/wp-content\/uploads\/2025\/05\/Tuiskukuru-WD-18.jpg\" height=\"550\" width=\"1920\" title=\"Tuiskukuru-WD-18\" alt=\"\" class=\"slider-4816 slide-4845 msDefaultImage\" data-no-lazy=\"1\" \/><img src=\"https:\/\/rantatuuli.fi\/w\/wp-content\/uploads\/2025\/05\/Tuiskukuru-WD-22.jpg\" height=\"550\" width=\"1920\" title=\"Tuiskukuru-WD-22\" alt=\"\" class=\"slider-4816 slide-4841 msDefaultImage\" data-no-lazy=\"1\" \/><img src=\"https:\/\/rantatuuli.fi\/w\/wp-content\/uploads\/2025\/05\/Tuiskukuru-WD-16.jpg\" height=\"550\" width=\"1920\" title=\"Tuiskukuru-WD-16\" alt=\"\" class=\"slider-4816 slide-4847 msDefaultImage\" data-no-lazy=\"1\" \/><img src=\"https:\/\/rantatuuli.fi\/w\/wp-content\/uploads\/2025\/05\/Tuiskukuru-WD-17.jpg\" height=\"550\" width=\"1920\" title=\"Tuiskukuru-WD-17\" alt=\"\" class=\"slider-4816 slide-4846 msDefaultImage\" data-no-lazy=\"1\" \/><\/div><\/div>\n        \n    <\/div>\n<\/div><div class=\"su-divider su-divider-style-default\" style=\"margin:0px 0;border-width:5px;border-color:#dfa60e\"><\/div><\/div> <div class=\"su-row\">\r\n\r\n<!---- HEADER P\u00c4\u00c4TTYY ------------------------------------------------------------------------------------------------>\r\n\r\n\r\n\r\n\r\n<!--------- VASEN LAITA JA MENU------------------>\r\n<div class=\"su-column su-column-size-2-5 vasen\"><div class=\"su-column-inner su-u-clearfix su-u-trim\">\r\n<div class=\"su-divider su-divider-style-margin-bottom0px viiva\" style=\"margin:0px 0;border-width:5px;border-color:#dfa60e\"><\/div>\r\n\r\n<div class=\"menutausta\">\r\n<h2 class=\"vasenmenuotsikko ylavalikkofontti \">Tuiskukuru 1 &amp; 2 Saariselk\u00e4, Lapland<\/h2>\r\n<ul id=\"menu-tuiskukuru_eng\" class=\"menu ylavalikkofontti vasenmenu\"><li id=\"menu-item-4955\" class=\"menu-item menu-item-type-post_type menu-item-object-page menu-item-4955\"><a href=\"https:\/\/rantatuuli.fi\/w\/en\/tuiskukuru-2\/\">Tuiskukuru A &#038; B<\/a><\/li>\n<li id=\"menu-item-4959\" class=\"menu-item menu-item-type-post_type menu-item-object-page menu-item-4959\"><a href=\"https:\/\/rantatuuli.fi\/w\/en\/tuiskukuru-2\/tuiskukuru-interior\/\">Tuiskukuru \u2013 interior and equipment<\/a><\/li>\n<li id=\"menu-item-4977\" class=\"menu-item menu-item-type-post_type menu-item-object-page menu-item-4977\"><a href=\"https:\/\/rantatuuli.fi\/w\/en\/tuiskukuru-2\/tuiskukuru-activities-and-links\/\">Tuiskukuru \u2013 activities and links<\/a><\/li>\n<li id=\"menu-item-5036\" class=\"menu-item menu-item-type-post_type menu-item-object-page menu-item-5036\"><a href=\"https:\/\/rantatuuli.fi\/w\/en\/tuiskukuru-2\/tuiskukuru-booking\/\">Tuiskukuru  \u2013 booking<\/a><\/li>\n<li id=\"menu-item-4978\" class=\"menu-item menu-item-type-post_type menu-item-object-wpape_gallery_type menu-item-4978\"><a href=\"https:\/\/rantatuuli.fi\/w\/ape_gallery\/tuiskukuru-gallery\/\">Tuiskukuru \u2013 gallery<\/a><\/li>\n<\/ul>\r\n<\/div>\r\n\r\n<div class=\"su-divider su-divider-style-default viiva\" style=\"margin:0px 0;border-width:5px;border-color:#dfa60e\"><\/div>\r\n\r\n<p><!--------- VASEMMAT KUVAT ------------------>\r\n<img src=\"https:\/\/rantatuuli.fi\/w\/wp-content\/uploads\/2025\/05\/407_600_-3.jpg\" alt=\"\" width=\"600\" height=\"400\" class=\"autoimage alignnone size-full wp-image-4790\" srcset=\"https:\/\/rantatuuli.fi\/w\/wp-content\/uploads\/2025\/05\/407_600_-3.jpg 600w, https:\/\/rantatuuli.fi\/w\/wp-content\/uploads\/2025\/05\/407_600_-3-300x200.jpg 300w, https:\/\/rantatuuli.fi\/w\/wp-content\/uploads\/2025\/05\/407_600_-3-558x372.jpg 558w, https:\/\/rantatuuli.fi\/w\/wp-content\/uploads\/2025\/05\/407_600_-3-24x16.jpg 24w, https:\/\/rantatuuli.fi\/w\/wp-content\/uploads\/2025\/05\/407_600_-3-36x24.jpg 36w, https:\/\/rantatuuli.fi\/w\/wp-content\/uploads\/2025\/05\/407_600_-3-48x32.jpg 48w\" sizes=\"(max-width: 600px) 100vw, 600px\" \/>\r\n<img src=\"https:\/\/rantatuuli.fi\/w\/wp-content\/uploads\/2025\/05\/407_600_-1.jpg\" alt=\"\" width=\"600\" height=\"400\" class=\"autoimage alignnone size-full wp-image-4789\" srcset=\"https:\/\/rantatuuli.fi\/w\/wp-content\/uploads\/2025\/05\/407_600_-1.jpg 600w, https:\/\/rantatuuli.fi\/w\/wp-content\/uploads\/2025\/05\/407_600_-1-300x200.jpg 300w, https:\/\/rantatuuli.fi\/w\/wp-content\/uploads\/2025\/05\/407_600_-1-558x372.jpg 558w, https:\/\/rantatuuli.fi\/w\/wp-content\/uploads\/2025\/05\/407_600_-1-24x16.jpg 24w, https:\/\/rantatuuli.fi\/w\/wp-content\/uploads\/2025\/05\/407_600_-1-36x24.jpg 36w, https:\/\/rantatuuli.fi\/w\/wp-content\/uploads\/2025\/05\/407_600_-1-48x32.jpg 48w\" sizes=\"(max-width: 600px) 100vw, 600px\" \/>\r\n<img src=\"https:\/\/rantatuuli.fi\/w\/wp-content\/uploads\/2025\/05\/407_600_-5.jpg\" alt=\"\" width=\"600\" height=\"400\" class=\"autoimage alignnone size-full wp-image-4792\" srcset=\"https:\/\/rantatuuli.fi\/w\/wp-content\/uploads\/2025\/05\/407_600_-5.jpg 600w, https:\/\/rantatuuli.fi\/w\/wp-content\/uploads\/2025\/05\/407_600_-5-300x200.jpg 300w, https:\/\/rantatuuli.fi\/w\/wp-content\/uploads\/2025\/05\/407_600_-5-558x372.jpg 558w, https:\/\/rantatuuli.fi\/w\/wp-content\/uploads\/2025\/05\/407_600_-5-24x16.jpg 24w, https:\/\/rantatuuli.fi\/w\/wp-content\/uploads\/2025\/05\/407_600_-5-36x24.jpg 36w, https:\/\/rantatuuli.fi\/w\/wp-content\/uploads\/2025\/05\/407_600_-5-48x32.jpg 48w\" sizes=\"(max-width: 600px) 100vw, 600px\" \/>\r\n<img src=\"https:\/\/rantatuuli.fi\/w\/wp-content\/uploads\/2025\/05\/407_600_-8.jpg\" alt=\"\" width=\"600\" height=\"400\" class=\"autoimage alignnone size-full wp-image-4795\" srcset=\"https:\/\/rantatuuli.fi\/w\/wp-content\/uploads\/2025\/05\/407_600_-8.jpg 600w, https:\/\/rantatuuli.fi\/w\/wp-content\/uploads\/2025\/05\/407_600_-8-300x200.jpg 300w, https:\/\/rantatuuli.fi\/w\/wp-content\/uploads\/2025\/05\/407_600_-8-558x372.jpg 558w, https:\/\/rantatuuli.fi\/w\/wp-content\/uploads\/2025\/05\/407_600_-8-24x16.jpg 24w, https:\/\/rantatuuli.fi\/w\/wp-content\/uploads\/2025\/05\/407_600_-8-36x24.jpg 36w, https:\/\/rantatuuli.fi\/w\/wp-content\/uploads\/2025\/05\/407_600_-8-48x32.jpg 48w\" sizes=\"(max-width: 600px) 100vw, 600px\" \/>\r\n<img src=\"https:\/\/rantatuuli.fi\/w\/wp-content\/uploads\/2025\/05\/406_600_-9.jpg\" alt=\"\" width=\"600\" height=\"400\" class=\"autoimage alignnone size-full wp-image-4808\" srcset=\"https:\/\/rantatuuli.fi\/w\/wp-content\/uploads\/2025\/05\/406_600_-9.jpg 600w, https:\/\/rantatuuli.fi\/w\/wp-content\/uploads\/2025\/05\/406_600_-9-300x200.jpg 300w, https:\/\/rantatuuli.fi\/w\/wp-content\/uploads\/2025\/05\/406_600_-9-558x372.jpg 558w, https:\/\/rantatuuli.fi\/w\/wp-content\/uploads\/2025\/05\/406_600_-9-24x16.jpg 24w, https:\/\/rantatuuli.fi\/w\/wp-content\/uploads\/2025\/05\/406_600_-9-36x24.jpg 36w, https:\/\/rantatuuli.fi\/w\/wp-content\/uploads\/2025\/05\/406_600_-9-48x32.jpg 48w\" sizes=\"(max-width: 600px) 100vw, 600px\" \/>\r\n<img src=\"https:\/\/rantatuuli.fi\/w\/wp-content\/uploads\/2025\/05\/406_600_-12.jpg\" alt=\"\" width=\"600\" height=\"400\" class=\"autoimage alignnone size-full wp-image-4811\" srcset=\"https:\/\/rantatuuli.fi\/w\/wp-content\/uploads\/2025\/05\/406_600_-12.jpg 600w, https:\/\/rantatuuli.fi\/w\/wp-content\/uploads\/2025\/05\/406_600_-12-300x200.jpg 300w, https:\/\/rantatuuli.fi\/w\/wp-content\/uploads\/2025\/05\/406_600_-12-558x372.jpg 558w, https:\/\/rantatuuli.fi\/w\/wp-content\/uploads\/2025\/05\/406_600_-12-24x16.jpg 24w, https:\/\/rantatuuli.fi\/w\/wp-content\/uploads\/2025\/05\/406_600_-12-36x24.jpg 36w, https:\/\/rantatuuli.fi\/w\/wp-content\/uploads\/2025\/05\/406_600_-12-48x32.jpg 48w\" sizes=\"(max-width: 600px) 100vw, 600px\" \/>\r\n\r\n\r\n<!--------- VASEMMAN REUNAN P\u00c4\u00c4TT\u00d6------------------>\r\n<div class=\"su-divider su-divider-style-vertical-alignbaseline\" style=\"margin:0px 0;border-width:5px;border-color:#dfa60e\"><\/div> <img class=\"centimage\" src=\"https:\/\/rantatuuli.fi\/w\/wp-content\/uploads\/2018\/03\/divider2-300x26.png\" alt=\"\" \/> <img class=\"alignbottom wp-image-2012\" src=\"https:\/\/rantatuuli.fi\/w\/wp-content\/uploads\/2019\/04\/pehmenne.png\" alt=\"\" width=\"100%\" height=\"auto\" srcset=\"https:\/\/rantatuuli.fi\/w\/wp-content\/uploads\/2019\/04\/pehmenne.png 500w, https:\/\/rantatuuli.fi\/w\/wp-content\/uploads\/2019\/04\/pehmenne-300x77.png 300w, https:\/\/rantatuuli.fi\/w\/wp-content\/uploads\/2019\/04\/pehmenne-24x6.png 24w, https:\/\/rantatuuli.fi\/w\/wp-content\/uploads\/2019\/04\/pehmenne-36x9.png 36w, https:\/\/rantatuuli.fi\/w\/wp-content\/uploads\/2019\/04\/pehmenne-48x12.png 48w\" sizes=\"(max-width: 500px) 100vw, 500px\" \/> \r\n<\/div><\/div> \r\n<div class=\"su-column su-column-size-3-5 oikee\"><div class=\"su-column-inner su-u-clearfix su-u-trim\">\r\n\r\n<!--------- OIKEA LAITA \/ TEKSTIALUE ------------------------------>\r\n<div class=\"su-heading su-heading-style-default su-heading-align-center font-1\" id=\"\" style=\"font-size:30px;margin-bottom:20px\"><div class=\"su-heading-inner\">Tuiskukuru &#8211; interior and equipment<\/div><\/div> \r\n<img src=\"https:\/\/rantatuuli.fi\/w\/wp-content\/uploads\/2025\/05\/Tuiskukuru-PLAN-kerrokset-1200-926x1024.jpg\" alt=\"\" width=\"926\" height=\"1024\" class=\"aligncenter size-large wp-image-4869\" srcset=\"https:\/\/rantatuuli.fi\/w\/wp-content\/uploads\/2025\/05\/Tuiskukuru-PLAN-kerrokset-1200-926x1024.jpg 926w, https:\/\/rantatuuli.fi\/w\/wp-content\/uploads\/2025\/05\/Tuiskukuru-PLAN-kerrokset-1200-271x300.jpg 271w, https:\/\/rantatuuli.fi\/w\/wp-content\/uploads\/2025\/05\/Tuiskukuru-PLAN-kerrokset-1200-768x849.jpg 768w, https:\/\/rantatuuli.fi\/w\/wp-content\/uploads\/2025\/05\/Tuiskukuru-PLAN-kerrokset-1200-1116x1234.jpg 1116w, https:\/\/rantatuuli.fi\/w\/wp-content\/uploads\/2025\/05\/Tuiskukuru-PLAN-kerrokset-1200-806x891.jpg 806w, https:\/\/rantatuuli.fi\/w\/wp-content\/uploads\/2025\/05\/Tuiskukuru-PLAN-kerrokset-1200-558x617.jpg 558w, https:\/\/rantatuuli.fi\/w\/wp-content\/uploads\/2025\/05\/Tuiskukuru-PLAN-kerrokset-1200-655x724.jpg 655w, https:\/\/rantatuuli.fi\/w\/wp-content\/uploads\/2025\/05\/Tuiskukuru-PLAN-kerrokset-1200-22x24.jpg 22w, https:\/\/rantatuuli.fi\/w\/wp-content\/uploads\/2025\/05\/Tuiskukuru-PLAN-kerrokset-1200-33x36.jpg 33w, https:\/\/rantatuuli.fi\/w\/wp-content\/uploads\/2025\/05\/Tuiskukuru-PLAN-kerrokset-1200-43x48.jpg 43w, https:\/\/rantatuuli.fi\/w\/wp-content\/uploads\/2025\/05\/Tuiskukuru-PLAN-kerrokset-1200.jpg 1200w\" sizes=\"(max-width: 926px) 100vw, 926px\" \/>\r\n\r\n<p>\r\n All three bedrooms are located on the entrance level. Each bedroom features two 80 cm wide beds. The sofa bed in the living area provides an additional sleeping option, accommodating one extra guest. The maximum occupancy is 6+1. <\/p>\r\n<p>\r\nOn the ground floor, you\u2019ll find a sauna, a washroom, a fireplace room, and a WC. The sauna has access to a small terrace, perfect for cooling off and enjoying the fresh outdoor air. For added convenience, there is a second WC upstairs to make your holiday even more comfortable. <\/p>\r\n<p>\r\nThere is a gym in between the apartments downstairs. To use it you will need to request separately as an extra, as it is not included in rental price.\r\n<\/p>\r\n<p>\r\n<img style=\"display: block; margin-left: auto; margin-right: auto;\" src=\"https:\/\/rantatuuli.fi\/w\/wp-content\/uploads\/2018\/03\/divider2-300x26.png\" alt=\"\" \/><\/p>\r\n<div class=\"su-heading su-heading-style-default su-heading-align-center font-1\" id=\"\" style=\"font-size:30px;margin-bottom:20px\"><div class=\"su-heading-inner\">Equipment<\/div><\/div> \r\n<p>\r\n<h2> 6 + 1 persons, 80 m\u00b2, 3 bedrooms<\/h2>\r\n<ul>\r\n  \t<li>\u2022 Bed linen and towels included in the price<\/li>\r\n  \t<li>\u2022 Final cleaning included in the price<\/li>\r\n  \t<li>\u2022 Electric lighting<\/li>\r\n  \t<li>\u2022 Geothermal energy<\/li>\r\n  \t<li>\u2022 Heat-storing fireplace<\/li>\r\n  \t<li>\u2022 Water pipe from the municipal network<\/li>\r\n  \t<li>\u2022 Shower in sauna<\/li>\r\n  \t<li>\u2022 Electric sauna\/li>\r\n  \t<li>\u2022 Number of toilets: 2\u00a0<\/li>\r\n  \t<li>\u2022 Ceramic hob<\/li>\r\n  \t<li>\u2022 Fridge with small freezer compartment<\/li>\r\n  \t<li>\u2022 Microwave oven<\/li>\r\n  \t<li>\u2022 Dishwasher<\/li>\r\n  \t<li>\u2022 Washing machine<\/li>\r\n  \t<li>\u2022 Drying cabinet<\/li>\r\n  \t<li>\u2022 TV<\/li>\r\n  \t<li>\u2022 Wi-fi<\/li>\r\n  \t<li>\u2022 Baby cot on request at additional cost<\/li>\r\n  \t<li>\u2022 High chair for baby feeding on request at additional cost<\/li>\r\n  \t<li>\u2022 2 car heating sockets<\/li>\r\n  \t<li>\u2022 Electric car charging prohibited<\/li>\r\n  \t<li>\u2022 Ski maintenance room<\/li>\r\n  \t<li>\u2022 Smoke detector in the living room<\/li>\r\n  \t<li>\u2022 Smoke detector in sleeping areas<\/li>\r\n  \t<li>\u2022 Fire extinguisher<\/li>\r\n  \t<li>\u2022 Fire blanket<\/li>\r\n<\/ul>\r\n\r\n<\/p><!-- \/wp:html -->\r\n<\/div><\/div><\/div> \r\n\r\n<!-- wp:html --><!--------- FOOTTERI ------------------------------>\r\n<div class=\"su-divider su-divider-style-default\" style=\"margin:0px 0;border-width:5px;border-color:#dfa60e\"><\/div> <div class=\"su-row ala\"> <div class=\"su-column su-column-size-1-1 ala su-column-centered\"><div class=\"su-column-inner su-u-clearfix su-u-trim\"><\/p>\r\n<p class=\"font-2 alafontti\">\u2022 +358 (0)400-674 721 \u2022 <a href=\"mailto:reservations@rantatuuli.fi\">reservations@rantatuuli.fi<\/a> \u2022 <a href=\"https:\/\/rantatuuli.fi\/w\/en\/yhteydenotto-2\/\">contact form<\/a> \u2022 <a href=\"https:\/\/rantatuuli.fi\/w\/etusivu\/\">\u00a9 rantatuuli.fi<\/a> \u2022 <\/div><\/div> <\/div> <!-- \/wp:html -->","protected":false},"excerpt":{"rendered":"","protected":false},"author":1,"featured_media":0,"parent":4949,"menu_order":0,"comment_status":"closed","ping_status":"closed","template":"..\/public\/views\/revslider-page-template.php","meta":[],"acf":[],"aioseo_notices":[],"_links":{"self":[{"href":"https:\/\/rantatuuli.fi\/w\/wp-json\/wp\/v2\/pages\/4956"}],"collection":[{"href":"https:\/\/rantatuuli.fi\/w\/wp-json\/wp\/v2\/pages"}],"about":[{"href":"https:\/\/rantatuuli.fi\/w\/wp-json\/wp\/v2\/types\/page"}],"author":[{"embeddable":true,"href":"https:\/\/rantatuuli.fi\/w\/wp-json\/wp\/v2\/users\/1"}],"replies":[{"embeddable":true,"href":"https:\/\/rantatuuli.fi\/w\/wp-json\/wp\/v2\/comments?post=4956"}],"version-history":[{"count":0,"href":"https:\/\/rantatuuli.fi\/w\/wp-json\/wp\/v2\/pages\/4956\/revisions"}],"up":[{"embeddable":true,"href":"https:\/\/rantatuuli.fi\/w\/wp-json\/wp\/v2\/pages\/4949"}],"wp:attachment":[{"href":"https:\/\/rantatuuli.fi\/w\/wp-json\/wp\/v2\/media?parent=4956"}],"curies":[{"name":"wp","href":"https:\/\/api.w.org\/{rel}","templated":true}]}}