{"id":4868,"date":"2025-05-15T03:59:51","date_gmt":"2025-05-15T03:59:51","guid":{"rendered":"https:\/\/rantatuuli.fi\/w\/?page_id=4868"},"modified":"2025-05-25T13:33:49","modified_gmt":"2025-05-25T13:33:49","slug":"varusteet","status":"publish","type":"page","link":"https:\/\/rantatuuli.fi\/w\/tuiskukuru\/varusteet\/","title":{"rendered":"Tuiskukuru  &#8211; sis\u00e4tilat ja varusteet"},"content":{"rendered":"<div class=\"su-row yla\"><div class=\"su-column su-column-size-1-1 su-column-centered\"><div class=\"su-column-inner su-u-clearfix su-u-trim\">\r\n<table width=100%>\r\n<td >\r\n   <p class=\"font-1 ylaotsikko\" style=\"font-size:1.7vw\"><a href=\"https:\/\/rantatuuli.fi\" class=\"ylaotsikko\" >Rantatuuli.fi<\/a><\/p>\r\n    <p class=\"font-2 ylakakkosrivi\" style=\"font-size:1vw\">Lomam\u00f6kit ja huoneistot<\/p>\r\n<\/td>\r\n<td style=\"margins:10px\">\r\n\r\n<div >\r\n  <table>\r\n<tbody>\r\n  <tr>\r\n   <td><a href=\"https:\/\/rantatuuli.fi\/w\/tunturituuli\/\" border=\"0\"><img src=\"https:\/\/rantatuuli.fi\/w\/wp-content\/uploads\/2019\/04\/tunturituuli-125.jpg\" width=auto height=auto alt=\"\"class=\"size-full wp-image-2133\" srcset=\"https:\/\/rantatuuli.fi\/w\/wp-content\/uploads\/2019\/04\/tunturituuli-125.jpg 127w, https:\/\/rantatuuli.fi\/w\/wp-content\/uploads\/2019\/04\/tunturituuli-125-24x24.jpg 24w, https:\/\/rantatuuli.fi\/w\/wp-content\/uploads\/2019\/04\/tunturituuli-125-36x36.jpg 36w, https:\/\/rantatuuli.fi\/w\/wp-content\/uploads\/2019\/04\/tunturituuli-125-48x48.jpg 48w\" sizes=\"(max-width: 127px) 100vw, 127px\" \/><br><font style=\"font-size:0.8em\">Saariselk\u00e4<\/font><\/a><\/td>\r\n   <td width=3px><\/td>\r\n  <td><a href=\"https:\/\/rantatuuli.fi\/w\/tunturikoivu\/\" border=\"0\"><img src=\"https:\/\/rantatuuli.fi\/w\/wp-content\/uploads\/2019\/04\/tunturikoivu-125.jpg\" width=auto height=auto alt=\"\" class=\"size-full wp-image-2132\" srcset=\"https:\/\/rantatuuli.fi\/w\/wp-content\/uploads\/2019\/04\/tunturikoivu-125.jpg 127w, https:\/\/rantatuuli.fi\/w\/wp-content\/uploads\/2019\/04\/tunturikoivu-125-24x24.jpg 24w, https:\/\/rantatuuli.fi\/w\/wp-content\/uploads\/2019\/04\/tunturikoivu-125-36x36.jpg 36w, https:\/\/rantatuuli.fi\/w\/wp-content\/uploads\/2019\/04\/tunturikoivu-125-48x48.jpg 48w\" sizes=\"(max-width: 127px) 100vw, 127px\" \/><br><font style=\"font-size:0.8em\">Saariselk\u00e4<\/font><\/a><\/td>\r\n  <td width=3px><\/td>\r\n  <td><a href=\"https:\/\/rantatuuli.fi\/w\/tuiskukuru\/\" border=\"0\"><img src=\"https:\/\/rantatuuli.fi\/w\/wp-content\/uploads\/2025\/05\/tuiskukuru-125.jpg\" width=auto height=auto alt=\"\" class=\"size-full wp-image-4866\" srcset=\"https:\/\/rantatuuli.fi\/w\/wp-content\/uploads\/2025\/05\/tuiskukuru-125.jpg 127w, https:\/\/rantatuuli.fi\/w\/wp-content\/uploads\/2025\/05\/tuiskukuru-125-24x24.jpg 24w, https:\/\/rantatuuli.fi\/w\/wp-content\/uploads\/2025\/05\/tuiskukuru-125-36x36.jpg 36w, https:\/\/rantatuuli.fi\/w\/wp-content\/uploads\/2025\/05\/tuiskukuru-125-48x48.jpg 48w\" sizes=\"(max-width: 127px) 100vw, 127px\" \/><br><font style=\"font-size:0.8em\">Saariselk\u00e4<\/font><\/a><\/td>\r\n  <td width=3px><\/td>\r\n  <td><a href=\"https:\/\/rantatuuli.fi\/w\/paasisalo\/\" border=\"0\"><img src=\"https:\/\/rantatuuli.fi\/w\/wp-content\/uploads\/2019\/04\/paasisalo-125.jpg\" alt=\"\" width=auto height=auto class=\"size-full wp-image-2130\" srcset=\"https:\/\/rantatuuli.fi\/w\/wp-content\/uploads\/2019\/04\/paasisalo-125.jpg 127w, https:\/\/rantatuuli.fi\/w\/wp-content\/uploads\/2019\/04\/paasisalo-125-24x24.jpg 24w, https:\/\/rantatuuli.fi\/w\/wp-content\/uploads\/2019\/04\/paasisalo-125-36x36.jpg 36w, https:\/\/rantatuuli.fi\/w\/wp-content\/uploads\/2019\/04\/paasisalo-125-48x48.jpg 48w\" sizes=\"(max-width: 127px) 100vw, 127px\" \/><br><font style=\"font-size:0.8em\">Kuopio<\/font><\/a><\/td>\r\n  <td width=3px><\/td>\r\n  <td><a href=\"https:\/\/rantatuuli.fi\/w\/vuokatti\/\" border=\"0\"><img src=\"https:\/\/rantatuuli.fi\/w\/wp-content\/uploads\/2021\/07\/vuokatti-125.jpg\" alt=\"\" width=auto height=auto class=\"size-full wp-image-2130\" \/><br><font style=\"font-size:0.8em\">Vuokatti<\/font><\/a><\/td>\r\n  <\/tr><\/tbody><\/table>\r\n<\/div>\r\n\r\n<\/td>\r\n<td class=\"kielitd\">\r\n    <div class=\"menulang\"><ul id=\"menu-kielivalikko\" class=\"menu menukieliluokka\"><li id=\"menu-item-3141\" class=\"menu-item menu-item-type-post_type menu-item-object-page menu-item-3141\"><a href=\"https:\/\/rantatuuli.fi\/w\/etusivu\/\" class=\"menu-image-title-hide menu-image-not-hovered\"><span class=\"menu-image-title-hide menu-image-title\">Etusivu<\/span><img width=\"36\" height=\"36\" src=\"https:\/\/rantatuuli.fi\/w\/wp-content\/uploads\/2019\/04\/fi64-36x36.png\" class=\"menu-image menu-image-title-hide\" alt=\"FI\" \/><\/a><\/li>\n<li id=\"menu-item-3143\" class=\"menu-item menu-item-type-post_type menu-item-object-page menu-item-3143\"><a href=\"https:\/\/rantatuuli.fi\/w\/en\/etusivu-2\/\" class=\"menu-image-title-hide menu-image-not-hovered\"><span class=\"menu-image-title-hide menu-image-title\">Homepage<\/span><img width=\"36\" height=\"36\" src=\"https:\/\/rantatuuli.fi\/w\/wp-content\/uploads\/2019\/04\/uk64-36x36.png\" class=\"menu-image menu-image-title-hide\" alt=\"UK\" \/><\/a><\/li>\n<li id=\"menu-item-3144\" class=\"menu-item menu-item-type-post_type menu-item-object-page menu-item-3144\"><a href=\"https:\/\/rantatuuli.fi\/w\/de\/etusivu-3\/\" class=\"menu-image-title-hide menu-image-not-hovered\"><span class=\"menu-image-title-hide menu-image-title\">Startseite<\/span><img width=\"36\" height=\"36\" src=\"https:\/\/rantatuuli.fi\/w\/wp-content\/uploads\/2019\/04\/de64-36x36.png\" class=\"menu-image menu-image-title-hide\" alt=\"DE\" \/><\/a><\/li>\n<li id=\"menu-item-3145\" class=\"menu-item menu-item-type-post_type menu-item-object-page menu-item-3145\"><a href=\"https:\/\/rantatuuli.fi\/w\/ru\/etusivu-4\/\" class=\"menu-image-title-hide menu-image-not-hovered\"><span class=\"menu-image-title-hide menu-image-title\">\u0434\u043e\u043c\u0430\u0448\u043d\u044f\u044f \u0441\u0442\u0440\u0430\u043d\u0438\u0446\u0430<\/span><img width=\"36\" height=\"36\" src=\"https:\/\/rantatuuli.fi\/w\/wp-content\/uploads\/2019\/04\/ru64-36x36.png\" class=\"menu-image menu-image-title-hide\" alt=\"RU\" \/><\/a><\/li>\n<li id=\"menu-item-3142\" class=\"menu-item menu-item-type-post_type menu-item-object-page menu-item-3142\"><a href=\"https:\/\/rantatuuli.fi\/w\/nn\/etusivu-5\/\" class=\"menu-image-title-hide menu-image-not-hovered\"><span class=\"menu-image-title-hide menu-image-title\">Hjemmeside<\/span><img width=\"36\" height=\"36\" src=\"https:\/\/rantatuuli.fi\/w\/wp-content\/uploads\/2019\/04\/flag_NOR-36x36.png\" class=\"menu-image menu-image-title-hide\" alt=\"Norway.\" \/><\/a><\/li>\n<\/ul><\/div>\r\n<\/td>\r\n<\/td><\/table>\r\n<\/div><\/div><\/div>\r\n\r\n<div class=\"su-row slaidirow\"><div class=\"su-divider su-divider-style-default viiva\" style=\"margin:0px 0;border-width:5px;border-color:#dfa60e\"><\/div> <div id=\"metaslider-id-4816\" style=\"width: 100%;\" class=\"ml-slider-3-104-0 metaslider metaslider-nivo metaslider-4816 ml-slider ms-theme-default-base\" role=\"region\" aria-label=\"Tuiskukuru\" data-height=\"550\" data-width=\"1920\">\n    <div id=\"metaslider_container_4816\">\n        <div class='slider-wrapper theme-default'><div class='ribbon'><\/div><div id='metaslider_4816' class='nivoSlider'><img src=\"https:\/\/rantatuuli.fi\/w\/wp-content\/uploads\/2025\/05\/Tuiskukuru-WD-01.jpg\" height=\"550\" width=\"1920\" title=\"Tuiskukuru-WD-01\" alt=\"Tuiskukuru.\" class=\"slider-4816 slide-4840 msDefaultImage\" data-no-lazy=\"1\" \/><img src=\"https:\/\/rantatuuli.fi\/w\/wp-content\/uploads\/2025\/05\/Tuiskukuru-WD-02.jpg\" height=\"550\" width=\"1920\" title=\"Tuiskukuru-WD-02\" alt=\"Tuiskukuru.\" class=\"slider-4816 slide-4861 msDefaultImage\" data-no-lazy=\"1\" \/><img src=\"https:\/\/rantatuuli.fi\/w\/wp-content\/uploads\/2025\/05\/Tuiskukuru-WD-21.jpg\" height=\"550\" width=\"1920\" title=\"Tuiskukuru-WD-21\" alt=\"Tuiskukuru: olohuone.\" class=\"slider-4816 slide-4842 msDefaultImage\" data-no-lazy=\"1\" \/><img src=\"https:\/\/rantatuuli.fi\/w\/wp-content\/uploads\/2025\/05\/Tuiskukuru-WD-20.jpg\" height=\"550\" width=\"1920\" title=\"Tuiskukuru-WD-20\" alt=\"Tuiskukuru: takka.\" class=\"slider-4816 slide-4843 msDefaultImage\" data-no-lazy=\"1\" \/><img src=\"https:\/\/rantatuuli.fi\/w\/wp-content\/uploads\/2025\/05\/Tuiskukuru-WD-19.jpg\" height=\"550\" width=\"1920\" title=\"Tuiskukuru-WD-19\" alt=\"Tuiskukuru.\" class=\"slider-4816 slide-4844 msDefaultImage\" data-no-lazy=\"1\" \/><img src=\"https:\/\/rantatuuli.fi\/w\/wp-content\/uploads\/2025\/05\/Tuiskukuru-WD-06.jpg\" height=\"550\" width=\"1920\" title=\"Tuiskukuru-WD-06\" alt=\"Tuiskukuru: olohuone, ruokailu ja keitti\u00f6.\" class=\"slider-4816 slide-4857 msDefaultImage\" data-no-lazy=\"1\" \/><img src=\"https:\/\/rantatuuli.fi\/w\/wp-content\/uploads\/2025\/05\/Tuiskukuru-WD-03.jpg\" height=\"550\" width=\"1920\" title=\"Tuiskukuru-WD-03\" alt=\"Tuiskukuru: takapiha.\" class=\"slider-4816 slide-4860 msDefaultImage\" data-no-lazy=\"1\" \/><img src=\"https:\/\/rantatuuli.fi\/w\/wp-content\/uploads\/2025\/05\/Tuiskukuru-WD-05.jpg\" height=\"550\" width=\"1920\" title=\"Tuiskukuru-WD-05\" alt=\"Tuiskukuru: eteisaula.\" class=\"slider-4816 slide-4858 msDefaultImage\" data-no-lazy=\"1\" \/><img src=\"https:\/\/rantatuuli.fi\/w\/wp-content\/uploads\/2025\/05\/Tuiskukuru-WD-15.jpg\" height=\"550\" width=\"1920\" title=\"Tuiskukuru-WD-15\" alt=\"Tuiskukuru: portaat alakertaan.\" class=\"slider-4816 slide-4848 msDefaultImage\" data-no-lazy=\"1\" \/><img src=\"https:\/\/rantatuuli.fi\/w\/wp-content\/uploads\/2025\/05\/Tuiskukuru-WD-14.jpg\" height=\"550\" width=\"1920\" title=\"Tuiskukuru-WD-14\" alt=\"Tuiskukuru: takapiha.\" class=\"slider-4816 slide-4849 msDefaultImage\" data-no-lazy=\"1\" \/><img src=\"https:\/\/rantatuuli.fi\/w\/wp-content\/uploads\/2025\/05\/Tuiskukuru-WD-13.jpg\" height=\"550\" width=\"1920\" title=\"Tuiskukuru-WD-13\" alt=\"Tuiskukuru: sauna.\" class=\"slider-4816 slide-4850 msDefaultImage\" data-no-lazy=\"1\" \/><img src=\"https:\/\/rantatuuli.fi\/w\/wp-content\/uploads\/2025\/05\/Tuiskukuru-WD-12.jpg\" height=\"550\" width=\"1920\" title=\"Tuiskukuru-WD-12\" alt=\"Tuiskukuru: 2h huone.\" class=\"slider-4816 slide-4851 msDefaultImage\" data-no-lazy=\"1\" \/><img src=\"https:\/\/rantatuuli.fi\/w\/wp-content\/uploads\/2025\/05\/Tuiskukuru-WD-11.jpg\" height=\"550\" width=\"1920\" title=\"Tuiskukuru-WD-11\" alt=\"Tuiskukuru: takka-aula.\" class=\"slider-4816 slide-4852 msDefaultImage\" data-no-lazy=\"1\" \/><img src=\"https:\/\/rantatuuli.fi\/w\/wp-content\/uploads\/2025\/05\/Tuiskukuru-WD-04.jpg\" height=\"550\" width=\"1920\" title=\"Tuiskukuru-WD-04\" alt=\"Tuiskukuru: olohuone, ruokailu ja keitti\u00f6.\" class=\"slider-4816 slide-4859 msDefaultImage\" data-no-lazy=\"1\" \/><img src=\"https:\/\/rantatuuli.fi\/w\/wp-content\/uploads\/2025\/05\/Tuiskukuru-WD-08.jpg\" height=\"550\" width=\"1920\" title=\"Tuiskukuru-WD-08\" alt=\"Tuiskukuru: olohuone, ruokailu ja keitti\u00f6.\" class=\"slider-4816 slide-4855 msDefaultImage\" data-no-lazy=\"1\" \/><img src=\"https:\/\/rantatuuli.fi\/w\/wp-content\/uploads\/2025\/05\/Tuiskukuru-WD-10.jpg\" height=\"550\" width=\"1920\" title=\"Tuiskukuru-WD-10\" alt=\"Tuiskukuru: eteisaula.\" class=\"slider-4816 slide-4853 msDefaultImage\" data-no-lazy=\"1\" \/><img src=\"https:\/\/rantatuuli.fi\/w\/wp-content\/uploads\/2025\/05\/Tuiskukuru-WD-09.jpg\" height=\"550\" width=\"1920\" title=\"Tuiskukuru-WD-09\" alt=\"Tuiskukuru: keitti\u00f6.\" class=\"slider-4816 slide-4854 msDefaultImage\" data-no-lazy=\"1\" \/><img src=\"https:\/\/rantatuuli.fi\/w\/wp-content\/uploads\/2025\/05\/Tuiskukuru-WD-07.jpg\" height=\"550\" width=\"1920\" title=\"Tuiskukuru-WD-07\" alt=\"Tuiskukuru: olohuone, ruokailu ja keitti\u00f6.\" class=\"slider-4816 slide-4856 msDefaultImage\" data-no-lazy=\"1\" \/><img src=\"https:\/\/rantatuuli.fi\/w\/wp-content\/uploads\/2025\/05\/Tuiskukuru-WD-18.jpg\" height=\"550\" width=\"1920\" title=\"Tuiskukuru-WD-18\" alt=\"Tuiskukuru: 2h huone.\" class=\"slider-4816 slide-4845 msDefaultImage\" data-no-lazy=\"1\" \/><img src=\"https:\/\/rantatuuli.fi\/w\/wp-content\/uploads\/2025\/05\/Tuiskukuru-WD-22.jpg\" height=\"550\" width=\"1920\" title=\"Tuiskukuru-WD-22\" alt=\"Tuiskukuru: 2h huone.\" class=\"slider-4816 slide-4841 msDefaultImage\" data-no-lazy=\"1\" \/><img src=\"https:\/\/rantatuuli.fi\/w\/wp-content\/uploads\/2025\/05\/Tuiskukuru-WD-16.jpg\" height=\"550\" width=\"1920\" title=\"Tuiskukuru-WD-16\" alt=\"Tuiskukuru: 2h huone.\" class=\"slider-4816 slide-4847 msDefaultImage\" data-no-lazy=\"1\" \/><img src=\"https:\/\/rantatuuli.fi\/w\/wp-content\/uploads\/2025\/05\/Tuiskukuru-WD-17.jpg\" height=\"550\" width=\"1920\" title=\"Tuiskukuru-WD-17\" alt=\"Tuiskukuru: kylpyhuone.\" class=\"slider-4816 slide-4846 msDefaultImage\" data-no-lazy=\"1\" \/><\/div><\/div>\n        \n    <\/div>\n<\/div><div class=\"su-divider su-divider-style-default\" style=\"margin:0px 0;border-width:5px;border-color:#dfa60e\"><\/div><\/div> <div class=\"su-row\">\r\n\r\n<!---- HEADER P\u00c4\u00c4TTYY ------------------------------------------------------------------------------------------------>\r\n\r\n\r\n\r\n\r\n<!--------- VASEN LAITA JA MENU------------------>\r\n<div class=\"su-column su-column-size-2-5 vasen\"><div class=\"su-column-inner su-u-clearfix su-u-trim\">\r\n<div class=\"su-divider su-divider-style-margin-bottom0px viiva\" style=\"margin:0px 0;border-width:5px;border-color:#dfa60e\"><\/div>\r\n\r\n<div class=\"menutausta\">\r\n<h2 class=\"vasenmenuotsikko ylavalikkofontti \">Tuiskukuru 1 &amp; 2 Saariselk\u00e4, Lapland<\/h2>\r\n<ul id=\"menu-tuiskukuru_fin\" class=\"menu ylavalikkofontti vasenmenu\"><li id=\"menu-item-4863\" class=\"menu-item menu-item-type-post_type menu-item-object-page menu-item-4863\"><a href=\"https:\/\/rantatuuli.fi\/w\/tuiskukuru\/\">Tuiskukuru A &#038; B<\/a><\/li>\n<li id=\"menu-item-4877\" class=\"menu-item menu-item-type-post_type menu-item-object-page menu-item-4877\"><a href=\"https:\/\/rantatuuli.fi\/w\/tuiskukuru\/varusteet\/\">Tuiskukuru  \u2013 sis\u00e4tilat ja varusteet<\/a><\/li>\n<li id=\"menu-item-4892\" class=\"menu-item menu-item-type-post_type menu-item-object-page menu-item-4892\"><a href=\"https:\/\/rantatuuli.fi\/w\/tuiskukuru\/aktiviteetit\/\">Tuiskukuru \u2013 aktiviteetit ja linkit<\/a><\/li>\n<li id=\"menu-item-4885\" class=\"menu-item menu-item-type-post_type menu-item-object-page menu-item-4885\"><a href=\"https:\/\/rantatuuli.fi\/w\/tuiskukuru\/varaus\/\">Tuiskukuru \u2013 varauskyselyt<\/a><\/li>\n<li id=\"menu-item-4935\" class=\"menu-item menu-item-type-post_type menu-item-object-wpape_gallery_type menu-item-4935\"><a href=\"https:\/\/rantatuuli.fi\/w\/ape_gallery\/tuiskukuru-gallery\/\">Tuiskukuru \u2013 gallery<\/a><\/li>\n<\/ul>\r\n<\/div>\r\n<div class=\"su-divider su-divider-style-default viiva\" style=\"margin:0px 0;border-width:5px;border-color:#dfa60e\"><\/div>\r\n\r\n<p><!--------- VASEMMAT KUVAT ------------------>\r\n<img src=\"https:\/\/rantatuuli.fi\/w\/wp-content\/uploads\/2025\/05\/407_600_-3.jpg\" alt=\"\" width=\"600\" height=\"400\" class=\"autoimage alignnone size-full wp-image-4790\" srcset=\"https:\/\/rantatuuli.fi\/w\/wp-content\/uploads\/2025\/05\/407_600_-3.jpg 600w, https:\/\/rantatuuli.fi\/w\/wp-content\/uploads\/2025\/05\/407_600_-3-300x200.jpg 300w, https:\/\/rantatuuli.fi\/w\/wp-content\/uploads\/2025\/05\/407_600_-3-558x372.jpg 558w, https:\/\/rantatuuli.fi\/w\/wp-content\/uploads\/2025\/05\/407_600_-3-24x16.jpg 24w, https:\/\/rantatuuli.fi\/w\/wp-content\/uploads\/2025\/05\/407_600_-3-36x24.jpg 36w, https:\/\/rantatuuli.fi\/w\/wp-content\/uploads\/2025\/05\/407_600_-3-48x32.jpg 48w\" sizes=\"(max-width: 600px) 100vw, 600px\" \/>\r\n<img src=\"https:\/\/rantatuuli.fi\/w\/wp-content\/uploads\/2025\/05\/407_600_-1.jpg\" alt=\"\" width=\"600\" height=\"400\" class=\"autoimage alignnone size-full wp-image-4789\" srcset=\"https:\/\/rantatuuli.fi\/w\/wp-content\/uploads\/2025\/05\/407_600_-1.jpg 600w, https:\/\/rantatuuli.fi\/w\/wp-content\/uploads\/2025\/05\/407_600_-1-300x200.jpg 300w, https:\/\/rantatuuli.fi\/w\/wp-content\/uploads\/2025\/05\/407_600_-1-558x372.jpg 558w, https:\/\/rantatuuli.fi\/w\/wp-content\/uploads\/2025\/05\/407_600_-1-24x16.jpg 24w, https:\/\/rantatuuli.fi\/w\/wp-content\/uploads\/2025\/05\/407_600_-1-36x24.jpg 36w, https:\/\/rantatuuli.fi\/w\/wp-content\/uploads\/2025\/05\/407_600_-1-48x32.jpg 48w\" sizes=\"(max-width: 600px) 100vw, 600px\" \/>\r\n<img src=\"https:\/\/rantatuuli.fi\/w\/wp-content\/uploads\/2025\/05\/407_600_-5.jpg\" alt=\"\" width=\"600\" height=\"400\" class=\"autoimage alignnone size-full wp-image-4792\" srcset=\"https:\/\/rantatuuli.fi\/w\/wp-content\/uploads\/2025\/05\/407_600_-5.jpg 600w, https:\/\/rantatuuli.fi\/w\/wp-content\/uploads\/2025\/05\/407_600_-5-300x200.jpg 300w, https:\/\/rantatuuli.fi\/w\/wp-content\/uploads\/2025\/05\/407_600_-5-558x372.jpg 558w, https:\/\/rantatuuli.fi\/w\/wp-content\/uploads\/2025\/05\/407_600_-5-24x16.jpg 24w, https:\/\/rantatuuli.fi\/w\/wp-content\/uploads\/2025\/05\/407_600_-5-36x24.jpg 36w, https:\/\/rantatuuli.fi\/w\/wp-content\/uploads\/2025\/05\/407_600_-5-48x32.jpg 48w\" sizes=\"(max-width: 600px) 100vw, 600px\" \/>\r\n<img src=\"https:\/\/rantatuuli.fi\/w\/wp-content\/uploads\/2025\/05\/407_600_-8.jpg\" alt=\"\" width=\"600\" height=\"400\" class=\"autoimage alignnone size-full wp-image-4795\" srcset=\"https:\/\/rantatuuli.fi\/w\/wp-content\/uploads\/2025\/05\/407_600_-8.jpg 600w, https:\/\/rantatuuli.fi\/w\/wp-content\/uploads\/2025\/05\/407_600_-8-300x200.jpg 300w, https:\/\/rantatuuli.fi\/w\/wp-content\/uploads\/2025\/05\/407_600_-8-558x372.jpg 558w, https:\/\/rantatuuli.fi\/w\/wp-content\/uploads\/2025\/05\/407_600_-8-24x16.jpg 24w, https:\/\/rantatuuli.fi\/w\/wp-content\/uploads\/2025\/05\/407_600_-8-36x24.jpg 36w, https:\/\/rantatuuli.fi\/w\/wp-content\/uploads\/2025\/05\/407_600_-8-48x32.jpg 48w\" sizes=\"(max-width: 600px) 100vw, 600px\" \/>\r\n<img src=\"https:\/\/rantatuuli.fi\/w\/wp-content\/uploads\/2025\/05\/406_600_-9.jpg\" alt=\"\" width=\"600\" height=\"400\" class=\"autoimage alignnone size-full wp-image-4808\" srcset=\"https:\/\/rantatuuli.fi\/w\/wp-content\/uploads\/2025\/05\/406_600_-9.jpg 600w, https:\/\/rantatuuli.fi\/w\/wp-content\/uploads\/2025\/05\/406_600_-9-300x200.jpg 300w, https:\/\/rantatuuli.fi\/w\/wp-content\/uploads\/2025\/05\/406_600_-9-558x372.jpg 558w, https:\/\/rantatuuli.fi\/w\/wp-content\/uploads\/2025\/05\/406_600_-9-24x16.jpg 24w, https:\/\/rantatuuli.fi\/w\/wp-content\/uploads\/2025\/05\/406_600_-9-36x24.jpg 36w, https:\/\/rantatuuli.fi\/w\/wp-content\/uploads\/2025\/05\/406_600_-9-48x32.jpg 48w\" sizes=\"(max-width: 600px) 100vw, 600px\" \/>\r\n<img src=\"https:\/\/rantatuuli.fi\/w\/wp-content\/uploads\/2025\/05\/406_600_-12.jpg\" alt=\"\" width=\"600\" height=\"400\" class=\"autoimage alignnone size-full wp-image-4811\" srcset=\"https:\/\/rantatuuli.fi\/w\/wp-content\/uploads\/2025\/05\/406_600_-12.jpg 600w, https:\/\/rantatuuli.fi\/w\/wp-content\/uploads\/2025\/05\/406_600_-12-300x200.jpg 300w, https:\/\/rantatuuli.fi\/w\/wp-content\/uploads\/2025\/05\/406_600_-12-558x372.jpg 558w, https:\/\/rantatuuli.fi\/w\/wp-content\/uploads\/2025\/05\/406_600_-12-24x16.jpg 24w, https:\/\/rantatuuli.fi\/w\/wp-content\/uploads\/2025\/05\/406_600_-12-36x24.jpg 36w, https:\/\/rantatuuli.fi\/w\/wp-content\/uploads\/2025\/05\/406_600_-12-48x32.jpg 48w\" sizes=\"(max-width: 600px) 100vw, 600px\" \/>\r\n\r\n\r\n<!--------- VASEMMAN REUNAN P\u00c4\u00c4TT\u00d6------------------><div class=\"su-divider su-divider-style-vertical-alignbaseline\" style=\"margin:0px 0;border-width:5px;border-color:#dfa60e\"><\/div> <img class=\"centimage\" src=\"https:\/\/rantatuuli.fi\/w\/wp-content\/uploads\/2018\/03\/divider2-300x26.png\" alt=\"\" \/> <img class=\"alignbottom wp-image-2012\" src=\"https:\/\/rantatuuli.fi\/w\/wp-content\/uploads\/2019\/04\/pehmenne.png\" alt=\"\" width=\"100%\" height=\"auto\" srcset=\"https:\/\/rantatuuli.fi\/w\/wp-content\/uploads\/2019\/04\/pehmenne.png 500w, https:\/\/rantatuuli.fi\/w\/wp-content\/uploads\/2019\/04\/pehmenne-300x77.png 300w, https:\/\/rantatuuli.fi\/w\/wp-content\/uploads\/2019\/04\/pehmenne-24x6.png 24w, https:\/\/rantatuuli.fi\/w\/wp-content\/uploads\/2019\/04\/pehmenne-36x9.png 36w, https:\/\/rantatuuli.fi\/w\/wp-content\/uploads\/2019\/04\/pehmenne-48x12.png 48w\" sizes=\"(max-width: 500px) 100vw, 500px\" \/> <\/div><\/div> <div class=\"su-column su-column-size-3-5 oikee\"><div class=\"su-column-inner su-u-clearfix su-u-trim\"><\/p>\r\n<p><!--------- OIKEA LAITA \/ TEKSTIALUE ------------------------------><div class=\"su-heading su-heading-style-default su-heading-align-center font-1\" id=\"\" style=\"font-size:30px;margin-bottom:20px\"><div class=\"su-heading-inner\">Tuiskukuru &#8211; sis\u00e4tilat ja varusteet<\/div><\/div> \r\n<img src=\"https:\/\/rantatuuli.fi\/w\/wp-content\/uploads\/2025\/05\/Tuiskukuru-PLAN-kerrokset-1200-926x1024.jpg\" alt=\"\" width=\"926\" height=\"1024\" class=\"aligncenter size-large wp-image-4869\" srcset=\"https:\/\/rantatuuli.fi\/w\/wp-content\/uploads\/2025\/05\/Tuiskukuru-PLAN-kerrokset-1200-926x1024.jpg 926w, https:\/\/rantatuuli.fi\/w\/wp-content\/uploads\/2025\/05\/Tuiskukuru-PLAN-kerrokset-1200-271x300.jpg 271w, https:\/\/rantatuuli.fi\/w\/wp-content\/uploads\/2025\/05\/Tuiskukuru-PLAN-kerrokset-1200-768x849.jpg 768w, https:\/\/rantatuuli.fi\/w\/wp-content\/uploads\/2025\/05\/Tuiskukuru-PLAN-kerrokset-1200-1116x1234.jpg 1116w, https:\/\/rantatuuli.fi\/w\/wp-content\/uploads\/2025\/05\/Tuiskukuru-PLAN-kerrokset-1200-806x891.jpg 806w, https:\/\/rantatuuli.fi\/w\/wp-content\/uploads\/2025\/05\/Tuiskukuru-PLAN-kerrokset-1200-558x617.jpg 558w, https:\/\/rantatuuli.fi\/w\/wp-content\/uploads\/2025\/05\/Tuiskukuru-PLAN-kerrokset-1200-655x724.jpg 655w, https:\/\/rantatuuli.fi\/w\/wp-content\/uploads\/2025\/05\/Tuiskukuru-PLAN-kerrokset-1200-22x24.jpg 22w, https:\/\/rantatuuli.fi\/w\/wp-content\/uploads\/2025\/05\/Tuiskukuru-PLAN-kerrokset-1200-33x36.jpg 33w, https:\/\/rantatuuli.fi\/w\/wp-content\/uploads\/2025\/05\/Tuiskukuru-PLAN-kerrokset-1200-43x48.jpg 43w, https:\/\/rantatuuli.fi\/w\/wp-content\/uploads\/2025\/05\/Tuiskukuru-PLAN-kerrokset-1200.jpg 1200w\" sizes=\"(max-width: 926px) 100vw, 926px\" \/>\r\n\r\n<p>\r\nKaikki kolme makuuhuonetta sijaitsevat sis\u00e4\u00e4ntulokerroksessa. Jokaisessa makuuhuoneessa on kaksi 80 cm leve\u00e4\u00e4 vuodetta per huone. Lis\u00e4vuoteena toimii tupakeitti\u00f6n vuodesohva, johon mahtuu yksi lis\u00e4henkil\u00f6. Kohteen maksimihenkil\u00f6m\u00e4\u00e4r\u00e4 on 6+1. Olohuoneen ikkunoista avautuu hieno Lapin maisema.\r\n<\/p>\r\n<p>\r\nHuoneiston alakerrassa sijaitsevat sauna, pesuhuone, takkahuone ja yksi wc. Saunasta on k\u00e4ynti pienelle terassille, jossa voi vilvoitella ja nauttia raikkaasta ulkoilmasta. Yl\u00e4kerrassa on lis\u00e4ksi toinen wc helpottamaan lomap\u00e4ivien sujuvuutta. \r\n\r\n<\/p>\r\n<p>\r\n\r\nHuoneistojen v\u00e4liss\u00e4, alakerrassa on my\u00f6s kuntosali. Sen k\u00e4ytt\u00f6 ei kuulu automaattisesti vuokraan, joten kuntosali on varattava erikseen.\r\n\r\n<\/p>\r\n<p>\r\n\r\n<p>\r\n<img style=\"display: block; margin-left: auto; margin-right: auto;\" src=\"https:\/\/rantatuuli.fi\/w\/wp-content\/uploads\/2018\/03\/divider2-300x26.png\" alt=\"\" \/><\/p>\r\n<div class=\"su-heading su-heading-style-default su-heading-align-center font-1\" id=\"\" style=\"font-size:30px;margin-bottom:20px\"><div class=\"su-heading-inner\">Varustelu<\/div><\/div> \r\n<p>\r\n<h2> 6 + 1 henkil\u00f6\u00e4, 80 m\u00b2, 3 makuuhuonetta<\/h2>\r\n<ul>\r\n  \t<li>\u2022 Lakanat ja pyyhkeet sis\u00e4ltyv\u00e4t hintaan<\/li>\r\n  \t<li>\u2022 Loppusiivous sis\u00e4ltyy hintaan<\/li>\r\n  \t<li>\u2022 S\u00e4hk\u00f6valaistus<\/li>\r\n  \t<li>\u2022 Maal\u00e4mp\u00f6<\/li>\r\n  \t<li>\u2022 Varaava takka ja leivinuuni &#038; Varaava takka<\/li>\r\n  \t<li>\u2022 Vesijohto kunnallisesta vesijohtoverkosta<\/li>\r\n  \t<li>\u2022 S\u00e4hk\u00f6sauna<\/li>\r\n  \t<li>\u2022 Erillinen sis\u00e4-wc<\/li>\r\n  \t<li>\u2022 WC yhteens\u00e4: 2\u00a0kpl<\/li>\r\n  \t<li>\u2022 Keraaminen liesi<\/li>\r\n  \t<li>\u2022 J\u00e4\u00e4kaappi ja pakastinosa (ns. jenkkikaappi)<\/li>\r\n  \t<li>\u2022 Mikroaaltouuni<\/li>\r\n  \t<li>\u2022 Astianpesukone<\/li>\r\n  \t<li>\u2022 Pyykinpesukone<\/li>\r\n  \t<li>\u2022 Kuivauskaappi<\/li>\r\n  \t<li>\u2022 TV<\/li>\r\n  \t<li>\u2022 Wi-fi<\/li>\r\n  \t<li>\u2022 Pinnas\u00e4nky tai matkas\u00e4nky ennakkotilauksesta lis\u00e4maksusta<\/li>\r\n  \t<li>\u2022 Sy\u00f6tt\u00f6tuoli ennakkotilauksesta lis\u00e4maksusta<\/li>\r\n  \t<li>\u2022 2 auton l\u00e4mmityspistorasiaa<\/li>\r\n  \t<li>\u2022 S\u00e4hk\u00f6auton lataus kielletty<\/li>\r\n  \t<li>\u2022 Suksien huoltotila<\/li>\r\n  \t<li>\u2022 Palovaroitin oleskelutilassa<\/li>\r\n  \t<li>\u2022 Palovaroitin makuutiloissa<\/li>\r\n  \t<li>\u2022 K\u00e4sisammutin<\/li>\r\n  \t<li>\u2022 Sammutuspeite<\/li>\r\n<\/ul>\r\n\r\n<\/p><!-- \/wp:html -->\r\n\r\n<!-- wp:html --><!--------- FOOTTERI ------------------------------><\/div><\/div><\/div> <div class=\"su-divider su-divider-style-default\" style=\"margin:0px 0;border-width:5px;border-color:#dfa60e\"><\/div> <div class=\"su-row ala\"> <div class=\"su-column su-column-size-1-1 ala su-column-centered\"><div class=\"su-column-inner su-u-clearfix su-u-trim\"><\/p>\r\n<p class=\"font-2 alafontti\">\u2022 +358 (0)400-674 721 \u2022 <a href=\"mailto:reservations@rantatuuli.fi\">reservations@rantatuuli.fi<\/a> \u2022 <a href=\"https:\/\/rantatuuli.fi\/w\/yhteydenotto\/\">yhteydenottolomake<\/a> \u2022 <a href=\"https:\/\/rantatuuli.fi\/w\/etusivu\/\">\u00a9 rantatuuli.fi<\/a> \u2022 <\/div><\/div> <\/div> <!-- \/wp:html -->\r\n","protected":false},"excerpt":{"rendered":"Rantatuuli.fi Lomam\u00f6kit ja huoneistot Saariselk\u00e4 Saariselk\u00e4 Saariselk\u00e4 Kuopio Vuokatti Etusivu Homepage Startseite \u0434\u043e\u043c\u0430\u0448\u043d\u044f\u044f \u0441\u0442\u0440\u0430\u043d\u0438\u0446\u0430 Hjemmeside Tuiskukuru 1 &amp; 2 Saariselk\u00e4, Lapland Tuiskukuru A &#038; B Tuiskukuru \u2013 sis\u00e4tilat ja varusteet Tuiskukuru \u2013 aktiviteetit ja linkit Tuiskukuru \u2013 varauskyselyt Tuiskukuru \u2013 gallery Tuiskukuru &#8211; sis\u00e4tilat ja varusteet Kaikki kolme makuuhuonetta sijaitsevat sis\u00e4\u00e4ntulokerroksessa. Jokaisessa makuuhuoneessa on kaksi&hellip;","protected":false},"author":1,"featured_media":0,"parent":4782,"menu_order":0,"comment_status":"closed","ping_status":"closed","template":"..\/public\/views\/revslider-page-template.php","meta":[],"acf":[],"aioseo_notices":[],"_links":{"self":[{"href":"https:\/\/rantatuuli.fi\/w\/wp-json\/wp\/v2\/pages\/4868"}],"collection":[{"href":"https:\/\/rantatuuli.fi\/w\/wp-json\/wp\/v2\/pages"}],"about":[{"href":"https:\/\/rantatuuli.fi\/w\/wp-json\/wp\/v2\/types\/page"}],"author":[{"embeddable":true,"href":"https:\/\/rantatuuli.fi\/w\/wp-json\/wp\/v2\/users\/1"}],"replies":[{"embeddable":true,"href":"https:\/\/rantatuuli.fi\/w\/wp-json\/wp\/v2\/comments?post=4868"}],"version-history":[{"count":0,"href":"https:\/\/rantatuuli.fi\/w\/wp-json\/wp\/v2\/pages\/4868\/revisions"}],"up":[{"embeddable":true,"href":"https:\/\/rantatuuli.fi\/w\/wp-json\/wp\/v2\/pages\/4782"}],"wp:attachment":[{"href":"https:\/\/rantatuuli.fi\/w\/wp-json\/wp\/v2\/media?parent=4868"}],"curies":[{"name":"wp","href":"https:\/\/api.w.org\/{rel}","templated":true}]}}