{"id":4782,"date":"2025-05-10T02:51:23","date_gmt":"2025-05-10T02:51:23","guid":{"rendered":"https:\/\/rantatuuli.fi\/w\/?page_id=4782"},"modified":"2026-02-17T11:37:28","modified_gmt":"2026-02-17T11:37:28","slug":"tuiskukuru","status":"publish","type":"page","link":"https:\/\/rantatuuli.fi\/w\/tuiskukuru\/","title":{"rendered":"Tuiskukuru A &#038; B"},"content":{"rendered":"<div class=\"su-row yla\"><div class=\"su-column su-column-size-1-1 su-column-centered\"><div class=\"su-column-inner su-u-clearfix su-u-trim\"><\/p>\r\n<p class=\"font-1 ylaotsikko\" style=\"font-size: 1.7vw;\"><a class=\"ylaotsikko\" href=\"https:\/\/rantatuuli.fi\">Rantatuuli.fi<\/a><\/p>\r\n<p class=\"font-2 ylakakkosrivi\" style=\"font-size: 1vw;\">Lomam\u00f6kit ja huoneistot<\/p>\r\n<div>\u00a0<\/div>\r\n<table>\r\n<tbody>\r\n<tr>\r\n<td><a href=\"https:\/\/rantatuuli.fi\/w\/tunturituuli\/\"><img class=\"size-full wp-image-2133\" src=\"https:\/\/rantatuuli.fi\/w\/wp-content\/uploads\/2019\/04\/tunturituuli-125.jpg\" alt=\"\" width=\"auto\" height=\"auto\" srcset=\"https:\/\/rantatuuli.fi\/w\/wp-content\/uploads\/2019\/04\/tunturituuli-125.jpg 127w, https:\/\/rantatuuli.fi\/w\/wp-content\/uploads\/2019\/04\/tunturituuli-125-24x24.jpg 24w, https:\/\/rantatuuli.fi\/w\/wp-content\/uploads\/2019\/04\/tunturituuli-125-36x36.jpg 36w, https:\/\/rantatuuli.fi\/w\/wp-content\/uploads\/2019\/04\/tunturituuli-125-48x48.jpg 48w\" sizes=\"(max-width: 127px) 100vw, 127px\" \/><br \/><span style=\"font-size: 0.8em;\">Saariselk\u00e4<\/span><\/a><\/td>\r\n<td width=\"3px\">\u00a0<\/td>\r\n<td><a href=\"https:\/\/rantatuuli.fi\/w\/tunturikoivu\/\"><img class=\"size-full wp-image-2132\" src=\"https:\/\/rantatuuli.fi\/w\/wp-content\/uploads\/2019\/04\/tunturikoivu-125.jpg\" alt=\"\" width=\"auto\" height=\"auto\" srcset=\"https:\/\/rantatuuli.fi\/w\/wp-content\/uploads\/2019\/04\/tunturikoivu-125.jpg 127w, https:\/\/rantatuuli.fi\/w\/wp-content\/uploads\/2019\/04\/tunturikoivu-125-24x24.jpg 24w, https:\/\/rantatuuli.fi\/w\/wp-content\/uploads\/2019\/04\/tunturikoivu-125-36x36.jpg 36w, https:\/\/rantatuuli.fi\/w\/wp-content\/uploads\/2019\/04\/tunturikoivu-125-48x48.jpg 48w\" sizes=\"(max-width: 127px) 100vw, 127px\" \/><br \/><span style=\"font-size: 0.8em;\">Saariselk\u00e4<\/span><\/a><\/td>\r\n<td width=\"3px\">\u00a0<\/td>\r\n<td><a href=\"https:\/\/rantatuuli.fi\/w\/tuiskukuru\/\"><img class=\"size-full wp-image-4866\" src=\"https:\/\/rantatuuli.fi\/w\/wp-content\/uploads\/2025\/05\/tuiskukuru-125.jpg\" alt=\"\" width=\"auto\" height=\"auto\" srcset=\"https:\/\/rantatuuli.fi\/w\/wp-content\/uploads\/2025\/05\/tuiskukuru-125.jpg 127w, https:\/\/rantatuuli.fi\/w\/wp-content\/uploads\/2025\/05\/tuiskukuru-125-24x24.jpg 24w, https:\/\/rantatuuli.fi\/w\/wp-content\/uploads\/2025\/05\/tuiskukuru-125-36x36.jpg 36w, https:\/\/rantatuuli.fi\/w\/wp-content\/uploads\/2025\/05\/tuiskukuru-125-48x48.jpg 48w\" sizes=\"(max-width: 127px) 100vw, 127px\" \/><br \/><span style=\"font-size: 0.8em;\">Saariselk\u00e4<\/span><\/a><\/td>\r\n<td width=\"3px\">\u00a0<\/td>\r\n<td><a href=\"https:\/\/rantatuuli.fi\/w\/paasisalo\/\"><img class=\"size-full wp-image-2130\" src=\"https:\/\/rantatuuli.fi\/w\/wp-content\/uploads\/2019\/04\/paasisalo-125.jpg\" alt=\"\" width=\"auto\" height=\"auto\" srcset=\"https:\/\/rantatuuli.fi\/w\/wp-content\/uploads\/2019\/04\/paasisalo-125.jpg 127w, https:\/\/rantatuuli.fi\/w\/wp-content\/uploads\/2019\/04\/paasisalo-125-24x24.jpg 24w, https:\/\/rantatuuli.fi\/w\/wp-content\/uploads\/2019\/04\/paasisalo-125-36x36.jpg 36w, https:\/\/rantatuuli.fi\/w\/wp-content\/uploads\/2019\/04\/paasisalo-125-48x48.jpg 48w\" sizes=\"(max-width: 127px) 100vw, 127px\" \/><br \/><span style=\"font-size: 0.8em;\">Kuopio<\/span><\/a><\/td>\r\n<td width=\"3px\">\u00a0<\/td>\r\n<td><a href=\"https:\/\/rantatuuli.fi\/w\/vuokatti\/\"><img class=\"size-full wp-image-2130\" src=\"https:\/\/rantatuuli.fi\/w\/wp-content\/uploads\/2021\/07\/vuokatti-125.jpg\" alt=\"\" width=\"auto\" height=\"auto\" \/><br \/><span style=\"font-size: 0.8em;\">Vuokatti<\/span><\/a><\/td>\r\n<\/tr>\r\n<\/tbody>\r\n<\/table>\r\n<div class=\"menulang\"><ul id=\"menu-kielivalikko\" class=\"menu menukieliluokka\"><li id=\"menu-item-3141\" class=\"menu-item menu-item-type-post_type menu-item-object-page menu-item-3141\"><a href=\"https:\/\/rantatuuli.fi\/w\/etusivu\/\" class=\"menu-image-title-hide menu-image-not-hovered\"><span class=\"menu-image-title-hide menu-image-title\">Etusivu<\/span><img width=\"36\" height=\"36\" src=\"https:\/\/rantatuuli.fi\/w\/wp-content\/uploads\/2019\/04\/fi64-36x36.png\" class=\"menu-image menu-image-title-hide\" alt=\"FI\" \/><\/a><\/li>\n<li id=\"menu-item-3143\" class=\"menu-item menu-item-type-post_type menu-item-object-page menu-item-3143\"><a href=\"https:\/\/rantatuuli.fi\/w\/en\/etusivu-2\/\" class=\"menu-image-title-hide menu-image-not-hovered\"><span class=\"menu-image-title-hide menu-image-title\">Homepage<\/span><img width=\"36\" height=\"36\" src=\"https:\/\/rantatuuli.fi\/w\/wp-content\/uploads\/2019\/04\/uk64-36x36.png\" class=\"menu-image menu-image-title-hide\" alt=\"UK\" \/><\/a><\/li>\n<li id=\"menu-item-3144\" class=\"menu-item menu-item-type-post_type menu-item-object-page menu-item-3144\"><a href=\"https:\/\/rantatuuli.fi\/w\/de\/etusivu-3\/\" class=\"menu-image-title-hide menu-image-not-hovered\"><span class=\"menu-image-title-hide menu-image-title\">Startseite<\/span><img width=\"36\" height=\"36\" src=\"https:\/\/rantatuuli.fi\/w\/wp-content\/uploads\/2019\/04\/de64-36x36.png\" class=\"menu-image menu-image-title-hide\" alt=\"DE\" \/><\/a><\/li>\n<li id=\"menu-item-3145\" class=\"menu-item menu-item-type-post_type menu-item-object-page menu-item-3145\"><a href=\"https:\/\/rantatuuli.fi\/w\/ru\/etusivu-4\/\" class=\"menu-image-title-hide menu-image-not-hovered\"><span class=\"menu-image-title-hide menu-image-title\">\u0434\u043e\u043c\u0430\u0448\u043d\u044f\u044f \u0441\u0442\u0440\u0430\u043d\u0438\u0446\u0430<\/span><img width=\"36\" height=\"36\" src=\"https:\/\/rantatuuli.fi\/w\/wp-content\/uploads\/2019\/04\/ru64-36x36.png\" class=\"menu-image menu-image-title-hide\" alt=\"RU\" \/><\/a><\/li>\n<li id=\"menu-item-3142\" class=\"menu-item menu-item-type-post_type menu-item-object-page menu-item-3142\"><a href=\"https:\/\/rantatuuli.fi\/w\/nn\/etusivu-5\/\" class=\"menu-image-title-hide menu-image-not-hovered\"><span class=\"menu-image-title-hide menu-image-title\">Hjemmeside<\/span><img width=\"36\" height=\"36\" src=\"https:\/\/rantatuuli.fi\/w\/wp-content\/uploads\/2019\/04\/flag_NOR-36x36.png\" class=\"menu-image menu-image-title-hide\" alt=\"Norway.\" \/><\/a><\/li>\n<\/ul><\/div>\r\n<p><\/div><\/div><\/div> <div class=\"su-row slaidirow\"><div class=\"su-divider su-divider-style-default viiva\" style=\"margin:0px 0;border-width:5px;border-color:#dfa60e\"><\/div> <div id=\"metaslider-id-4816\" style=\"width: 100%;\" class=\"ml-slider-3-104-0 metaslider metaslider-nivo metaslider-4816 ml-slider ms-theme-default-base\" role=\"region\" aria-label=\"Tuiskukuru\" data-height=\"550\" data-width=\"1920\">\n    <div id=\"metaslider_container_4816\">\n        <div class='slider-wrapper theme-default'><div class='ribbon'><\/div><div id='metaslider_4816' class='nivoSlider'><img src=\"https:\/\/rantatuuli.fi\/w\/wp-content\/uploads\/2025\/05\/Tuiskukuru-WD-01.jpg\" height=\"550\" width=\"1920\" title=\"Tuiskukuru-WD-01\" alt=\"Tuiskukuru.\" class=\"slider-4816 slide-4840 msDefaultImage\" data-no-lazy=\"1\" \/><img src=\"https:\/\/rantatuuli.fi\/w\/wp-content\/uploads\/2025\/05\/Tuiskukuru-WD-02.jpg\" height=\"550\" width=\"1920\" title=\"Tuiskukuru-WD-02\" alt=\"Tuiskukuru.\" class=\"slider-4816 slide-4861 msDefaultImage\" data-no-lazy=\"1\" \/><img src=\"https:\/\/rantatuuli.fi\/w\/wp-content\/uploads\/2025\/05\/Tuiskukuru-WD-21.jpg\" height=\"550\" width=\"1920\" title=\"Tuiskukuru-WD-21\" alt=\"Tuiskukuru: olohuone.\" class=\"slider-4816 slide-4842 msDefaultImage\" data-no-lazy=\"1\" \/><img src=\"https:\/\/rantatuuli.fi\/w\/wp-content\/uploads\/2025\/05\/Tuiskukuru-WD-20.jpg\" height=\"550\" width=\"1920\" title=\"Tuiskukuru-WD-20\" alt=\"Tuiskukuru: takka.\" class=\"slider-4816 slide-4843 msDefaultImage\" data-no-lazy=\"1\" \/><img src=\"https:\/\/rantatuuli.fi\/w\/wp-content\/uploads\/2025\/05\/Tuiskukuru-WD-19.jpg\" height=\"550\" width=\"1920\" title=\"Tuiskukuru-WD-19\" alt=\"Tuiskukuru.\" class=\"slider-4816 slide-4844 msDefaultImage\" data-no-lazy=\"1\" \/><img src=\"https:\/\/rantatuuli.fi\/w\/wp-content\/uploads\/2025\/05\/Tuiskukuru-WD-06.jpg\" height=\"550\" width=\"1920\" title=\"Tuiskukuru-WD-06\" alt=\"Tuiskukuru: olohuone, ruokailu ja keitti\u00f6.\" class=\"slider-4816 slide-4857 msDefaultImage\" data-no-lazy=\"1\" \/><img src=\"https:\/\/rantatuuli.fi\/w\/wp-content\/uploads\/2025\/05\/Tuiskukuru-WD-03.jpg\" height=\"550\" width=\"1920\" title=\"Tuiskukuru-WD-03\" alt=\"Tuiskukuru: takapiha.\" class=\"slider-4816 slide-4860 msDefaultImage\" data-no-lazy=\"1\" \/><img src=\"https:\/\/rantatuuli.fi\/w\/wp-content\/uploads\/2025\/05\/Tuiskukuru-WD-05.jpg\" height=\"550\" width=\"1920\" title=\"Tuiskukuru-WD-05\" alt=\"Tuiskukuru: eteisaula.\" class=\"slider-4816 slide-4858 msDefaultImage\" data-no-lazy=\"1\" \/><img src=\"https:\/\/rantatuuli.fi\/w\/wp-content\/uploads\/2025\/05\/Tuiskukuru-WD-15.jpg\" height=\"550\" width=\"1920\" title=\"Tuiskukuru-WD-15\" alt=\"Tuiskukuru: portaat alakertaan.\" class=\"slider-4816 slide-4848 msDefaultImage\" data-no-lazy=\"1\" \/><img src=\"https:\/\/rantatuuli.fi\/w\/wp-content\/uploads\/2025\/05\/Tuiskukuru-WD-14.jpg\" height=\"550\" width=\"1920\" title=\"Tuiskukuru-WD-14\" alt=\"Tuiskukuru: takapiha.\" class=\"slider-4816 slide-4849 msDefaultImage\" data-no-lazy=\"1\" \/><img src=\"https:\/\/rantatuuli.fi\/w\/wp-content\/uploads\/2025\/05\/Tuiskukuru-WD-13.jpg\" height=\"550\" width=\"1920\" title=\"Tuiskukuru-WD-13\" alt=\"Tuiskukuru: sauna.\" class=\"slider-4816 slide-4850 msDefaultImage\" data-no-lazy=\"1\" \/><img src=\"https:\/\/rantatuuli.fi\/w\/wp-content\/uploads\/2025\/05\/Tuiskukuru-WD-12.jpg\" height=\"550\" width=\"1920\" title=\"Tuiskukuru-WD-12\" alt=\"Tuiskukuru: 2h huone.\" class=\"slider-4816 slide-4851 msDefaultImage\" data-no-lazy=\"1\" \/><img src=\"https:\/\/rantatuuli.fi\/w\/wp-content\/uploads\/2025\/05\/Tuiskukuru-WD-11.jpg\" height=\"550\" width=\"1920\" title=\"Tuiskukuru-WD-11\" alt=\"Tuiskukuru: takka-aula.\" class=\"slider-4816 slide-4852 msDefaultImage\" data-no-lazy=\"1\" \/><img src=\"https:\/\/rantatuuli.fi\/w\/wp-content\/uploads\/2025\/05\/Tuiskukuru-WD-04.jpg\" height=\"550\" width=\"1920\" title=\"Tuiskukuru-WD-04\" alt=\"Tuiskukuru: olohuone, ruokailu ja keitti\u00f6.\" class=\"slider-4816 slide-4859 msDefaultImage\" data-no-lazy=\"1\" \/><img src=\"https:\/\/rantatuuli.fi\/w\/wp-content\/uploads\/2025\/05\/Tuiskukuru-WD-08.jpg\" height=\"550\" width=\"1920\" title=\"Tuiskukuru-WD-08\" alt=\"Tuiskukuru: olohuone, ruokailu ja keitti\u00f6.\" class=\"slider-4816 slide-4855 msDefaultImage\" data-no-lazy=\"1\" \/><img src=\"https:\/\/rantatuuli.fi\/w\/wp-content\/uploads\/2025\/05\/Tuiskukuru-WD-10.jpg\" height=\"550\" width=\"1920\" title=\"Tuiskukuru-WD-10\" alt=\"Tuiskukuru: eteisaula.\" class=\"slider-4816 slide-4853 msDefaultImage\" data-no-lazy=\"1\" \/><img src=\"https:\/\/rantatuuli.fi\/w\/wp-content\/uploads\/2025\/05\/Tuiskukuru-WD-09.jpg\" height=\"550\" width=\"1920\" title=\"Tuiskukuru-WD-09\" alt=\"Tuiskukuru: keitti\u00f6.\" class=\"slider-4816 slide-4854 msDefaultImage\" data-no-lazy=\"1\" \/><img src=\"https:\/\/rantatuuli.fi\/w\/wp-content\/uploads\/2025\/05\/Tuiskukuru-WD-07.jpg\" height=\"550\" width=\"1920\" title=\"Tuiskukuru-WD-07\" alt=\"Tuiskukuru: olohuone, ruokailu ja keitti\u00f6.\" class=\"slider-4816 slide-4856 msDefaultImage\" data-no-lazy=\"1\" \/><img src=\"https:\/\/rantatuuli.fi\/w\/wp-content\/uploads\/2025\/05\/Tuiskukuru-WD-18.jpg\" height=\"550\" width=\"1920\" title=\"Tuiskukuru-WD-18\" alt=\"Tuiskukuru: 2h huone.\" class=\"slider-4816 slide-4845 msDefaultImage\" data-no-lazy=\"1\" \/><img src=\"https:\/\/rantatuuli.fi\/w\/wp-content\/uploads\/2025\/05\/Tuiskukuru-WD-22.jpg\" height=\"550\" width=\"1920\" title=\"Tuiskukuru-WD-22\" alt=\"Tuiskukuru: 2h huone.\" class=\"slider-4816 slide-4841 msDefaultImage\" data-no-lazy=\"1\" \/><img src=\"https:\/\/rantatuuli.fi\/w\/wp-content\/uploads\/2025\/05\/Tuiskukuru-WD-16.jpg\" height=\"550\" width=\"1920\" title=\"Tuiskukuru-WD-16\" alt=\"Tuiskukuru: 2h huone.\" class=\"slider-4816 slide-4847 msDefaultImage\" data-no-lazy=\"1\" \/><img src=\"https:\/\/rantatuuli.fi\/w\/wp-content\/uploads\/2025\/05\/Tuiskukuru-WD-17.jpg\" height=\"550\" width=\"1920\" title=\"Tuiskukuru-WD-17\" alt=\"Tuiskukuru: kylpyhuone.\" class=\"slider-4816 slide-4846 msDefaultImage\" data-no-lazy=\"1\" \/><\/div><\/div>\n        \n    <\/div>\n<\/div><div class=\"su-divider su-divider-style-default\" style=\"margin:0px 0;border-width:5px;border-color:#dfa60e\"><\/div><\/div> <div class=\"su-row\"><\/p>\r\n<!---- HEADER P\u00c4\u00c4TTYY ------------------------------------------------------------------------------------------------><!--------- VASEN LAITA JA MENU------------------>\r\n<div class=\"su-column su-column-size-2-5 vasen\"><div class=\"su-column-inner su-u-clearfix su-u-trim\"> <div class=\"su-divider su-divider-style-margin-bottom0px viiva\" style=\"margin:0px 0;border-width:5px;border-color:#dfa60e\"><\/div>\r\n<div class=\"menutausta\">\r\n<h2 class=\"vasenmenuotsikko ylavalikkofontti \">Tuiskukuru 1 &amp; 2 Saariselk\u00e4, Lapland<\/h2>\r\n<ul id=\"menu-tuiskukuru_fin\" class=\"menu ylavalikkofontti vasenmenu\"><li id=\"menu-item-4863\" class=\"menu-item menu-item-type-post_type menu-item-object-page menu-item-4863\"><a href=\"https:\/\/rantatuuli.fi\/w\/tuiskukuru\/\">Tuiskukuru A &#038; B<\/a><\/li>\n<li id=\"menu-item-4877\" class=\"menu-item menu-item-type-post_type menu-item-object-page menu-item-4877\"><a href=\"https:\/\/rantatuuli.fi\/w\/tuiskukuru\/varusteet\/\">Tuiskukuru  \u2013 sis\u00e4tilat ja varusteet<\/a><\/li>\n<li id=\"menu-item-4892\" class=\"menu-item menu-item-type-post_type menu-item-object-page menu-item-4892\"><a href=\"https:\/\/rantatuuli.fi\/w\/tuiskukuru\/aktiviteetit\/\">Tuiskukuru \u2013 aktiviteetit ja linkit<\/a><\/li>\n<li id=\"menu-item-4885\" class=\"menu-item menu-item-type-post_type menu-item-object-page menu-item-4885\"><a href=\"https:\/\/rantatuuli.fi\/w\/tuiskukuru\/varaus\/\">Tuiskukuru \u2013 varauskyselyt<\/a><\/li>\n<li id=\"menu-item-4935\" class=\"menu-item menu-item-type-post_type menu-item-object-wpape_gallery_type menu-item-4935\"><a href=\"https:\/\/rantatuuli.fi\/w\/ape_gallery\/tuiskukuru-gallery\/\">Tuiskukuru \u2013 gallery<\/a><\/li>\n<\/ul><\/div>\r\n<div class=\"su-divider su-divider-style-default viiva\" style=\"margin:0px 0;border-width:5px;border-color:#dfa60e\"><\/div>\r\n<!--------- VASEMMAT KUVAT ------------------>\r\n<p><img class=\"autoimage alignnone size-full wp-image-2827\" src=\"https:\/\/rantatuuli.fi\/w\/wp-content\/uploads\/2025\/05\/406_600_-2.jpg\" alt=\"\" width=\"600\" height=\"450\" \/> <img class=\"autoimage alignnone size-full wp-image-2829\" src=\"https:\/\/rantatuuli.fi\/w\/wp-content\/uploads\/2025\/05\/406_600_-1.jpg\" alt=\"\" width=\"600\" height=\"450\" \/> <img class=\"autoimage alignnone size-full wp-image-2860\" src=\"https:\/\/rantatuuli.fi\/w\/wp-content\/uploads\/2019\/04\/600-tuuli-aktivit3.jpg\" alt=\"\" width=\"600\" height=\"400\" srcset=\"https:\/\/rantatuuli.fi\/w\/wp-content\/uploads\/2019\/04\/600-tuuli-aktivit3.jpg 600w, https:\/\/rantatuuli.fi\/w\/wp-content\/uploads\/2019\/04\/600-tuuli-aktivit3-300x200.jpg 300w, https:\/\/rantatuuli.fi\/w\/wp-content\/uploads\/2019\/04\/600-tuuli-aktivit3-558x372.jpg 558w, https:\/\/rantatuuli.fi\/w\/wp-content\/uploads\/2019\/04\/600-tuuli-aktivit3-24x16.jpg 24w, https:\/\/rantatuuli.fi\/w\/wp-content\/uploads\/2019\/04\/600-tuuli-aktivit3-36x24.jpg 36w, https:\/\/rantatuuli.fi\/w\/wp-content\/uploads\/2019\/04\/600-tuuli-aktivit3-48x32.jpg 48w, https:\/\/rantatuuli.fi\/w\/wp-content\/uploads\/2019\/04\/600-tuuli-aktivit3-272x182.jpg 272w\" sizes=\"(max-width: 600px) 100vw, 600px\" \/> <img class=\"autoimage alignnone size-full wp-image-2843\" src=\"https:\/\/rantatuuli.fi\/w\/wp-content\/uploads\/2025\/05\/600-tunturituulijakoivu-sijainti-2025.jpg\" alt=\"\" width=\"600\" height=\"500\" \/><\/p>\r\n<!--------- VASEMMAN REUNAN P\u00c4\u00c4TT\u00d6------------------>\r\n<div class=\"su-divider su-divider-style-vertical-alignbaseline\" style=\"margin:0px 0;border-width:5px;border-color:#dfa60e\"><\/div> <img class=\"centimage\" src=\"https:\/\/rantatuuli.fi\/w\/wp-content\/uploads\/2018\/03\/divider2-300x26.png\" alt=\"\" \/> <img class=\"alignbottom wp-image-2012\" src=\"https:\/\/rantatuuli.fi\/w\/wp-content\/uploads\/2019\/04\/pehmenne.png\" alt=\"\" width=\"100%\" height=\"auto\" srcset=\"https:\/\/rantatuuli.fi\/w\/wp-content\/uploads\/2019\/04\/pehmenne.png 500w, https:\/\/rantatuuli.fi\/w\/wp-content\/uploads\/2019\/04\/pehmenne-300x77.png 300w, https:\/\/rantatuuli.fi\/w\/wp-content\/uploads\/2019\/04\/pehmenne-24x6.png 24w, https:\/\/rantatuuli.fi\/w\/wp-content\/uploads\/2019\/04\/pehmenne-36x9.png 36w, https:\/\/rantatuuli.fi\/w\/wp-content\/uploads\/2019\/04\/pehmenne-48x12.png 48w\" sizes=\"(max-width: 500px) 100vw, 500px\" \/> <\/div><\/div> <div class=\"su-column su-column-size-3-5 oikee\"><div class=\"su-column-inner su-u-clearfix su-u-trim\"><\/p>\r\n<p><!--------- OIKEA LAITA \/ TEKSTIALUE ------------------------------> <div class=\"su-heading su-heading-style-default su-heading-align-center font-1\" id=\"\" style=\"font-size:30px;margin-bottom:20px\"><div class=\"su-heading-inner\">Tuiskukuru<\/div><\/div> Tuiskukuru on vuonna 2024 valmistunut paritalohuoneisto. Se tarjoaa t\u00e4ydelliset puitteet rentouttavalle m\u00f6kkilomalle. T\u00e4m\u00e4 moderni ja rauhallinen kohde sopii mainiosti niin perheille kuin yst\u00e4v\u00e4porukoille. T\u00e4ss\u00e4 huoneistossa on tilaa yhdess\u00e4oloon ja nautiskeluun.<\/p>\r\n<p>Huoneiston viihtyis\u00e4 tupakeitti\u00f6 on suunniteltu yhteisiin hetkiin. Voit valmistaa herkullisia aterioita ja rentoutua avarassa, 3 metrin korkuisessa tuvassa, jonka ikkunoista avautuvat upeat mets\u00e4maisemat. Avonaisessa tilassa on ruokailuryhm\u00e4 sek\u00e4 oleskelutila, jossa lomatunnelma on taattu.<\/p>\r\n<p>Hintaan sis\u00e4ltyv\u00e4t aina loppusiivous sek\u00e4 lakanat ja pyyhkeet, joten voit keskitty\u00e4 nauttimaan lomastasi vailla huolia.<\/p>\r\n<p>Kotiel\u00e4inten tuominen sek\u00e4 tupakointi on kielletty.<\/p>\r\n<div class=\"su-quote su-quote-style-default font-1\"><div class=\"su-quote-inner su-u-clearfix su-u-trim\">Tervetuloa tutustumaan Tuiskukuruun.<\/div><\/div> <img class=\"centimage\" src=\"https:\/\/rantatuuli.fi\/w\/wp-content\/uploads\/2018\/03\/divider2-300x26.png\" alt=\"\" \/> <div class=\"su-heading su-heading-style-default su-heading-align-center font-1\" id=\"\" style=\"font-size:30px;margin-bottom:20px\"><div class=\"su-heading-inner\">Sijainti<\/div><\/div> Saariselk\u00e4 on Lapin varmalumisimpia lomakeskuksia.<\/p>\r\n<h3>Kartalla<\/h3>\r\n<p><a href=\"https:\/\/www.fonecta.fi\/kartat\/kuksatie%203%2C+99830%20+Saariselk%C3%A4?lon=27.412519454956055&amp;lat=68.41031543744008&amp;z=14\" target=\"_blank\" rel=\"noopener noreferrer\">Karttasijainti (Fonecta)<\/a> <style type=\"text\/css\" id=\"umsMapStyles_2_35878\">\r\n    #ultimate_maps_2_35878 {\r\n        width: 100%;\r\n        height: 250px;\r\n                border: 0px solid ;\r\n        margin: 0px;\r\n    }\r\n    #mapsControlsNum_2_35878 {\r\n        width:100%    }\r\n    .umsMapDetailsContainer#umsMapDetailsContainer_2_35878 {\r\n        height:250px;\r\n    }\r\n    .ums_MapPreview#ultimate_maps_2_35878 {\r\n        \/*position:absolute;*\/\r\n        width:100%;\r\n    }\r\n    #mapConElem_2_35878{\r\n        width:100%    }\r\n    <\/style><div class=\"ums_map_opts\" id=\"mapConElem_2_35878\" data-id=\"2\" data-view-id=\"2_35878\" > <div class=\"umsMapDetailsContainer\" id=\"umsMapDetailsContainer_2_35878\"> <i class=\"umsKMLLayersPreloader fa fa-spinner fa-spin\" aria-hidden=\"true\" style=\"display: none;\"><\/i> <div class=\"ums_MapPreview \" id=\"ultimate_maps_2_35878\"><\/div> <\/div> <div class=\"umsMapMarkerFilters\" id=\"umsMapMarkerFilters_2_35878\"> <\/div> <div class=\"umsMapProControlsCon\" id=\"umsMapProControlsCon_2_35878\"> <a title=\"Google Map Wordpress\" style=\"display:none;\" href=\"https:\/\/supsystic.com\/plugins\/google-maps-plugin\/?utm_medium=love_link_hide\" target=\"_blank\">Google Map Wordpress<\/a><div style=\"clear: both;\"><\/div> <\/div> <div class=\"umsMapProDirectionsCon\" id=\"umsMapProDirectionsCon_2_35878\" > <\/div> <div class=\"umsMapProKmlFilterCon\" id=\"umsMapProKmlFilterCon_2_35878\" > <\/div> <div class=\"umsSocialSharingShell umsSocialSharingShell_2_35878\"> <\/div> <div style=\"clear: both;\"><\/div> <\/div>\r\n<h3>M\u00f6kin osoite:<\/h3>\r\n<p>Kuksatie 3, 99830 SAARISELK\u00c4 <img class=\"centimage\" src=\"https:\/\/rantatuuli.fi\/w\/wp-content\/uploads\/2018\/03\/divider2-300x26.png\" alt=\"\" \/><\/p>\r\n<h3>Et\u00e4isyydet<\/h3>\r\n<p>\u2022 Hiihtokeskukseen 3.8 km<br \/>\u2022 SkiBussille 450 m<br \/>\u2022 Moottorikelkkareitille 700 m<br \/>\u2022 Linja-autolle 450 m<br \/>\u2022 Kauppaan 1.8 km<br \/>\u2022 Hiihtohissille 3.8 km<br \/>\u2022 Valaistulle hiihtoladulle 150 m<br \/>\u2022 Talvik\u00e4velyreitille 100 m<br \/>\u2022 Talvipy\u00f6r\u00e4ilyreitille 100 m<br \/>\u2022 Uimarannalle 2.1 km<br \/>\u2022 Helsinkiin 1090 km<br \/>\u2022 Ravintolaan 1.5 km<\/p>\r\n<p><!-- \/wp:html --> <\/div><\/div><\/div> <!-- wp:html --><!--------- FOOTTERI ------------------------------> <div class=\"su-divider su-divider-style-default\" style=\"margin:0px 0;border-width:5px;border-color:#dfa60e\"><\/div> <div class=\"su-row ala\"> <div class=\"su-column su-column-size-1-1 ala su-column-centered\"><div class=\"su-column-inner su-u-clearfix su-u-trim\"><\/p>\r\n<p class=\"font-2 alafontti\">\u2022 +358 (0)400-674 721 \u2022 <a href=\"mailto:reservations@rantatuuli.fi\">reservations@rantatuuli.fi<\/a> \u2022 <a href=\"https:\/\/rantatuuli.fi\/w\/yhteydenotto\/\">yhteydenottolomake<\/a> \u2022 <a href=\"https:\/\/rantatuuli.fi\/w\/etusivu\/\">\u00a9 rantatuuli.fi<\/a> \u2022 <\/div><\/div> <\/div> <!-- \/wp:html --><\/p>","protected":false},"excerpt":{"rendered":"Rantatuuli.fi Lomam\u00f6kit ja huoneistot \u00a0 Saariselk\u00e4 \u00a0 Saariselk\u00e4 \u00a0 Saariselk\u00e4 \u00a0 Kuopio \u00a0 Vuokatti Etusivu Homepage Startseite \u0434\u043e\u043c\u0430\u0448\u043d\u044f\u044f \u0441\u0442\u0440\u0430\u043d\u0438\u0446\u0430 Hjemmeside Tuiskukuru 1 &amp; 2 Saariselk\u00e4, Lapland Tuiskukuru A &#038; B Tuiskukuru \u2013 sis\u00e4tilat ja varusteet Tuiskukuru \u2013 aktiviteetit ja linkit Tuiskukuru \u2013 varauskyselyt Tuiskukuru \u2013 gallery Tuiskukuru Tuiskukuru on vuonna 2024 valmistunut paritalohuoneisto. Se tarjoaa&hellip;","protected":false},"author":1,"featured_media":0,"parent":0,"menu_order":0,"comment_status":"closed","ping_status":"closed","template":"..\/public\/views\/revslider-page-template.php","meta":[],"acf":[],"aioseo_notices":[],"_links":{"self":[{"href":"https:\/\/rantatuuli.fi\/w\/wp-json\/wp\/v2\/pages\/4782"}],"collection":[{"href":"https:\/\/rantatuuli.fi\/w\/wp-json\/wp\/v2\/pages"}],"about":[{"href":"https:\/\/rantatuuli.fi\/w\/wp-json\/wp\/v2\/types\/page"}],"author":[{"embeddable":true,"href":"https:\/\/rantatuuli.fi\/w\/wp-json\/wp\/v2\/users\/1"}],"replies":[{"embeddable":true,"href":"https:\/\/rantatuuli.fi\/w\/wp-json\/wp\/v2\/comments?post=4782"}],"version-history":[{"count":1,"href":"https:\/\/rantatuuli.fi\/w\/wp-json\/wp\/v2\/pages\/4782\/revisions"}],"predecessor-version":[{"id":5076,"href":"https:\/\/rantatuuli.fi\/w\/wp-json\/wp\/v2\/pages\/4782\/revisions\/5076"}],"wp:attachment":[{"href":"https:\/\/rantatuuli.fi\/w\/wp-json\/wp\/v2\/media?parent=4782"}],"curies":[{"name":"wp","href":"https:\/\/api.w.org\/{rel}","templated":true}]}}