{"id":3647,"date":"2019-04-27T16:28:09","date_gmt":"2019-04-27T16:28:09","guid":{"rendered":"http:\/\/rantatuuli.fi\/w\/?page_id=3647"},"modified":"2021-08-15T08:01:31","modified_gmt":"2021-08-15T08:01:31","slug":"varusteet","status":"publish","type":"page","link":"https:\/\/rantatuuli.fi\/w\/nn\/tunturituuli-5\/varusteet\/","title":{"rendered":"Tunturituuli &#8211; interi\u00f8r og utstyr"},"content":{"rendered":"<div class=\"su-row yla\"><div class=\"su-column su-column-size-1-1 su-column-centered\"><div class=\"su-column-inner su-u-clearfix su-u-trim\">\r\n<table width=100%>\r\n<td >\r\n<p class=\"font-1 paaotsikko\" style=\"\"><a href=\"https:\/\/rantatuuli.fi\" class=\"ylaotsikko\">Rantatuuli<br>Saariselk\u00e4 &amp; Kuopio &amp; Vuokatti<br>Finland<\/a><\/p>\r\n<p class=\"font-2 ylakakkosrivi\">Vakre feriehjem i Nord-og \u00d8st-Finland<\/p>\r\n<\/td>\r\n<td style=\"margins:10px\">\r\n\r\n<div >\r\n  <table>\r\n<tbody>\r\n  <tr>\r\n  <td><a href=\"https:\/\/rantatuuli.fi\/w\/nn\/tunturituuli-5\/\" border=\"0\"><img src=\"https:\/\/rantatuuli.fi\/w\/wp-content\/uploads\/2019\/04\/tunturituuli-125.jpg\" width=auto height=auto alt=\"\"class=\"size-full wp-image-2133\" srcset=\"https:\/\/rantatuuli.fi\/w\/wp-content\/uploads\/2019\/04\/tunturituuli-125.jpg 127w, https:\/\/rantatuuli.fi\/w\/wp-content\/uploads\/2019\/04\/tunturituuli-125-24x24.jpg 24w, https:\/\/rantatuuli.fi\/w\/wp-content\/uploads\/2019\/04\/tunturituuli-125-36x36.jpg 36w, https:\/\/rantatuuli.fi\/w\/wp-content\/uploads\/2019\/04\/tunturituuli-125-48x48.jpg 48w\" sizes=\"(max-width: 127px) 100vw, 127px\" \/><br><font style=\"font-size:0.8em\">Saariselk\u00e4<\/font><\/a><\/td>    <td width=3px><\/td>   <td><a href=\"https:\/\/rantatuuli.fi\/w\/nn\/tunturikoivu-5\/\" border=\"0\"><img src=\"https:\/\/rantatuuli.fi\/w\/wp-content\/uploads\/2019\/04\/tunturikoivu-125.jpg\" width=auto height=auto alt=\"\" class=\"size-full wp-image-2132\" srcset=\"https:\/\/rantatuuli.fi\/w\/wp-content\/uploads\/2019\/04\/tunturikoivu-125.jpg 127w, https:\/\/rantatuuli.fi\/w\/wp-content\/uploads\/2019\/04\/tunturikoivu-125-24x24.jpg 24w, https:\/\/rantatuuli.fi\/w\/wp-content\/uploads\/2019\/04\/tunturikoivu-125-36x36.jpg 36w, https:\/\/rantatuuli.fi\/w\/wp-content\/uploads\/2019\/04\/tunturikoivu-125-48x48.jpg 48w\" sizes=\"(max-width: 127px) 100vw, 127px\" \/><br><font style=\"font-size:0.8em\">Saariselk\u00e4<\/font><\/a><\/td>   <td width=3px><\/td>   <td><a href=\"https:\/\/rantatuuli.fi\/w\/en\/tuiskukuru-2\/\" border=\"0\"><img src=\"https:\/\/rantatuuli.fi\/w\/wp-content\/uploads\/2025\/05\/tuiskukuru-125.jpg\" width=auto height=auto alt=\"\" class=\"size-full wp-image-2132\" \/><br><font style=\"font-size:0.8em\">Saariselk\u00e4<\/font><\/a><\/td>   <td width=3px><\/td>   <td><a href=\"https:\/\/rantatuuli.fi\/w\/en\/paasisalo-2\/\" border=\"0\"><img src=\"https:\/\/rantatuuli.fi\/w\/wp-content\/uploads\/2019\/04\/paasisalo-125.jpg\" alt=\"\" width=auto height=auto class=\"size-full wp-image-2130\" srcset=\"https:\/\/rantatuuli.fi\/w\/wp-content\/uploads\/2019\/04\/paasisalo-125.jpg 127w, https:\/\/rantatuuli.fi\/w\/wp-content\/uploads\/2019\/04\/paasisalo-125-24x24.jpg 24w, https:\/\/rantatuuli.fi\/w\/wp-content\/uploads\/2019\/04\/paasisalo-125-36x36.jpg 36w, https:\/\/rantatuuli.fi\/w\/wp-content\/uploads\/2019\/04\/paasisalo-125-48x48.jpg 48w\" sizes=\"(max-width: 127px) 100vw, 127px\" \/><br><font style=\"font-size:0.8em\">Kuopio<\/font><\/a><\/td>   <td width=3px><\/td>   <td><a href=\"https:\/\/rantatuuli.fi\/w\/en\/vuokatti-2\/\" border=\"0\"><img src=\"https:\/\/rantatuuli.fi\/w\/wp-content\/uploads\/2021\/07\/vuokatti-125.jpg\" alt=\"\" width=auto height=auto class=\"size-full wp-image-2130\" \/><br><font style=\"font-size:0.8em\">Vuokatti<\/font><\/a><\/td>   <\/tr><\/tbody><\/table>\r\n<\/div>\r\n\r\n<\/td>\r\n<td class=\"kielitd\">\r\n    <div class=\"menulang\"><ul id=\"menu-kielivalikko\" class=\"menu menukieliluokka\"><li id=\"menu-item-3141\" class=\"menu-item menu-item-type-post_type menu-item-object-page menu-item-3141\"><a href=\"https:\/\/rantatuuli.fi\/w\/etusivu\/\" class=\"menu-image-title-hide menu-image-not-hovered\"><span class=\"menu-image-title-hide menu-image-title\">Etusivu<\/span><img width=\"36\" height=\"36\" src=\"https:\/\/rantatuuli.fi\/w\/wp-content\/uploads\/2019\/04\/fi64-36x36.png\" class=\"menu-image menu-image-title-hide\" alt=\"FI\" \/><\/a><\/li>\n<li id=\"menu-item-3143\" class=\"menu-item menu-item-type-post_type menu-item-object-page menu-item-3143\"><a href=\"https:\/\/rantatuuli.fi\/w\/en\/etusivu-2\/\" class=\"menu-image-title-hide menu-image-not-hovered\"><span class=\"menu-image-title-hide menu-image-title\">Homepage<\/span><img width=\"36\" height=\"36\" src=\"https:\/\/rantatuuli.fi\/w\/wp-content\/uploads\/2019\/04\/uk64-36x36.png\" class=\"menu-image menu-image-title-hide\" alt=\"UK\" \/><\/a><\/li>\n<li id=\"menu-item-3144\" class=\"menu-item menu-item-type-post_type menu-item-object-page menu-item-3144\"><a href=\"https:\/\/rantatuuli.fi\/w\/de\/etusivu-3\/\" class=\"menu-image-title-hide menu-image-not-hovered\"><span class=\"menu-image-title-hide menu-image-title\">Startseite<\/span><img width=\"36\" height=\"36\" src=\"https:\/\/rantatuuli.fi\/w\/wp-content\/uploads\/2019\/04\/de64-36x36.png\" class=\"menu-image menu-image-title-hide\" alt=\"DE\" \/><\/a><\/li>\n<li id=\"menu-item-3145\" class=\"menu-item menu-item-type-post_type menu-item-object-page menu-item-3145\"><a href=\"https:\/\/rantatuuli.fi\/w\/ru\/etusivu-4\/\" class=\"menu-image-title-hide menu-image-not-hovered\"><span class=\"menu-image-title-hide menu-image-title\">\u0434\u043e\u043c\u0430\u0448\u043d\u044f\u044f \u0441\u0442\u0440\u0430\u043d\u0438\u0446\u0430<\/span><img width=\"36\" height=\"36\" src=\"https:\/\/rantatuuli.fi\/w\/wp-content\/uploads\/2019\/04\/ru64-36x36.png\" class=\"menu-image menu-image-title-hide\" alt=\"RU\" \/><\/a><\/li>\n<li id=\"menu-item-3142\" class=\"menu-item menu-item-type-post_type menu-item-object-page menu-item-3142\"><a href=\"https:\/\/rantatuuli.fi\/w\/nn\/etusivu-5\/\" class=\"menu-image-title-hide menu-image-not-hovered\"><span class=\"menu-image-title-hide menu-image-title\">Hjemmeside<\/span><img width=\"36\" height=\"36\" src=\"https:\/\/rantatuuli.fi\/w\/wp-content\/uploads\/2019\/04\/flag_NOR-36x36.png\" class=\"menu-image menu-image-title-hide\" alt=\"Norway.\" \/><\/a><\/li>\n<\/ul><\/div>\r\n<\/td>\r\n<\/td><\/table>\r\n<\/div><\/div><\/div>\r\n\r\n<div class=\"su-row slaidirow\"><div class=\"su-divider su-divider-style-default viiva\" style=\"margin:0px 0;border-width:5px;border-color:#dfa60e\"><\/div> <div id=\"metaslider-id-2677\" style=\"width: 100%; margin: 0 auto;\" class=\"ml-slider-3-104-0 metaslider metaslider-nivo metaslider-2677 ml-slider ms-theme-jenga\" role=\"region\" aria-label=\"Tunturituuli\" data-height=\"550\" data-width=\"1920\">\n    <div id=\"metaslider_container_2677\">\n        <div class='slider-wrapper theme-default'><div class='ribbon'><\/div><div id='metaslider_2677' class='nivoSlider'><img src=\"https:\/\/rantatuuli.fi\/w\/wp-content\/uploads\/2019\/04\/Tunturituuli-WD-13.jpg\" height=\"550\" width=\"1920\" title=\"Tunturituuli-WD-13\" alt=\"Tuiskukuru - aktiviteetit ja linkit\" class=\"slider-2677 slide-2681 msDefaultImage\" data-no-lazy=\"1\" \/><img src=\"https:\/\/rantatuuli.fi\/w\/wp-content\/uploads\/2019\/04\/Tunturituuli-WD-10.jpg\" height=\"550\" width=\"1920\" title=\"Tunturituuli-WD-10\" alt=\"Tunturituuli\" class=\"slider-2677 slide-2683 msDefaultImage\" data-no-lazy=\"1\" \/><img src=\"https:\/\/rantatuuli.fi\/w\/wp-content\/uploads\/2019\/04\/Tunturituuli-WD-8.jpg\" height=\"550\" width=\"1920\" title=\"Tunturituuli-WD-8\" alt=\"Tunturituuli\" class=\"slider-2677 slide-2685 msDefaultImage\" data-no-lazy=\"1\" \/><img src=\"https:\/\/rantatuuli.fi\/w\/wp-content\/uploads\/2019\/04\/Tunturituuli-WD-6.jpg\" height=\"550\" width=\"1920\" title=\"Tunturituuli-WD-6\" alt=\"Tuiskukuru - aktiviteetit ja linkit\" class=\"slider-2677 slide-2687 msDefaultImage\" data-no-lazy=\"1\" \/><img src=\"https:\/\/rantatuuli.fi\/w\/wp-content\/uploads\/2019\/04\/Tunturituuli-WD-9.jpg\" height=\"550\" width=\"1920\" title=\"Tunturituuli-WD-9\" alt=\"Tunturituuli\" class=\"slider-2677 slide-2684 msDefaultImage\" data-no-lazy=\"1\" \/><img src=\"https:\/\/rantatuuli.fi\/w\/wp-content\/uploads\/2019\/04\/Tunturituuli-WD-3.jpg\" height=\"550\" width=\"1920\" title=\"Tunturituuli-WD-3\" alt=\"Tunturituuli\" class=\"slider-2677 slide-2690 msDefaultImage\" data-no-lazy=\"1\" \/><img src=\"https:\/\/rantatuuli.fi\/w\/wp-content\/uploads\/2019\/04\/Tunturituuli-WD-0.jpg\" height=\"550\" width=\"1920\" title=\"Tunturituuli-WD-0\" alt=\"Tunturituuli\" class=\"slider-2677 slide-2692 msDefaultImage\" data-no-lazy=\"1\" \/><img src=\"https:\/\/rantatuuli.fi\/w\/wp-content\/uploads\/2019\/04\/Tunturituuli-WD-17.jpg\" height=\"550\" width=\"1920\" title=\"Tunturituuli-WD-17\" alt=\"Tunturituuli\" class=\"slider-2677 slide-2698 msDefaultImage\" data-no-lazy=\"1\" \/><img src=\"https:\/\/rantatuuli.fi\/w\/wp-content\/uploads\/2019\/04\/Tunturituuli-WD-ulko3.jpg\" height=\"550\" width=\"1920\" title=\"Tunturituuli-WD-ulko3\" alt=\"Tunturituuli.\" class=\"slider-2677 slide-2920 msDefaultImage\" data-no-lazy=\"1\" \/><img src=\"https:\/\/rantatuuli.fi\/w\/wp-content\/uploads\/2019\/04\/Tunturituuli-WD-11.jpg\" height=\"550\" width=\"1920\" title=\"Tunturituuli-WD-11\" alt=\"Tunturituuli\" class=\"slider-2677 slide-2682 msDefaultImage\" data-no-lazy=\"1\" \/><img src=\"https:\/\/rantatuuli.fi\/w\/wp-content\/uploads\/2019\/04\/Tunturituuli-WD-14.jpg\" height=\"550\" width=\"1920\" title=\"Tunturituuli-WD-14\" alt=\"Tunturituuli\" class=\"slider-2677 slide-2680 msDefaultImage\" data-no-lazy=\"1\" \/><img src=\"https:\/\/rantatuuli.fi\/w\/wp-content\/uploads\/2019\/04\/Tunturituuli-WD-18.jpg\" height=\"550\" width=\"1920\" title=\"Tunturituuli-WD-18\" alt=\"Tunturituuli\" class=\"slider-2677 slide-2697 msDefaultImage\" data-no-lazy=\"1\" \/><img src=\"https:\/\/rantatuuli.fi\/w\/wp-content\/uploads\/2019\/04\/Tunturituuli-WD-1.jpg\" height=\"550\" width=\"1920\" title=\"Tunturituuli-WD-1\" alt=\"Tunturituuli\" class=\"slider-2677 slide-2691 msDefaultImage\" data-no-lazy=\"1\" \/><img src=\"https:\/\/rantatuuli.fi\/w\/wp-content\/uploads\/2019\/04\/Tunturituuli-WD-19.jpg\" height=\"550\" width=\"1920\" title=\"Tunturituuli-WD-19\" alt=\"Tunturituuli\" class=\"slider-2677 slide-2696 msDefaultImage\" data-no-lazy=\"1\" \/><img src=\"https:\/\/rantatuuli.fi\/w\/wp-content\/uploads\/2019\/04\/Tunturituuli-WD-ulko2.jpg\" height=\"550\" width=\"1920\" title=\"Tunturituuli-WD-ulko2\" alt=\"Tunturituuli.\" class=\"slider-2677 slide-2919 msDefaultImage\" data-no-lazy=\"1\" \/><img src=\"https:\/\/rantatuuli.fi\/w\/wp-content\/uploads\/2019\/04\/Tunturituuli-WD-7.jpg\" height=\"550\" width=\"1920\" title=\"Tunturituuli-WD-7\" alt=\"Tunturituuli\" class=\"slider-2677 slide-2686 msDefaultImage\" data-no-lazy=\"1\" \/><img src=\"https:\/\/rantatuuli.fi\/w\/wp-content\/uploads\/2019\/04\/Tunturituuli-WD-etupihasyks.jpg\" height=\"550\" width=\"1920\" title=\"Tunturituuli-WD-etupihasyks\" alt=\"Tunturituuli.\" class=\"slider-2677 slide-2821 msDefaultImage\" data-no-lazy=\"1\" \/><\/div><\/div>\n        \n    <\/div>\n<\/div><div class=\"su-divider su-divider-style-default\" style=\"margin:0px 0;border-width:5px;border-color:#dfa60e\"><\/div><\/div>\r\n\r\n<!---- HEADER P\u00c4\u00c4TTYY ------------------------------------------------------------------------------------------------>\r\n\r\n<div class=\"su-row\">\r\n\r\n\r\n\r\n\r\n<!--------- VASEN LAITA JA MENU------------------>\r\n<div class=\"su-column su-column-size-2-5 vasen\"><div class=\"su-column-inner su-u-clearfix su-u-trim\">\r\n<div class=\"su-divider su-divider-style-margin-bottom0px viiva\" style=\"margin:0px 0;border-width:5px;border-color:#dfa60e\"><\/div>\r\n<div class=\"menutausta\">\r\n<h2 class=\"vasenmenuotsikko ylavalikkofontti \">Tunturituuli A &#038; B<br>\r\nSaariselk\u00e4, Lapland<\/h2>\r\n<ul id=\"menu-tunturituuli_nn\" class=\"menu ylavalikkofontti vasenmenu\"><li id=\"menu-item-3657\" class=\"menu-item menu-item-type-post_type menu-item-object-page menu-item-3657\"><a href=\"https:\/\/rantatuuli.fi\/w\/tunturituuli-5\/\">Tunturituuli A &#038; B<\/a><\/li>\n<li id=\"menu-item-3662\" class=\"menu-item menu-item-type-post_type menu-item-object-page menu-item-3662\"><a href=\"https:\/\/rantatuuli.fi\/w\/nn\/tunturituuli-5\/varusteet\/\">Tunturituuli \u2013 interi\u00f8r og utstyr<\/a><\/li>\n<li id=\"menu-item-3658\" class=\"menu-item menu-item-type-post_type menu-item-object-page menu-item-3658\"><a href=\"https:\/\/rantatuuli.fi\/w\/nn\/tunturituuli-5\/aktiviteetit\/\">Tunturituuli \u2013 Aktiviteter og lenker<\/a><\/li>\n<li id=\"menu-item-3656\" class=\"menu-item menu-item-type-post_type menu-item-object-page menu-item-3656\"><a href=\"https:\/\/rantatuuli.fi\/w\/nn\/tunturituuli-5\/varaus\/\">Tunturituuli \u2013 booking foresp\u00f8rsel<\/a><\/li>\n<li id=\"menu-item-3946\" class=\"menu-item menu-item-type-post_type menu-item-object-wpape_gallery_type menu-item-3946\"><a href=\"https:\/\/rantatuuli.fi\/w\/ape_gallery\/tunturituuli\/\">Tunturituuli \u2013 galleri<\/a><\/li>\n<\/ul><\/div>\r\n<div class=\"su-divider su-divider-style-default viiva\" style=\"margin:0px 0;border-width:5px;border-color:#dfa60e\"><\/div>\r\n<p>&nbsp;<\/p>\r\n\r\n<!--------- VASEMMAT KUVAT ------------------>\r\n\r\n\r\n<img src=\"https:\/\/rantatuuli.fi\/w\/wp-content\/uploads\/2019\/04\/600-tuuli-oh3.jpg\" alt=\"\" width=\"600\" height=\"399\" class=\"autoimage alignnone size-full wp-image-2875\" srcset=\"https:\/\/rantatuuli.fi\/w\/wp-content\/uploads\/2019\/04\/600-tuuli-oh3.jpg 600w, https:\/\/rantatuuli.fi\/w\/wp-content\/uploads\/2019\/04\/600-tuuli-oh3-300x200.jpg 300w, https:\/\/rantatuuli.fi\/w\/wp-content\/uploads\/2019\/04\/600-tuuli-oh3-558x371.jpg 558w, https:\/\/rantatuuli.fi\/w\/wp-content\/uploads\/2019\/04\/600-tuuli-oh3-24x16.jpg 24w, https:\/\/rantatuuli.fi\/w\/wp-content\/uploads\/2019\/04\/600-tuuli-oh3-36x24.jpg 36w, https:\/\/rantatuuli.fi\/w\/wp-content\/uploads\/2019\/04\/600-tuuli-oh3-48x32.jpg 48w, https:\/\/rantatuuli.fi\/w\/wp-content\/uploads\/2019\/04\/600-tuuli-oh3-272x182.jpg 272w\" sizes=\"(max-width: 600px) 100vw, 600px\" \/>\r\n<img src=\"https:\/\/rantatuuli.fi\/w\/wp-content\/uploads\/2019\/04\/600-tuuli-oh2.jpg\" alt=\"\" width=\"600\" height=\"399\" class=\"autoimage alignnone size-full wp-image-2874\" srcset=\"https:\/\/rantatuuli.fi\/w\/wp-content\/uploads\/2019\/04\/600-tuuli-oh2.jpg 600w, https:\/\/rantatuuli.fi\/w\/wp-content\/uploads\/2019\/04\/600-tuuli-oh2-300x200.jpg 300w, https:\/\/rantatuuli.fi\/w\/wp-content\/uploads\/2019\/04\/600-tuuli-oh2-558x371.jpg 558w, https:\/\/rantatuuli.fi\/w\/wp-content\/uploads\/2019\/04\/600-tuuli-oh2-24x16.jpg 24w, https:\/\/rantatuuli.fi\/w\/wp-content\/uploads\/2019\/04\/600-tuuli-oh2-36x24.jpg 36w, https:\/\/rantatuuli.fi\/w\/wp-content\/uploads\/2019\/04\/600-tuuli-oh2-48x32.jpg 48w, https:\/\/rantatuuli.fi\/w\/wp-content\/uploads\/2019\/04\/600-tuuli-oh2-272x182.jpg 272w\" sizes=\"(max-width: 600px) 100vw, 600px\" \/>\r\n<img src=\"https:\/\/rantatuuli.fi\/w\/wp-content\/uploads\/2019\/04\/600-tuuli-mh2.jpg\" alt=\"\" width=\"600\" height=\"399\" class=\"autoimage alignnone size-full wp-image-2869\" srcset=\"https:\/\/rantatuuli.fi\/w\/wp-content\/uploads\/2019\/04\/600-tuuli-mh2.jpg 600w, https:\/\/rantatuuli.fi\/w\/wp-content\/uploads\/2019\/04\/600-tuuli-mh2-300x200.jpg 300w, https:\/\/rantatuuli.fi\/w\/wp-content\/uploads\/2019\/04\/600-tuuli-mh2-558x371.jpg 558w, https:\/\/rantatuuli.fi\/w\/wp-content\/uploads\/2019\/04\/600-tuuli-mh2-24x16.jpg 24w, https:\/\/rantatuuli.fi\/w\/wp-content\/uploads\/2019\/04\/600-tuuli-mh2-36x24.jpg 36w, https:\/\/rantatuuli.fi\/w\/wp-content\/uploads\/2019\/04\/600-tuuli-mh2-48x32.jpg 48w, https:\/\/rantatuuli.fi\/w\/wp-content\/uploads\/2019\/04\/600-tuuli-mh2-272x182.jpg 272w\" sizes=\"(max-width: 600px) 100vw, 600px\" \/>\r\n<img src=\"https:\/\/rantatuuli.fi\/w\/wp-content\/uploads\/2019\/04\/600-tuuli-mh5.jpg\" alt=\"\" width=\"600\" height=\"399\" class=\"autoimage alignnone size-full wp-image-2872\" srcset=\"https:\/\/rantatuuli.fi\/w\/wp-content\/uploads\/2019\/04\/600-tuuli-mh5.jpg 600w, https:\/\/rantatuuli.fi\/w\/wp-content\/uploads\/2019\/04\/600-tuuli-mh5-300x200.jpg 300w, https:\/\/rantatuuli.fi\/w\/wp-content\/uploads\/2019\/04\/600-tuuli-mh5-558x371.jpg 558w, https:\/\/rantatuuli.fi\/w\/wp-content\/uploads\/2019\/04\/600-tuuli-mh5-24x16.jpg 24w, https:\/\/rantatuuli.fi\/w\/wp-content\/uploads\/2019\/04\/600-tuuli-mh5-36x24.jpg 36w, https:\/\/rantatuuli.fi\/w\/wp-content\/uploads\/2019\/04\/600-tuuli-mh5-48x32.jpg 48w, https:\/\/rantatuuli.fi\/w\/wp-content\/uploads\/2019\/04\/600-tuuli-mh5-272x182.jpg 272w\" sizes=\"(max-width: 600px) 100vw, 600px\" \/>\r\n\r\n<br>\r\n<!--------- VASEMMAN REUNAN P\u00c4\u00c4TT\u00d6------------------>\r\n<div class=\"su-divider su-divider-style-vertical-alignbaseline\" style=\"margin:0px 0;border-width:5px;border-color:#dfa60e\"><\/div>\r\n <img class=\"centimage\" src=\"https:\/\/rantatuuli.fi\/w\/wp-content\/uploads\/2018\/03\/divider2-300x26.png\" alt=\"\" \/>\r\n<img src=\"https:\/\/rantatuuli.fi\/w\/wp-content\/uploads\/2019\/04\/pehmenne.png\" alt=\"\" width=\"100%\" height=\"auto\" class=\"alignbottom wp-image-2012\" srcset=\"https:\/\/rantatuuli.fi\/w\/wp-content\/uploads\/2019\/04\/pehmenne.png 500w, https:\/\/rantatuuli.fi\/w\/wp-content\/uploads\/2019\/04\/pehmenne-300x77.png 300w, https:\/\/rantatuuli.fi\/w\/wp-content\/uploads\/2019\/04\/pehmenne-24x6.png 24w, https:\/\/rantatuuli.fi\/w\/wp-content\/uploads\/2019\/04\/pehmenne-36x9.png 36w, https:\/\/rantatuuli.fi\/w\/wp-content\/uploads\/2019\/04\/pehmenne-48x12.png 48w\" sizes=\"(max-width: 500px) 100vw, 500px\" \/>\r\n<\/div><\/div> <div class=\"su-column su-column-size-3-5 oikee\"><div class=\"su-column-inner su-u-clearfix su-u-trim\"><\/p>\r\n\r\n\r\n\r\n<!--------- OIKEA LAITA \/ TEKSTIALUE ------------------------------>\r\n\r\n<div class=\"su-heading su-heading-style-default su-heading-align-center font-1\" id=\"\" style=\"font-size:30px;margin-bottom:20px\"><div class=\"su-heading-inner\">Tunturituuli &#8211; interi\u00f8r og utstyr<\/div><\/div>\r\n\r\n<img src=\"https:\/\/rantatuuli.fi\/w\/wp-content\/uploads\/2019\/04\/tunturituuli_pohja_2019.jpg\" alt=\"\" width=\"700\" height=\"781\" class=\"alignnone size-full wp-image-2895\" srcset=\"https:\/\/rantatuuli.fi\/w\/wp-content\/uploads\/2019\/04\/tunturituuli_pohja_2019.jpg 700w, https:\/\/rantatuuli.fi\/w\/wp-content\/uploads\/2019\/04\/tunturituuli_pohja_2019-269x300.jpg 269w, https:\/\/rantatuuli.fi\/w\/wp-content\/uploads\/2019\/04\/tunturituuli_pohja_2019-558x623.jpg 558w, https:\/\/rantatuuli.fi\/w\/wp-content\/uploads\/2019\/04\/tunturituuli_pohja_2019-655x731.jpg 655w, https:\/\/rantatuuli.fi\/w\/wp-content\/uploads\/2019\/04\/tunturituuli_pohja_2019-22x24.jpg 22w, https:\/\/rantatuuli.fi\/w\/wp-content\/uploads\/2019\/04\/tunturituuli_pohja_2019-32x36.jpg 32w, https:\/\/rantatuuli.fi\/w\/wp-content\/uploads\/2019\/04\/tunturituuli_pohja_2019-43x48.jpg 43w\" sizes=\"(max-width: 700px) 100vw, 700px\" \/>\r\n<p>Tunturituulihyttene er best egnet for 2-6 personer. Hytte inneholder kj\u00f8kkenstue, badstueavdelingen og tre soverom. Aller sengene har rammemadrass. Det finns alt p\u00e5 kj\u00f8kkenet til \u00e5 lage mat. Om kvelden kan du sitte at med stemningsfylt, ek<te Hopealoimu steinspeis. Mer stemning gir spesiel belysningen ute. \r\n<p>\r\nDet finns et rom der du kan sm\u00f8re ski. Du har ogs\u00e5 spark tilgjengelig, n\u00e5r du skal til butikk eller p\u00e5 tur ellers. Det er ogs\u00e5 mulighet \u00e5 leie sykler.\r\n<p>\r\nTunturituuli-tomannsbolig inneholder to leiligheter. Hvis du leier besse delene har du mulighet \u00e5 ta med vennefamilie eller andre venner. En av de beste sidene ved Tunturituuli er utsikten mot \u00f8demark gjennom h\u00f8ye vinduene i speisestue.\r\n<p>\r\nVi tar vare p\u00e5 renhold og hygiene p\u00e5 best mulig m\u00e5te. F. eks vi aksepterer ikke egne senget\u00f8y. Vi bruker renholdfirma, som tar seg av renhold til slutt.\r\n\r\n\r\n\r\n<div class=\"su-heading su-heading-style-default su-heading-align-center font-1\" id=\"\" style=\"font-size:30px;margin-bottom:20px\"><div class=\"su-heading-inner\">Boareal<\/div><\/div>\r\n<h3>Leilighet 61m2<\/h3>\r\n<p>Kj\u00f8kkenstue med speis (sofaseng for to personer), tre soverom (i to av rommene er det 2 seperate seng, en av soverommene er det k\u00f8yeseng), badstue\/dusj, toalett.\r\n\r\n<h3>Utstyr<\/h3>\r\n<p>Fult utstyrt kj\u00f8kken, oppvaskmaskin, mikrob\u00f8lgeovn, komfyr, kj\u00f8leskap, tv, cd-spiller, t\u00f8rkeskap, vaskemaskin, strykejern, stikkekontakt for bil, grillplass ute.\r\n\r\n<h3>Annet<\/h3>\r\n<p>Sm\u00f8rerom for ski (kj\u00f8lig). Husdyr er ikke tillatt. Skil\u00f8ype starter rett at med hytta. Det er ingen gjennomtrafikk. Flybussene stopper i n\u00e6rheten.\r\n\r\n<p><img src=\"https:\/\/rantatuuli.fi\/w\/wp-content\/uploads\/2018\/03\/divider2-300x26.png\" alt=\"\" class=\"centimage\"\/><\/p>\r\n<!-- \/wp:html -->\r\n\r\n\r\n\r\n\r\n\r\n\r\n<!--------- FOOTTERI ------------------------------>\r\n<!-- wp:html --> \r\n<\/div><\/div><\/div>\r\n<div class=\"su-divider su-divider-style-default\" style=\"margin:0px 0;border-width:5px;border-color:#dfa60e\"><\/div> <div class=\"su-row ala\"> <div class=\"su-column su-column-size-1-1 ala su-column-centered\"><div class=\"su-column-inner su-u-clearfix su-u-trim\">\r\n<p class=\"font-2 alafontti\">\r\n \u2022 +358 (0)400-674 721 \u2022 <br\/>\r\n<a href=\"mailto:reservations@rantatuuli.fi\">reservations@rantatuuli.fi<\/a> \u2022 <a href=\"https:\/\/rantatuuli.fi\/w\/en\/yhteydenotto-2\/\">Kontakt skjema<\/a> <br\/>\r\n \u2022 <a href=\"https:\/\/rantatuuli.fi\/w\/en\/etusivu-2\/\">\u00a9 rantatuuli.fi<\/a> \u2022  <\/p>\r\n<\/div><\/div> <\/div>\r\n<!-- \/wp:html -->","protected":false},"excerpt":{"rendered":"RantatuuliSaariselk\u00e4 &amp; Kuopio &amp; VuokattiFinland Vakre feriehjem i Nord-og \u00d8st-Finland Saariselk\u00e4 Saariselk\u00e4 Saariselk\u00e4 Kuopio Vuokatti Etusivu Homepage Startseite \u0434\u043e\u043c\u0430\u0448\u043d\u044f\u044f \u0441\u0442\u0440\u0430\u043d\u0438\u0446\u0430 Hjemmeside Tunturituuli A &#038; B Saariselk\u00e4, Lapland Tunturituuli A &#038; B Tunturituuli \u2013 interi\u00f8r og utstyr Tunturituuli \u2013 Aktiviteter og lenker Tunturituuli \u2013 booking foresp\u00f8rsel Tunturituuli \u2013 galleri &nbsp; Tunturituuli &#8211; interi\u00f8r og utstyr Tunturituulihyttene&hellip;","protected":false},"author":1,"featured_media":0,"parent":3650,"menu_order":0,"comment_status":"closed","ping_status":"closed","template":"..\/public\/views\/revslider-page-template.php","meta":[],"acf":[],"aioseo_notices":[],"_links":{"self":[{"href":"https:\/\/rantatuuli.fi\/w\/wp-json\/wp\/v2\/pages\/3647"}],"collection":[{"href":"https:\/\/rantatuuli.fi\/w\/wp-json\/wp\/v2\/pages"}],"about":[{"href":"https:\/\/rantatuuli.fi\/w\/wp-json\/wp\/v2\/types\/page"}],"author":[{"embeddable":true,"href":"https:\/\/rantatuuli.fi\/w\/wp-json\/wp\/v2\/users\/1"}],"replies":[{"embeddable":true,"href":"https:\/\/rantatuuli.fi\/w\/wp-json\/wp\/v2\/comments?post=3647"}],"version-history":[{"count":0,"href":"https:\/\/rantatuuli.fi\/w\/wp-json\/wp\/v2\/pages\/3647\/revisions"}],"up":[{"embeddable":true,"href":"https:\/\/rantatuuli.fi\/w\/wp-json\/wp\/v2\/pages\/3650"}],"wp:attachment":[{"href":"https:\/\/rantatuuli.fi\/w\/wp-json\/wp\/v2\/media?parent=3647"}],"curies":[{"name":"wp","href":"https:\/\/api.w.org\/{rel}","templated":true}]}}