{"id":3462,"date":"2019-04-22T17:22:18","date_gmt":"2019-04-22T17:22:18","guid":{"rendered":"http:\/\/rantatuuli.fi\/w\/?page_id=3462"},"modified":"2021-08-14T19:40:47","modified_gmt":"2021-08-14T19:40:47","slug":"varusteet","status":"publish","type":"page","link":"https:\/\/rantatuuli.fi\/w\/de\/tunturikoivu-3\/varusteet\/","title":{"rendered":"Tunturikoivu &#8211; Innenausstattung"},"content":{"rendered":"\r\n<div class=\"su-row yla\"><div class=\"su-column su-column-size-1-1 su-column-centered\"><div class=\"su-column-inner su-u-clearfix su-u-trim\">\r\n<table width=100%>\r\n<td >\r\n   <p class=\"font-1 paaotsikko\" style=\"\"><a href=\"https:\/\/rantatuuli.fi\" class=\"ylaotsikko\">Rantatuuli.fi, Finland<\/a><\/p>\r\n   <p class=\"font-2 ylakakkosrivi\">Sch\u00f6ne Ferienh\u00e4user in Nord- und Ostfinnland<\/p>\r\n<\/td>\r\n<td style=\"margins:10px\">\r\n\r\n<div >\r\n  <table>\r\n<tbody>\r\n  <tr>\r\n   <td><a href=\"https:\/\/rantatuuli.fi\/w\/de\/tunturituuli-3\/\" border=\"0\"><img src=\"https:\/\/rantatuuli.fi\/w\/wp-content\/uploads\/2019\/04\/tunturituuli-125.jpg\" width=auto height=auto alt=\"\"class=\"size-full wp-image-2133\" srcset=\"https:\/\/rantatuuli.fi\/w\/wp-content\/uploads\/2019\/04\/tunturituuli-125.jpg 127w, https:\/\/rantatuuli.fi\/w\/wp-content\/uploads\/2019\/04\/tunturituuli-125-24x24.jpg 24w, https:\/\/rantatuuli.fi\/w\/wp-content\/uploads\/2019\/04\/tunturituuli-125-36x36.jpg 36w, https:\/\/rantatuuli.fi\/w\/wp-content\/uploads\/2019\/04\/tunturituuli-125-48x48.jpg 48w\" sizes=\"(max-width: 127px) 100vw, 127px\" \/><br><font style=\"font-size:0.8em\">Saariselk\u00e4<\/font><\/a><\/td>\r\n   <td width=3px><\/td>\r\n  <td><a href=\"https:\/\/rantatuuli.fi\/w\/de\/tunturikoivu-3\/\" border=\"0\"><img src=\"https:\/\/rantatuuli.fi\/w\/wp-content\/uploads\/2019\/04\/tunturikoivu-125.jpg\" width=auto height=auto alt=\"\" class=\"size-full wp-image-2132\" srcset=\"https:\/\/rantatuuli.fi\/w\/wp-content\/uploads\/2019\/04\/tunturikoivu-125.jpg 127w, https:\/\/rantatuuli.fi\/w\/wp-content\/uploads\/2019\/04\/tunturikoivu-125-24x24.jpg 24w, https:\/\/rantatuuli.fi\/w\/wp-content\/uploads\/2019\/04\/tunturikoivu-125-36x36.jpg 36w, https:\/\/rantatuuli.fi\/w\/wp-content\/uploads\/2019\/04\/tunturikoivu-125-48x48.jpg 48w\" sizes=\"(max-width: 127px) 100vw, 127px\" \/><br><font style=\"font-size:0.8em\">Saariselk\u00e4<\/font><\/a><\/td>\r\n  <td width=3px><\/td>\r\n  <td><a href=\"https:\/\/rantatuuli.fi\/w\/de\/paasisalo-3\/\" border=\"0\"><img src=\"https:\/\/rantatuuli.fi\/w\/wp-content\/uploads\/2019\/04\/paasisalo-125.jpg\" alt=\"\" width=auto height=auto class=\"size-full wp-image-2130\" srcset=\"https:\/\/rantatuuli.fi\/w\/wp-content\/uploads\/2019\/04\/paasisalo-125.jpg 127w, https:\/\/rantatuuli.fi\/w\/wp-content\/uploads\/2019\/04\/paasisalo-125-24x24.jpg 24w, https:\/\/rantatuuli.fi\/w\/wp-content\/uploads\/2019\/04\/paasisalo-125-36x36.jpg 36w, https:\/\/rantatuuli.fi\/w\/wp-content\/uploads\/2019\/04\/paasisalo-125-48x48.jpg 48w\" sizes=\"(max-width: 127px) 100vw, 127px\" \/><br><font style=\"font-size:0.8em\">Kuopio<\/font><\/a><\/td>\r\n  <td width=3px><\/td>\r\n  <td><a href=\"https:\/\/rantatuuli.fi\/w\/de\/vuokatti-3\/\" border=\"0\"><img src=\"https:\/\/rantatuuli.fi\/w\/wp-content\/uploads\/2021\/07\/vuokatti-125.jpg\" alt=\"\" width=auto height=auto class=\"size-full wp-image-2130\" \/><br><font style=\"font-size:0.8em\">Vuokatti<\/font><\/a><\/td>\r\n  <\/tr><\/tbody><\/table>\r\n<\/div>\r\n\r\n<\/td>\r\n<td class=\"kielitd\">\r\n    <div class=\"menulang\"><ul id=\"menu-kielivalikko\" class=\"menu menukieliluokka\"><li id=\"menu-item-3141\" class=\"menu-item menu-item-type-post_type menu-item-object-page menu-item-3141\"><a href=\"https:\/\/rantatuuli.fi\/w\/etusivu\/\" class=\"menu-image-title-hide menu-image-not-hovered\"><span class=\"menu-image-title-hide menu-image-title\">Etusivu<\/span><img width=\"36\" height=\"36\" src=\"https:\/\/rantatuuli.fi\/w\/wp-content\/uploads\/2019\/04\/fi64-36x36.png\" class=\"menu-image menu-image-title-hide\" alt=\"FI\" \/><\/a><\/li>\n<li id=\"menu-item-3143\" class=\"menu-item menu-item-type-post_type menu-item-object-page menu-item-3143\"><a href=\"https:\/\/rantatuuli.fi\/w\/en\/etusivu-2\/\" class=\"menu-image-title-hide menu-image-not-hovered\"><span class=\"menu-image-title-hide menu-image-title\">Homepage<\/span><img width=\"36\" height=\"36\" src=\"https:\/\/rantatuuli.fi\/w\/wp-content\/uploads\/2019\/04\/uk64-36x36.png\" class=\"menu-image menu-image-title-hide\" alt=\"UK\" \/><\/a><\/li>\n<li id=\"menu-item-3144\" class=\"menu-item menu-item-type-post_type menu-item-object-page menu-item-3144\"><a href=\"https:\/\/rantatuuli.fi\/w\/de\/etusivu-3\/\" class=\"menu-image-title-hide menu-image-not-hovered\"><span class=\"menu-image-title-hide menu-image-title\">Startseite<\/span><img width=\"36\" height=\"36\" src=\"https:\/\/rantatuuli.fi\/w\/wp-content\/uploads\/2019\/04\/de64-36x36.png\" class=\"menu-image menu-image-title-hide\" alt=\"DE\" \/><\/a><\/li>\n<li id=\"menu-item-3145\" class=\"menu-item menu-item-type-post_type menu-item-object-page menu-item-3145\"><a href=\"https:\/\/rantatuuli.fi\/w\/ru\/etusivu-4\/\" class=\"menu-image-title-hide menu-image-not-hovered\"><span class=\"menu-image-title-hide menu-image-title\">\u0434\u043e\u043c\u0430\u0448\u043d\u044f\u044f \u0441\u0442\u0440\u0430\u043d\u0438\u0446\u0430<\/span><img width=\"36\" height=\"36\" src=\"https:\/\/rantatuuli.fi\/w\/wp-content\/uploads\/2019\/04\/ru64-36x36.png\" class=\"menu-image menu-image-title-hide\" alt=\"RU\" \/><\/a><\/li>\n<li id=\"menu-item-3142\" class=\"menu-item menu-item-type-post_type menu-item-object-page menu-item-3142\"><a href=\"https:\/\/rantatuuli.fi\/w\/nn\/etusivu-5\/\" class=\"menu-image-title-hide menu-image-not-hovered\"><span class=\"menu-image-title-hide menu-image-title\">Hjemmeside<\/span><img width=\"36\" height=\"36\" src=\"https:\/\/rantatuuli.fi\/w\/wp-content\/uploads\/2019\/04\/flag_NOR-36x36.png\" class=\"menu-image menu-image-title-hide\" alt=\"Norway.\" \/><\/a><\/li>\n<\/ul><\/div>\r\n<\/td>\r\n<\/td><\/table>\r\n<\/div><\/div><\/div>\r\n\r\n<div class=\"su-row slaidirow\"><div class=\"su-divider su-divider-style-default viiva\" style=\"margin:0px 0;border-width:5px;border-color:#dfa60e\"><\/div> <div id=\"metaslider-id-2785\" style=\"width: 100%; margin: 0 auto;\" class=\"ml-slider-3-104-0 metaslider metaslider-nivo metaslider-2785 ml-slider ms-theme-jenga\" role=\"region\" aria-label=\"Tunturikoivu\" data-height=\"550\" data-width=\"1920\">\n    <div id=\"metaslider_container_2785\">\n        <div class='slider-wrapper theme-default'><div class='ribbon'><\/div><div id='metaslider_2785' class='nivoSlider'><img src=\"https:\/\/rantatuuli.fi\/w\/wp-content\/uploads\/2019\/04\/Tunturikoivu-WD-ulko-2.jpg\" height=\"550\" width=\"1920\" title=\"Tunturikoivu-WD-ulko-2\" alt=\"Tunturikoivu\" class=\"slider-2785 slide-2801 msDefaultImage\" data-no-lazy=\"1\" \/><img src=\"https:\/\/rantatuuli.fi\/w\/wp-content\/uploads\/2019\/04\/Tunturikoivu-WD-ulko-3.jpg\" height=\"550\" width=\"1920\" title=\"Tunturikoivu-WD-ulko-3\" alt=\"Tunturikoivu\" class=\"slider-2785 slide-2802 msDefaultImage\" data-no-lazy=\"1\" \/><img src=\"https:\/\/rantatuuli.fi\/w\/wp-content\/uploads\/2019\/04\/Tunturikoivu-WD-mh-2.jpg\" height=\"550\" width=\"1920\" title=\"Tunturikoivu-WD-mh-2\" alt=\"Tunturikoivu\" class=\"slider-2785 slide-2795 msDefaultImage\" data-no-lazy=\"1\" \/><img src=\"https:\/\/rantatuuli.fi\/w\/wp-content\/uploads\/2019\/04\/Tunturikoivu-WD-ala-3.jpg\" height=\"550\" width=\"1920\" title=\"Tunturikoivu-WD-ala-3\" alt=\"Tunturikoivu\" class=\"slider-2785 slide-2797 msDefaultImage\" data-no-lazy=\"1\" \/><img src=\"https:\/\/rantatuuli.fi\/w\/wp-content\/uploads\/2019\/04\/Tunturituuli-WD-4.jpg\" height=\"550\" width=\"1920\" title=\"Tunturituuli-WD-4\" alt=\"Tunturituuli\" class=\"slider-2785 slide-2819 msDefaultImage\" data-no-lazy=\"1\" \/><img src=\"https:\/\/rantatuuli.fi\/w\/wp-content\/uploads\/2019\/04\/Tunturikoivu-WD-ala-2.jpg\" height=\"550\" width=\"1920\" title=\"Tunturikoivu-WD-ala-2\" alt=\"Tunturikoivu\" class=\"slider-2785 slide-2796 msDefaultImage\" data-no-lazy=\"1\" \/><img src=\"https:\/\/rantatuuli.fi\/w\/wp-content\/uploads\/2019\/04\/Tunturikoivu-WD-ulko-1.jpg\" height=\"550\" width=\"1920\" title=\"Tunturikoivu-WD-ulko-1\" alt=\"Tunturikoivu\" class=\"slider-2785 slide-2794 msDefaultImage\" data-no-lazy=\"1\" \/><img src=\"https:\/\/rantatuuli.fi\/w\/wp-content\/uploads\/2019\/04\/Tunturikoivu-WD-drone.jpg\" height=\"550\" width=\"1920\" title=\"Tunturikoivu-WD-drone\" alt=\"Tunturikoivu\" class=\"slider-2785 slide-2803 msDefaultImage\" data-no-lazy=\"1\" \/><img src=\"https:\/\/rantatuuli.fi\/w\/wp-content\/uploads\/2019\/04\/Tunturikoivu-WD-etupihasyks.jpg\" height=\"550\" width=\"1920\" title=\"Tunturikoivu-WD-etupihasyks\" alt=\"Tunturikoivu\" class=\"slider-2785 slide-2815 msDefaultImage\" data-no-lazy=\"1\" \/><img src=\"https:\/\/rantatuuli.fi\/w\/wp-content\/uploads\/2019\/04\/Tunturikoivu-WD-kylpy.jpg\" height=\"550\" width=\"1920\" title=\"Tunturikoivu-WD-kylpy\" alt=\"Tunturikoivu\" class=\"slider-2785 slide-2798 msDefaultImage\" data-no-lazy=\"1\" \/><img src=\"https:\/\/rantatuuli.fi\/w\/wp-content\/uploads\/2019\/04\/Tunturikoivu-WD-yla-1.jpg\" height=\"550\" width=\"1920\" title=\"Tunturikoivu-WD-yla-1\" alt=\"Tunturikoivu\" class=\"slider-2785 slide-2791 msDefaultImage\" data-no-lazy=\"1\" \/><img src=\"https:\/\/rantatuuli.fi\/w\/wp-content\/uploads\/2019\/04\/Tunturikoivu-WD-ala-1.jpg\" height=\"550\" width=\"1920\" title=\"Tunturikoivu-WD-ala-1\" alt=\"Tunturikoivu\" class=\"slider-2785 slide-2792 msDefaultImage\" data-no-lazy=\"1\" \/><img src=\"https:\/\/rantatuuli.fi\/w\/wp-content\/uploads\/2019\/04\/Tunturikoivu-WD-takapiha-1.jpg\" height=\"550\" width=\"1920\" title=\"Tunturikoivu-WD-takapiha\" alt=\"Tunturikoivu\" class=\"slider-2785 slide-2921 msDefaultImage\" data-no-lazy=\"1\" \/><img src=\"https:\/\/rantatuuli.fi\/w\/wp-content\/uploads\/2019\/04\/Tunturikoivu-WD-mh-1.jpg\" height=\"550\" width=\"1920\" title=\"Tunturikoivu-WD-mh-1\" alt=\"Tunturikoivu\" class=\"slider-2785 slide-2793 msDefaultImage\" data-no-lazy=\"1\" \/><img src=\"https:\/\/rantatuuli.fi\/w\/wp-content\/uploads\/2019\/04\/Tunturikoivu-WD-mh3.jpg\" height=\"550\" width=\"1920\" title=\"Tunturikoivu-WD-mh3\" alt=\"Tunturikoivu\" class=\"slider-2785 slide-2799 msDefaultImage\" data-no-lazy=\"1\" \/><img src=\"https:\/\/rantatuuli.fi\/w\/wp-content\/uploads\/2019\/04\/Tunturikoivu-WD-takapiha.jpg\" height=\"550\" width=\"1920\" title=\"Tunturikoivu-WD-takapiha\" alt=\"Tunturikoivu\" class=\"slider-2785 slide-2816 msDefaultImage\" data-no-lazy=\"1\" \/><img src=\"https:\/\/rantatuuli.fi\/w\/wp-content\/uploads\/2019\/04\/Tunturituuli-WD-15.jpg\" height=\"550\" width=\"1920\" title=\"Tunturituuli-WD-15\" alt=\"Tuiskukuru - aktiviteetit ja linkit\" class=\"slider-2785 slide-2817 msDefaultImage\" data-no-lazy=\"1\" \/><img src=\"https:\/\/rantatuuli.fi\/w\/wp-content\/uploads\/2019\/04\/Tunturituuli-WD-5.jpg\" height=\"550\" width=\"1920\" title=\"Tunturituuli-WD-5\" alt=\"Tunturituuli\" class=\"slider-2785 slide-2818 msDefaultImage\" data-no-lazy=\"1\" \/><img src=\"https:\/\/rantatuuli.fi\/w\/wp-content\/uploads\/2019\/04\/Tunturituuli-WD-16.jpg\" height=\"550\" width=\"1920\" title=\"Tunturituuli-WD-16\" alt=\"Tunturituuli\" class=\"slider-2785 slide-2822 msDefaultImage\" data-no-lazy=\"1\" \/><img src=\"https:\/\/rantatuuli.fi\/w\/wp-content\/uploads\/2019\/04\/Tunturikoivu-WD-ulko-4.jpg\" height=\"550\" width=\"1920\" title=\"Tunturikoivu-WD-ulko-4\" alt=\"Tunturikoivu\" class=\"slider-2785 slide-2804 msDefaultImage\" data-no-lazy=\"1\" \/><img src=\"https:\/\/rantatuuli.fi\/w\/wp-content\/uploads\/2019\/04\/Tunturikoivu-WD-ruokailu.jpg\" height=\"550\" width=\"1920\" title=\"Tunturikoivu-WD-ruokailu\" alt=\"Tunturikoivu\" class=\"slider-2785 slide-2800 msDefaultImage\" data-no-lazy=\"1\" \/><\/div><\/div>\n        \n    <\/div>\n<\/div><div class=\"su-divider su-divider-style-default\" style=\"margin:0px 0;border-width:5px;border-color:#dfa60e\"><\/div><\/div> <div class=\"su-row\">\r\n\r\n<!---- HEADER P\u00c4\u00c4TTYY ------------------------------------------------------------------------------------------------>\r\n\r\n\r\n\r\n\r\n\r\n\r\n<!--------- VASEN LAITA JA MENU------------------>\r\n<div class=\"su-column su-column-size-2-5 vasen\"><div class=\"su-column-inner su-u-clearfix su-u-trim\">\r\n<div class=\"su-divider su-divider-style-margin-bottom0px viiva\" style=\"margin:0px 0;border-width:5px;border-color:#dfa60e\"><\/div>\r\n<div class=\"menutausta\">\r\n<h2 class=\"vasenmenuotsikko ylavalikkofontti \">Tunturikoivu 1 &#038; 2<br>\r\nSaariselk\u00e4, Lapland<\/h2>\r\n<ul id=\"menu-tunturikoivu_de\" class=\"menu ylavalikkofontti vasenmenu\"><li id=\"menu-item-3352\" class=\"menu-item menu-item-type-post_type menu-item-object-page menu-item-3352\"><a href=\"https:\/\/rantatuuli.fi\/w\/de\/tunturikoivu-3\/\">Tunturikoivu 1&#038;2<\/a><\/li>\n<li id=\"menu-item-3466\" class=\"menu-item menu-item-type-post_type menu-item-object-page menu-item-3466\"><a href=\"https:\/\/rantatuuli.fi\/w\/de\/tunturikoivu-3\/varusteet\/\">Tunturikoivu \u2013 Innenausstattung<\/a><\/li>\n<li id=\"menu-item-3461\" class=\"menu-item menu-item-type-post_type menu-item-object-page menu-item-3461\"><a href=\"https:\/\/rantatuuli.fi\/w\/de\/tunturikoivu-3\/aktiviteetit\/\">Tunturikoivu \u2013 Aktivit\u00e4ten und Links<\/a><\/li>\n<li id=\"menu-item-3376\" class=\"menu-item menu-item-type-post_type menu-item-object-page menu-item-3376\"><a href=\"https:\/\/rantatuuli.fi\/w\/de\/tunturikoivu-3\/varaus\/\">Tunturikoivu \u2013 Buchungen<\/a><\/li>\n<li id=\"menu-item-3930\" class=\"menu-item menu-item-type-post_type menu-item-object-wpape_gallery_type menu-item-3930\"><a href=\"https:\/\/rantatuuli.fi\/w\/ape_gallery\/tunturikoivu\/\">Tunturikoivu \u2013 Galerie<\/a><\/li>\n<\/ul><\/div>\r\n<div class=\"su-divider su-divider-style-default viiva\" style=\"margin:0px 0;border-width:5px;border-color:#dfa60e\"><\/div>\r\n<p>&nbsp;<\/p>\r\n\r\n<!--------- VASEMMAT KUVAT ------------------>\r\n\r\n\r\n<img src=\"https:\/\/rantatuuli.fi\/w\/wp-content\/uploads\/2019\/04\/600-koivu-ala-4-1.jpg\" alt=\"\" width=\"600\" height=\"399\" class=\"autoimage alignnone size-full wp-image-2847\" srcset=\"https:\/\/rantatuuli.fi\/w\/wp-content\/uploads\/2019\/04\/600-koivu-ala-4-1.jpg 600w, https:\/\/rantatuuli.fi\/w\/wp-content\/uploads\/2019\/04\/600-koivu-ala-4-1-300x200.jpg 300w, https:\/\/rantatuuli.fi\/w\/wp-content\/uploads\/2019\/04\/600-koivu-ala-4-1-558x371.jpg 558w, https:\/\/rantatuuli.fi\/w\/wp-content\/uploads\/2019\/04\/600-koivu-ala-4-1-24x16.jpg 24w, https:\/\/rantatuuli.fi\/w\/wp-content\/uploads\/2019\/04\/600-koivu-ala-4-1-36x24.jpg 36w, https:\/\/rantatuuli.fi\/w\/wp-content\/uploads\/2019\/04\/600-koivu-ala-4-1-48x32.jpg 48w, https:\/\/rantatuuli.fi\/w\/wp-content\/uploads\/2019\/04\/600-koivu-ala-4-1-272x182.jpg 272w\" sizes=\"(max-width: 600px) 100vw, 600px\" \/>\r\n<img src=\"https:\/\/rantatuuli.fi\/w\/wp-content\/uploads\/2019\/04\/600-koivu-yla-2.jpg\" alt=\"\" width=\"600\" height=\"399\" class=\"autoimage alignnone size-full wp-image-2839\" srcset=\"https:\/\/rantatuuli.fi\/w\/wp-content\/uploads\/2019\/04\/600-koivu-yla-2.jpg 600w, https:\/\/rantatuuli.fi\/w\/wp-content\/uploads\/2019\/04\/600-koivu-yla-2-300x200.jpg 300w, https:\/\/rantatuuli.fi\/w\/wp-content\/uploads\/2019\/04\/600-koivu-yla-2-558x371.jpg 558w, https:\/\/rantatuuli.fi\/w\/wp-content\/uploads\/2019\/04\/600-koivu-yla-2-24x16.jpg 24w, https:\/\/rantatuuli.fi\/w\/wp-content\/uploads\/2019\/04\/600-koivu-yla-2-36x24.jpg 36w, https:\/\/rantatuuli.fi\/w\/wp-content\/uploads\/2019\/04\/600-koivu-yla-2-48x32.jpg 48w, https:\/\/rantatuuli.fi\/w\/wp-content\/uploads\/2019\/04\/600-koivu-yla-2-272x182.jpg 272w\" sizes=\"(max-width: 600px) 100vw, 600px\" \/>\r\n<img src=\"https:\/\/rantatuuli.fi\/w\/wp-content\/uploads\/2019\/04\/600-koivu-mh-3.jpg\" alt=\"\" width=\"600\" height=\"399\" class=\"autoimage alignnone size-full wp-image-2834\" srcset=\"https:\/\/rantatuuli.fi\/w\/wp-content\/uploads\/2019\/04\/600-koivu-mh-3.jpg 600w, https:\/\/rantatuuli.fi\/w\/wp-content\/uploads\/2019\/04\/600-koivu-mh-3-300x200.jpg 300w, https:\/\/rantatuuli.fi\/w\/wp-content\/uploads\/2019\/04\/600-koivu-mh-3-558x371.jpg 558w, https:\/\/rantatuuli.fi\/w\/wp-content\/uploads\/2019\/04\/600-koivu-mh-3-24x16.jpg 24w, https:\/\/rantatuuli.fi\/w\/wp-content\/uploads\/2019\/04\/600-koivu-mh-3-36x24.jpg 36w, https:\/\/rantatuuli.fi\/w\/wp-content\/uploads\/2019\/04\/600-koivu-mh-3-48x32.jpg 48w, https:\/\/rantatuuli.fi\/w\/wp-content\/uploads\/2019\/04\/600-koivu-mh-3-272x182.jpg 272w\" sizes=\"(max-width: 600px) 100vw, 600px\" \/>\r\n<img src=\"https:\/\/rantatuuli.fi\/w\/wp-content\/uploads\/2019\/04\/600-koivu-suksihoitohuone-1.jpg\" alt=\"\" width=\"600\" height=\"399\" class=\"autoimage alignnone size-full wp-image-2837\" srcset=\"https:\/\/rantatuuli.fi\/w\/wp-content\/uploads\/2019\/04\/600-koivu-suksihoitohuone-1.jpg 600w, https:\/\/rantatuuli.fi\/w\/wp-content\/uploads\/2019\/04\/600-koivu-suksihoitohuone-1-300x200.jpg 300w, https:\/\/rantatuuli.fi\/w\/wp-content\/uploads\/2019\/04\/600-koivu-suksihoitohuone-1-558x371.jpg 558w, https:\/\/rantatuuli.fi\/w\/wp-content\/uploads\/2019\/04\/600-koivu-suksihoitohuone-1-24x16.jpg 24w, https:\/\/rantatuuli.fi\/w\/wp-content\/uploads\/2019\/04\/600-koivu-suksihoitohuone-1-36x24.jpg 36w, https:\/\/rantatuuli.fi\/w\/wp-content\/uploads\/2019\/04\/600-koivu-suksihoitohuone-1-48x32.jpg 48w, https:\/\/rantatuuli.fi\/w\/wp-content\/uploads\/2019\/04\/600-koivu-suksihoitohuone-1-272x182.jpg 272w\" sizes=\"(max-width: 600px) 100vw, 600px\" \/>\r\n\r\n\r\n<br>\r\n<!--------- VASEMMAN REUNAN P\u00c4\u00c4TT\u00d6------------------>\r\n<div class=\"su-divider su-divider-style-vertical-alignbaseline\" style=\"margin:0px 0;border-width:5px;border-color:#dfa60e\"><\/div>\r\n <img class=\"centimage\" src=\"https:\/\/rantatuuli.fi\/w\/wp-content\/uploads\/2018\/03\/divider2-300x26.png\" alt=\"\" \/>\r\n<img src=\"https:\/\/rantatuuli.fi\/w\/wp-content\/uploads\/2019\/04\/pehmenne.png\" alt=\"\" width=\"100%\" height=\"auto\" class=\"alignbottom wp-image-2012\" srcset=\"https:\/\/rantatuuli.fi\/w\/wp-content\/uploads\/2019\/04\/pehmenne.png 500w, https:\/\/rantatuuli.fi\/w\/wp-content\/uploads\/2019\/04\/pehmenne-300x77.png 300w, https:\/\/rantatuuli.fi\/w\/wp-content\/uploads\/2019\/04\/pehmenne-24x6.png 24w, https:\/\/rantatuuli.fi\/w\/wp-content\/uploads\/2019\/04\/pehmenne-36x9.png 36w, https:\/\/rantatuuli.fi\/w\/wp-content\/uploads\/2019\/04\/pehmenne-48x12.png 48w\" sizes=\"(max-width: 500px) 100vw, 500px\" \/>\r\n<\/div><\/div> <div class=\"su-column su-column-size-3-5 oikee\"><div class=\"su-column-inner su-u-clearfix su-u-trim\"><\/p>\r\n\r\n\r\n\r\n<!--------- OIKEA LAITA \/ TEKSTIALUE ------------------------------>\r\n\r\n<div class=\"su-heading su-heading-style-default su-heading-align-center font-1\" id=\"\" style=\"font-size:30px;margin-bottom:20px\"><div class=\"su-heading-inner\">Tunturikoivu &#8211; Innenausstattung<\/div><\/div>\r\n\r\n<p>Zwei gem\u00fctliche Doppelblockh\u00e4user mit insgesamt vier Appartements. Jedes Tunturikoivu-Appartement (A1, A2 and B1, B2) bietet Platz f\u00fcr 4-8 Personen und ist eine ideale Wahl f\u00fcr zwei Familien.\r\n\r\n\r\n<p><img style=\"display: block; margin-left: auto; margin-right: auto;\" src=\"https:\/\/rantatuuli.fi\/w\/wp-content\/uploads\/2018\/03\/divider2-300x26.png\" alt=\"\" \/><\/p>\r\n\r\n<div class=\"su-heading su-heading-style-default su-heading-align-center font-1\" id=\"\" style=\"font-size:30px;margin-bottom:20px\"><div class=\"su-heading-inner\">Geb\u00e4udeplan<\/div><\/div>\r\n\r\n<img src=\"https:\/\/rantatuuli.fi\/w\/wp-content\/uploads\/2019\/04\/tunturikoivu_pohja_2019d.jpg\" alt=\"\" width=\"700\" height=\"958\" class=\"aligncenter size-full wp-image-2888\" srcset=\"https:\/\/rantatuuli.fi\/w\/wp-content\/uploads\/2019\/04\/tunturikoivu_pohja_2019d.jpg 700w, https:\/\/rantatuuli.fi\/w\/wp-content\/uploads\/2019\/04\/tunturikoivu_pohja_2019d-219x300.jpg 219w, https:\/\/rantatuuli.fi\/w\/wp-content\/uploads\/2019\/04\/tunturikoivu_pohja_2019d-558x764.jpg 558w, https:\/\/rantatuuli.fi\/w\/wp-content\/uploads\/2019\/04\/tunturikoivu_pohja_2019d-655x896.jpg 655w, https:\/\/rantatuuli.fi\/w\/wp-content\/uploads\/2019\/04\/tunturikoivu_pohja_2019d-18x24.jpg 18w, https:\/\/rantatuuli.fi\/w\/wp-content\/uploads\/2019\/04\/tunturikoivu_pohja_2019d-26x36.jpg 26w, https:\/\/rantatuuli.fi\/w\/wp-content\/uploads\/2019\/04\/tunturikoivu_pohja_2019d-35x48.jpg 35w\" sizes=\"(max-width: 700px) 100vw, 700px\" \/>\r\n<p>\r\n\r\n<h3>Erdgeschoss 47 m2<\/H3>\r\nWohnk\u00fcche mit Kamin, zwei Schlafzimmer f\u00fcr 3-4 (je mit zwei getrennten Betten), Sauna, Waschraum\/WC.\r\n\r\n<h3>Offene Schlafgalerie 22 m2<\/h3>\r\nzwei Betten sowie eine ausziehbare Schlafcouch f\u00fcr zwei Personen.\r\n\r\n<h3>Ausstattung:<\/H3>\r\nel. Beleuchtung und Heizung, fl. Kalt- und Warmwasser, Geschirr, Geschirrsp\u00fcler, Mikrowelle, Elektroherd, K\u00fchlschrank, Waschmaschine, B\u00fcgeleisen, Kabel-TV, CD-Player, Trockenschrank f\u00fcr Kleidung, Elektroanschluss f\u00fcr Kfz-Heizung, Grillplatz auf dem Hof.\r\n\r\n<h3>Sonstiges:<\/h3> \r\nHaustiere sind nicht erlaubt. Skipflegeraum (unbeheizt) im Haus. Kinderbett auf Anfrage. Beide H\u00e4user verf\u00fcgen \u00fcber zwei Tretschlitten und einen Plastikschlitten zur gemeinsamen Nutzung. Verleih von Mountainbikes vorhanden. Langlaufloipen beginnen vor der Haust\u00fcr. Die H\u00e4user liegen am Ende einer ruhigen Sackgasse &#8211; daher kein st\u00f6render Durchgangsverkehr. Die Haltestelle f\u00fcr den Flughafenbus liegt in der N\u00e4he.\r\n\r\n\r\n<p><img src=\"https:\/\/rantatuuli.fi\/w\/wp-content\/uploads\/2018\/03\/divider2-300x26.png\" alt=\"\" class=\"centimage\"\/><\/p>\r\n<!-- \/wp:html -->\r\n\r\n\r\n\r\n<!--------- FOOTTERI ------------------------------>\r\n<!-- wp:html --> \r\n<\/div><\/div><\/div> <div class=\"su-divider su-divider-style-default\" style=\"margin:0px 0;border-width:5px;border-color:#dfa60e\"><\/div><div class=\"su-row ala\"> <div class=\"su-column su-column-size-1-1 ala su-column-centered\"><div class=\"su-column-inner su-u-clearfix su-u-trim\">\r\n<p class=\"font-2 alafontti\">\r\n \u2022 +358 (0)400-674 721 \u2022 <br\/>\r\n<a href=\"mailto:reservations@rantatuuli.fi\">reservations@rantatuuli.fi<\/a> \u2022 <a href=\"https:\/\/rantatuuli.fi\/w\/en\/yhteydenotto-2\/\">Kontaktformular<\/a> <br\/>\r\n \u2022 <a href=\"https:\/\/rantatuuli.fi\/w\/de\/etusivu-3\/\">\u00a9 rantatuuli.fi<\/a> \u2022  <\/p>\r\n<\/div><\/div> <\/div> \r\n<!-- \/wp:html -->\r\n\r\n","protected":false},"excerpt":{"rendered":"Rantatuuli.fi, Finland Sch\u00f6ne Ferienh\u00e4user in Nord- und Ostfinnland Saariselk\u00e4 Saariselk\u00e4 Kuopio Vuokatti Etusivu Homepage Startseite \u0434\u043e\u043c\u0430\u0448\u043d\u044f\u044f \u0441\u0442\u0440\u0430\u043d\u0438\u0446\u0430 Hjemmeside Tunturikoivu 1 &#038; 2 Saariselk\u00e4, Lapland Tunturikoivu 1&#038;2 Tunturikoivu \u2013 Innenausstattung Tunturikoivu \u2013 Aktivit\u00e4ten und Links Tunturikoivu \u2013 Buchungen Tunturikoivu \u2013 Galerie &nbsp; Tunturikoivu &#8211; Innenausstattung Zwei gem\u00fctliche Doppelblockh\u00e4user mit insgesamt vier Appartements. Jedes Tunturikoivu-Appartement (A1, A2&hellip;","protected":false},"author":1,"featured_media":0,"parent":3344,"menu_order":0,"comment_status":"closed","ping_status":"closed","template":"..\/public\/views\/revslider-page-template.php","meta":[],"acf":[],"aioseo_notices":[],"_links":{"self":[{"href":"https:\/\/rantatuuli.fi\/w\/wp-json\/wp\/v2\/pages\/3462"}],"collection":[{"href":"https:\/\/rantatuuli.fi\/w\/wp-json\/wp\/v2\/pages"}],"about":[{"href":"https:\/\/rantatuuli.fi\/w\/wp-json\/wp\/v2\/types\/page"}],"author":[{"embeddable":true,"href":"https:\/\/rantatuuli.fi\/w\/wp-json\/wp\/v2\/users\/1"}],"replies":[{"embeddable":true,"href":"https:\/\/rantatuuli.fi\/w\/wp-json\/wp\/v2\/comments?post=3462"}],"version-history":[{"count":0,"href":"https:\/\/rantatuuli.fi\/w\/wp-json\/wp\/v2\/pages\/3462\/revisions"}],"up":[{"embeddable":true,"href":"https:\/\/rantatuuli.fi\/w\/wp-json\/wp\/v2\/pages\/3344"}],"wp:attachment":[{"href":"https:\/\/rantatuuli.fi\/w\/wp-json\/wp\/v2\/media?parent=3462"}],"curies":[{"name":"wp","href":"https:\/\/api.w.org\/{rel}","templated":true}]}}