{"id":3448,"date":"2019-04-22T17:02:43","date_gmt":"2019-04-22T17:02:43","guid":{"rendered":"http:\/\/rantatuuli.fi\/w\/?page_id=3448"},"modified":"2021-08-15T07:59:08","modified_gmt":"2021-08-15T07:59:08","slug":"aktiviteetit","status":"publish","type":"page","link":"https:\/\/rantatuuli.fi\/w\/de\/paasisalo-3\/aktiviteetit\/","title":{"rendered":"Paasisalo &#8211; Aktivit\u00e4ten und Links"},"content":{"rendered":"\r\n<div class=\"su-row yla\"><div class=\"su-column su-column-size-1-1 su-column-centered\"><div class=\"su-column-inner su-u-clearfix su-u-trim\">\r\n<table width=100%>\r\n<td >\r\n   <p class=\"font-1 ylaotsikko\" style=\"font-size:1.7vw\"><a href=\"https:\/\/rantatuuli.fi\" class=\"ylaotsikko\" >Rantatuuli<\/a><\/p>\r\n   <p class=\"font-2 ylakakkosrivi\">Sch\u00f6ne Ferienh\u00e4user<br>in Nord- und Ostfinnland<\/p>\r\n<\/td>\r\n<td style=\"margins:10px\">\r\n\r\n<div >\r\n  <table>\r\n<tbody>\r\n  <tr>\r\n   <td><a href=\"https:\/\/rantatuuli.fi\/w\/de\/tunturituuli-3\/\" border=\"0\"><img src=\"https:\/\/rantatuuli.fi\/w\/wp-content\/uploads\/2019\/04\/tunturituuli-125.jpg\" width=auto height=auto alt=\"\"class=\"size-full wp-image-2133\" srcset=\"https:\/\/rantatuuli.fi\/w\/wp-content\/uploads\/2019\/04\/tunturituuli-125.jpg 127w, https:\/\/rantatuuli.fi\/w\/wp-content\/uploads\/2019\/04\/tunturituuli-125-24x24.jpg 24w, https:\/\/rantatuuli.fi\/w\/wp-content\/uploads\/2019\/04\/tunturituuli-125-36x36.jpg 36w, https:\/\/rantatuuli.fi\/w\/wp-content\/uploads\/2019\/04\/tunturituuli-125-48x48.jpg 48w\" sizes=\"(max-width: 127px) 100vw, 127px\" \/><br><font style=\"font-size:0.8em\">Saariselk\u00e4<\/font><\/a><\/td>\r\n   <td width=3px><\/td>\r\n  <td><a href=\"https:\/\/rantatuuli.fi\/w\/de\/tunturikoivu-3\/\" border=\"0\"><img src=\"https:\/\/rantatuuli.fi\/w\/wp-content\/uploads\/2019\/04\/tunturikoivu-125.jpg\" width=auto height=auto alt=\"\" class=\"size-full wp-image-2132\" srcset=\"https:\/\/rantatuuli.fi\/w\/wp-content\/uploads\/2019\/04\/tunturikoivu-125.jpg 127w, https:\/\/rantatuuli.fi\/w\/wp-content\/uploads\/2019\/04\/tunturikoivu-125-24x24.jpg 24w, https:\/\/rantatuuli.fi\/w\/wp-content\/uploads\/2019\/04\/tunturikoivu-125-36x36.jpg 36w, https:\/\/rantatuuli.fi\/w\/wp-content\/uploads\/2019\/04\/tunturikoivu-125-48x48.jpg 48w\" sizes=\"(max-width: 127px) 100vw, 127px\" \/><br><font style=\"font-size:0.8em\">Saariselk\u00e4<\/font><\/a><\/td>\r\n  <td width=3px><\/td>\r\n  <td><a href=\"https:\/\/rantatuuli.fi\/w\/de\/paasisalo-3\/\" border=\"0\"><img src=\"https:\/\/rantatuuli.fi\/w\/wp-content\/uploads\/2019\/04\/paasisalo-125.jpg\" alt=\"\" width=auto height=auto class=\"size-full wp-image-2130\" srcset=\"https:\/\/rantatuuli.fi\/w\/wp-content\/uploads\/2019\/04\/paasisalo-125.jpg 127w, https:\/\/rantatuuli.fi\/w\/wp-content\/uploads\/2019\/04\/paasisalo-125-24x24.jpg 24w, https:\/\/rantatuuli.fi\/w\/wp-content\/uploads\/2019\/04\/paasisalo-125-36x36.jpg 36w, https:\/\/rantatuuli.fi\/w\/wp-content\/uploads\/2019\/04\/paasisalo-125-48x48.jpg 48w\" sizes=\"(max-width: 127px) 100vw, 127px\" \/><br><font style=\"font-size:0.8em\">Kuopio<\/font><\/a><\/td>\r\n  <td width=3px><\/td>\r\n  <td><a href=\"https:\/\/rantatuuli.fi\/w\/de\/vuokatti-3\/\" border=\"0\"><img src=\"https:\/\/rantatuuli.fi\/w\/wp-content\/uploads\/2021\/07\/vuokatti-125.jpg\" alt=\"\" width=auto height=auto class=\"size-full wp-image-2130\" \/><br><font style=\"font-size:0.8em\">Vuokatti<\/font><\/a><\/td>\r\n  <\/tr><\/tbody><\/table>\r\n<\/div>\r\n\r\n<\/td>\r\n<td class=\"kielitd\">\r\n    <div class=\"menulang\"><ul id=\"menu-kielivalikko\" class=\"menu menukieliluokka\"><li id=\"menu-item-3141\" class=\"menu-item menu-item-type-post_type menu-item-object-page menu-item-3141\"><a href=\"https:\/\/rantatuuli.fi\/w\/etusivu\/\" class=\"menu-image-title-hide menu-image-not-hovered\"><span class=\"menu-image-title-hide menu-image-title\">Etusivu<\/span><img width=\"36\" height=\"36\" src=\"https:\/\/rantatuuli.fi\/w\/wp-content\/uploads\/2019\/04\/fi64-36x36.png\" class=\"menu-image menu-image-title-hide\" alt=\"FI\" \/><\/a><\/li>\n<li id=\"menu-item-3143\" class=\"menu-item menu-item-type-post_type menu-item-object-page menu-item-3143\"><a href=\"https:\/\/rantatuuli.fi\/w\/en\/etusivu-2\/\" class=\"menu-image-title-hide menu-image-not-hovered\"><span class=\"menu-image-title-hide menu-image-title\">Homepage<\/span><img width=\"36\" height=\"36\" src=\"https:\/\/rantatuuli.fi\/w\/wp-content\/uploads\/2019\/04\/uk64-36x36.png\" class=\"menu-image menu-image-title-hide\" alt=\"UK\" \/><\/a><\/li>\n<li id=\"menu-item-3144\" class=\"menu-item menu-item-type-post_type menu-item-object-page menu-item-3144\"><a href=\"https:\/\/rantatuuli.fi\/w\/de\/etusivu-3\/\" class=\"menu-image-title-hide menu-image-not-hovered\"><span class=\"menu-image-title-hide menu-image-title\">Startseite<\/span><img width=\"36\" height=\"36\" src=\"https:\/\/rantatuuli.fi\/w\/wp-content\/uploads\/2019\/04\/de64-36x36.png\" class=\"menu-image menu-image-title-hide\" alt=\"DE\" \/><\/a><\/li>\n<li id=\"menu-item-3145\" class=\"menu-item menu-item-type-post_type menu-item-object-page menu-item-3145\"><a href=\"https:\/\/rantatuuli.fi\/w\/ru\/etusivu-4\/\" class=\"menu-image-title-hide menu-image-not-hovered\"><span class=\"menu-image-title-hide menu-image-title\">\u0434\u043e\u043c\u0430\u0448\u043d\u044f\u044f \u0441\u0442\u0440\u0430\u043d\u0438\u0446\u0430<\/span><img width=\"36\" height=\"36\" src=\"https:\/\/rantatuuli.fi\/w\/wp-content\/uploads\/2019\/04\/ru64-36x36.png\" class=\"menu-image menu-image-title-hide\" alt=\"RU\" \/><\/a><\/li>\n<li id=\"menu-item-3142\" class=\"menu-item menu-item-type-post_type menu-item-object-page menu-item-3142\"><a href=\"https:\/\/rantatuuli.fi\/w\/nn\/etusivu-5\/\" class=\"menu-image-title-hide menu-image-not-hovered\"><span class=\"menu-image-title-hide menu-image-title\">Hjemmeside<\/span><img width=\"36\" height=\"36\" src=\"https:\/\/rantatuuli.fi\/w\/wp-content\/uploads\/2019\/04\/flag_NOR-36x36.png\" class=\"menu-image menu-image-title-hide\" alt=\"Norway.\" \/><\/a><\/li>\n<\/ul><\/div>\r\n<\/td>\r\n<\/td><\/table>\r\n<\/div><\/div><\/div>\r\n\r\n<div class=\"su-row slaidirow\"><div class=\"su-divider su-divider-style-default viiva\" style=\"margin:0px 0;border-width:5px;border-color:#dfa60e\"><\/div> <div id=\"metaslider-id-96\" style=\"width: 100%; margin: 0 auto;\" class=\"ml-slider-3-104-0 metaslider metaslider-nivo metaslider-96 ml-slider ms-theme-default\" role=\"region\" aria-label=\"Paasisalo\" data-height=\"550\" data-width=\"1920\">\n    <div id=\"metaslider_container_96\">\n        <div class='slider-wrapper theme-default'><div class='ribbon'><\/div><div id='metaslider_96' class='nivoSlider'><img src=\"https:\/\/rantatuuli.fi\/w\/wp-content\/uploads\/2019\/04\/Paasisalo-WD-00.jpg\" height=\"550\" width=\"1920\" title=\"Paasisalo-WD-00\" alt=\"Villa Paasisalo\" class=\"slider-96 slide-2586 msDefaultImage\" data-no-lazy=\"1\" \/><img src=\"https:\/\/rantatuuli.fi\/w\/wp-content\/uploads\/2019\/04\/Paasisalo-WD-4.jpg\" height=\"550\" width=\"1920\" title=\"Paasisalo-WD-4\" alt=\"Villa Paasisalo\" class=\"slider-96 slide-2593 msDefaultImage\" data-no-lazy=\"1\" \/><img src=\"https:\/\/rantatuuli.fi\/w\/wp-content\/uploads\/2019\/04\/Paasisalo-WD-2.jpg\" height=\"550\" width=\"1920\" title=\"Paasisalo-WD-2\" alt=\"Villa Paasisalo\" class=\"slider-96 slide-2591 msDefaultImage\" data-no-lazy=\"1\" \/><img src=\"https:\/\/rantatuuli.fi\/w\/wp-content\/uploads\/2019\/04\/Paasisalo-WD-1a.jpg\" height=\"550\" width=\"1920\" title=\"Paasisalo-WD-1a\" alt=\"Villa Paasisalo\" class=\"slider-96 slide-2589 msDefaultImage\" data-no-lazy=\"1\" \/><img src=\"https:\/\/rantatuuli.fi\/w\/wp-content\/uploads\/2019\/04\/Paasisalo-WD-8.jpg\" height=\"550\" width=\"1920\" title=\"Paasisalo-WD-8\" alt=\"Villa Paasisalo\" class=\"slider-96 slide-2597 msDefaultImage\" data-no-lazy=\"1\" \/><img src=\"https:\/\/rantatuuli.fi\/w\/wp-content\/uploads\/2019\/04\/Paasisalo-WD-1c.jpg\" height=\"550\" width=\"1920\" title=\"Paasisalo-WD-1c\" alt=\"Villa Paasisalo\" class=\"slider-96 slide-2590 msDefaultImage\" data-no-lazy=\"1\" \/><img src=\"https:\/\/rantatuuli.fi\/w\/wp-content\/uploads\/2019\/04\/Paasisalo-WD-10.jpg\" height=\"550\" width=\"1920\" title=\"Paasisalo-WD-10\" alt=\"Villa Paasisalo\" class=\"slider-96 slide-2599 msDefaultImage\" data-no-lazy=\"1\" \/><img src=\"https:\/\/rantatuuli.fi\/w\/wp-content\/uploads\/2019\/04\/Paasisalo-WD-5.jpg\" height=\"550\" width=\"1920\" title=\"Paasisalo-WD-5\" alt=\"Villa Paasisalo\" class=\"slider-96 slide-2594 msDefaultImage\" data-no-lazy=\"1\" \/><img src=\"https:\/\/rantatuuli.fi\/w\/wp-content\/uploads\/2019\/04\/Paasisalo-WD-3.jpg\" height=\"550\" width=\"1920\" title=\"Paasisalo-WD-3\" alt=\"Villa Paasisalo\" class=\"slider-96 slide-2592 msDefaultImage\" data-no-lazy=\"1\" \/><img src=\"https:\/\/rantatuuli.fi\/w\/wp-content\/uploads\/2019\/04\/Paasisalo-WD-1.jpg\" height=\"550\" width=\"1920\" title=\"Paasisalo-WD-1\" alt=\"Villa Paasisalo\" class=\"slider-96 slide-2588 msDefaultImage\" data-no-lazy=\"1\" \/><img src=\"https:\/\/rantatuuli.fi\/w\/wp-content\/uploads\/2019\/04\/Paasisalo-WD-9.jpg\" height=\"550\" width=\"1920\" title=\"Paasisalo-WD-9\" alt=\"Villa Paasisalo\" class=\"slider-96 slide-2598 msDefaultImage\" data-no-lazy=\"1\" \/><img src=\"https:\/\/rantatuuli.fi\/w\/wp-content\/uploads\/2019\/04\/Paasisalo-WD-12.jpg\" height=\"550\" width=\"1920\" title=\"Paasisalo-WD-12\" alt=\"Villa Paasisalo\" class=\"slider-96 slide-2600 msDefaultImage\" data-no-lazy=\"1\" \/><img src=\"https:\/\/rantatuuli.fi\/w\/wp-content\/uploads\/2019\/04\/Paasisalo-WD-0.jpg\" height=\"550\" width=\"1920\" title=\"Paasisalo-WD-0\" alt=\"Villa Paasisalo\" class=\"slider-96 slide-2587 msDefaultImage\" data-no-lazy=\"1\" \/><img src=\"https:\/\/rantatuuli.fi\/w\/wp-content\/uploads\/2019\/04\/Paasisalo-WD-000.jpg\" height=\"550\" width=\"1920\" title=\"Paasisalo-WD-000\" alt=\"Villa Paasisalo\" class=\"slider-96 slide-2585 msDefaultImage\" data-no-lazy=\"1\" \/><img src=\"https:\/\/rantatuuli.fi\/w\/wp-content\/uploads\/2019\/04\/Paasisalo-WD-7.jpg\" height=\"550\" width=\"1920\" title=\"Paasisalo-WD-7\" alt=\"Villa Paasisalo\" class=\"slider-96 slide-2596 msDefaultImage\" data-no-lazy=\"1\" \/><img src=\"https:\/\/rantatuuli.fi\/w\/wp-content\/uploads\/2019\/04\/Paasisalo-WD-6.jpg\" height=\"550\" width=\"1920\" title=\"Paasisalo-WD-6\" alt=\"Villa Paasisalo\" class=\"slider-96 slide-2595 msDefaultImage\" data-no-lazy=\"1\" \/><\/div><\/div>\n        \n    <\/div>\n<\/div><div class=\"su-divider su-divider-style-default\" style=\"margin:0px 0;border-width:5px;border-color:#dfa60e\"><\/div><\/div>\r\n\r\n<!---- HEADER P\u00c4\u00c4TTYY ------------------------------------------------------------------------------------------------>\r\n <div class=\"su-row\">\r\n\r\n\r\n\r\n\r\n\r\n<div class=\"su-row slaidirow\"><\/div><div class=\"su-divider su-divider-style-default viiva\" style=\"margin:0px 0;border-width:5px;border-color:#dfa60e\"><\/div>\r\n\r\n<div id=\"metaslider-id-96\" style=\"width: 100%; margin: 0 auto;\" class=\"ml-slider-3-104-0 metaslider metaslider-nivo metaslider-96 ml-slider ms-theme-default\" role=\"region\" aria-label=\"Paasisalo\" data-height=\"550\" data-width=\"1920\">\n    <div id=\"metaslider_container_96\">\n        <div class='slider-wrapper theme-default'><div class='ribbon'><\/div><div id='metaslider_96' class='nivoSlider'><img src=\"https:\/\/rantatuuli.fi\/w\/wp-content\/uploads\/2019\/04\/Paasisalo-WD-1a.jpg\" height=\"550\" width=\"1920\" title=\"Paasisalo-WD-1a\" alt=\"Villa Paasisalo\" class=\"slider-96 slide-2589 msDefaultImage\" data-no-lazy=\"1\" \/><img src=\"https:\/\/rantatuuli.fi\/w\/wp-content\/uploads\/2019\/04\/Paasisalo-WD-10.jpg\" height=\"550\" width=\"1920\" title=\"Paasisalo-WD-10\" alt=\"Villa Paasisalo\" class=\"slider-96 slide-2599 msDefaultImage\" data-no-lazy=\"1\" \/><img src=\"https:\/\/rantatuuli.fi\/w\/wp-content\/uploads\/2019\/04\/Paasisalo-WD-2.jpg\" height=\"550\" width=\"1920\" title=\"Paasisalo-WD-2\" alt=\"Villa Paasisalo\" class=\"slider-96 slide-2591 msDefaultImage\" data-no-lazy=\"1\" \/><img src=\"https:\/\/rantatuuli.fi\/w\/wp-content\/uploads\/2019\/04\/Paasisalo-WD-3.jpg\" height=\"550\" width=\"1920\" title=\"Paasisalo-WD-3\" alt=\"Villa Paasisalo\" class=\"slider-96 slide-2592 msDefaultImage\" data-no-lazy=\"1\" \/><img src=\"https:\/\/rantatuuli.fi\/w\/wp-content\/uploads\/2019\/04\/Paasisalo-WD-9.jpg\" height=\"550\" width=\"1920\" title=\"Paasisalo-WD-9\" alt=\"Villa Paasisalo\" class=\"slider-96 slide-2598 msDefaultImage\" data-no-lazy=\"1\" \/><img src=\"https:\/\/rantatuuli.fi\/w\/wp-content\/uploads\/2019\/04\/Paasisalo-WD-7.jpg\" height=\"550\" width=\"1920\" title=\"Paasisalo-WD-7\" alt=\"Villa Paasisalo\" class=\"slider-96 slide-2596 msDefaultImage\" data-no-lazy=\"1\" \/><img src=\"https:\/\/rantatuuli.fi\/w\/wp-content\/uploads\/2019\/04\/Paasisalo-WD-00.jpg\" height=\"550\" width=\"1920\" title=\"Paasisalo-WD-00\" alt=\"Villa Paasisalo\" class=\"slider-96 slide-2586 msDefaultImage\" data-no-lazy=\"1\" \/><img src=\"https:\/\/rantatuuli.fi\/w\/wp-content\/uploads\/2019\/04\/Paasisalo-WD-0.jpg\" height=\"550\" width=\"1920\" title=\"Paasisalo-WD-0\" alt=\"Villa Paasisalo\" class=\"slider-96 slide-2587 msDefaultImage\" data-no-lazy=\"1\" \/><img src=\"https:\/\/rantatuuli.fi\/w\/wp-content\/uploads\/2019\/04\/Paasisalo-WD-1c.jpg\" height=\"550\" width=\"1920\" title=\"Paasisalo-WD-1c\" alt=\"Villa Paasisalo\" class=\"slider-96 slide-2590 msDefaultImage\" data-no-lazy=\"1\" \/><img src=\"https:\/\/rantatuuli.fi\/w\/wp-content\/uploads\/2019\/04\/Paasisalo-WD-000.jpg\" height=\"550\" width=\"1920\" title=\"Paasisalo-WD-000\" alt=\"Villa Paasisalo\" class=\"slider-96 slide-2585 msDefaultImage\" data-no-lazy=\"1\" \/><img src=\"https:\/\/rantatuuli.fi\/w\/wp-content\/uploads\/2019\/04\/Paasisalo-WD-5.jpg\" height=\"550\" width=\"1920\" title=\"Paasisalo-WD-5\" alt=\"Villa Paasisalo\" class=\"slider-96 slide-2594 msDefaultImage\" data-no-lazy=\"1\" \/><img src=\"https:\/\/rantatuuli.fi\/w\/wp-content\/uploads\/2019\/04\/Paasisalo-WD-1.jpg\" height=\"550\" width=\"1920\" title=\"Paasisalo-WD-1\" alt=\"Villa Paasisalo\" class=\"slider-96 slide-2588 msDefaultImage\" data-no-lazy=\"1\" \/><img src=\"https:\/\/rantatuuli.fi\/w\/wp-content\/uploads\/2019\/04\/Paasisalo-WD-8.jpg\" height=\"550\" width=\"1920\" title=\"Paasisalo-WD-8\" alt=\"Villa Paasisalo\" class=\"slider-96 slide-2597 msDefaultImage\" data-no-lazy=\"1\" \/><img src=\"https:\/\/rantatuuli.fi\/w\/wp-content\/uploads\/2019\/04\/Paasisalo-WD-6.jpg\" height=\"550\" width=\"1920\" title=\"Paasisalo-WD-6\" alt=\"Villa Paasisalo\" class=\"slider-96 slide-2595 msDefaultImage\" data-no-lazy=\"1\" \/><img src=\"https:\/\/rantatuuli.fi\/w\/wp-content\/uploads\/2019\/04\/Paasisalo-WD-12.jpg\" height=\"550\" width=\"1920\" title=\"Paasisalo-WD-12\" alt=\"Villa Paasisalo\" class=\"slider-96 slide-2600 msDefaultImage\" data-no-lazy=\"1\" \/><img src=\"https:\/\/rantatuuli.fi\/w\/wp-content\/uploads\/2019\/04\/Paasisalo-WD-4.jpg\" height=\"550\" width=\"1920\" title=\"Paasisalo-WD-4\" alt=\"Villa Paasisalo\" class=\"slider-96 slide-2593 msDefaultImage\" data-no-lazy=\"1\" \/><\/div><\/div>\n        \n    <\/div>\n<\/div>\r\n<div class=\"su-divider su-divider-style-default\" style=\"margin:0px 0;border-width:5px;border-color:#dfa60e\"><\/div><\/div> <div class=\"su-row\">\r\n\r\n<!---- HEADER P\u00c4\u00c4TTYY ------------------------------------------------------------------------------------------------>\r\n\r\n\r\n\r\n\r\n<!--------- VASEN LAITA JA MENU------------------>\r\n<div class=\"su-column su-column-size-2-5 vasen\"><div class=\"su-column-inner su-u-clearfix su-u-trim\">\r\n<div class=\"su-divider su-divider-style-margin-bottom0px viiva\" style=\"margin:0px 0;border-width:5px;border-color:#dfa60e\"><\/div>\r\n<div class=\"menutausta\">\r\n<h2 class=\"vasenmenuotsikko ylavalikkofontti \">Villa Paasisalo<br>\r\nKuopio<\/h2>\r\n<ul id=\"menu-paasisalo_de\" class=\"menu ylavalikkofontti vasenmenu\"><li id=\"menu-item-3360\" class=\"menu-item menu-item-type-post_type menu-item-object-page menu-item-3360\"><a href=\"https:\/\/rantatuuli.fi\/w\/de\/paasisalo-3\/\">Villa Paasisalo<\/a><\/li>\n<li id=\"menu-item-3479\" class=\"menu-item menu-item-type-post_type menu-item-object-page menu-item-3479\"><a href=\"https:\/\/rantatuuli.fi\/w\/de\/paasisalo-3\/varustus\/\">Paasisalo \u2013 Innenausstattung<\/a><\/li>\n<li id=\"menu-item-3452\" class=\"menu-item menu-item-type-post_type menu-item-object-page menu-item-3452\"><a href=\"https:\/\/rantatuuli.fi\/w\/de\/paasisalo-3\/aktiviteetit\/\">Paasisalo \u2013 Aktivit\u00e4ten und Links<\/a><\/li>\n<li id=\"menu-item-3383\" class=\"menu-item menu-item-type-post_type menu-item-object-page menu-item-3383\"><a href=\"https:\/\/rantatuuli.fi\/w\/de\/paasisalo-3\/varaus\/\">Paasisalo \u2013 Buchungen<\/a><\/li>\n<li id=\"menu-item-3934\" class=\"menu-item menu-item-type-post_type menu-item-object-wpape_gallery_type menu-item-3934\"><a href=\"https:\/\/rantatuuli.fi\/w\/ape_gallery\/paasisalo\/\">Paasisalo \u2013 Galerie<\/a><\/li>\n<\/ul><\/div>\r\n<div class=\"su-divider su-divider-style-default viiva\" style=\"margin:0px 0;border-width:5px;border-color:#dfa60e\"><\/div>\r\n<p>&nbsp;<\/p>\r\n\r\n<!--------- VASEMMAT KUVAT ------------------>\r\n\r\n<img src=\"https:\/\/rantatuuli.fi\/w\/wp-content\/uploads\/2019\/04\/600-Paasisalo-golf1.jpg\" alt=\"\" width=\"600\" height=\"400\" class=\"autoimage alignnone size-full wp-image-2611\" srcset=\"https:\/\/rantatuuli.fi\/w\/wp-content\/uploads\/2019\/04\/600-Paasisalo-golf1.jpg 600w, https:\/\/rantatuuli.fi\/w\/wp-content\/uploads\/2019\/04\/600-Paasisalo-golf1-300x200.jpg 300w, https:\/\/rantatuuli.fi\/w\/wp-content\/uploads\/2019\/04\/600-Paasisalo-golf1-558x372.jpg 558w, https:\/\/rantatuuli.fi\/w\/wp-content\/uploads\/2019\/04\/600-Paasisalo-golf1-24x16.jpg 24w, https:\/\/rantatuuli.fi\/w\/wp-content\/uploads\/2019\/04\/600-Paasisalo-golf1-36x24.jpg 36w, https:\/\/rantatuuli.fi\/w\/wp-content\/uploads\/2019\/04\/600-Paasisalo-golf1-48x32.jpg 48w, https:\/\/rantatuuli.fi\/w\/wp-content\/uploads\/2019\/04\/600-Paasisalo-golf1-272x182.jpg 272w\" sizes=\"(max-width: 600px) 100vw, 600px\" \/>\r\n<img src=\"https:\/\/rantatuuli.fi\/w\/wp-content\/uploads\/2019\/04\/600-Paasisalo-terassi.jpg\" alt=\"\" width=\"600\" height=\"400\" class=\"autoimage alignnone size-full wp-image-2622\" srcset=\"https:\/\/rantatuuli.fi\/w\/wp-content\/uploads\/2019\/04\/600-Paasisalo-terassi.jpg 600w, https:\/\/rantatuuli.fi\/w\/wp-content\/uploads\/2019\/04\/600-Paasisalo-terassi-300x200.jpg 300w, https:\/\/rantatuuli.fi\/w\/wp-content\/uploads\/2019\/04\/600-Paasisalo-terassi-558x372.jpg 558w, https:\/\/rantatuuli.fi\/w\/wp-content\/uploads\/2019\/04\/600-Paasisalo-terassi-24x16.jpg 24w, https:\/\/rantatuuli.fi\/w\/wp-content\/uploads\/2019\/04\/600-Paasisalo-terassi-36x24.jpg 36w, https:\/\/rantatuuli.fi\/w\/wp-content\/uploads\/2019\/04\/600-Paasisalo-terassi-48x32.jpg 48w, https:\/\/rantatuuli.fi\/w\/wp-content\/uploads\/2019\/04\/600-Paasisalo-terassi-272x182.jpg 272w\" sizes=\"(max-width: 600px) 100vw, 600px\" \/>\r\n<img src=\"https:\/\/rantatuuli.fi\/w\/wp-content\/uploads\/2019\/04\/600-paasisalo-pihasauna.jpg\" alt=\"\" width=\"600\" height=\"400\" class=\"autoimage alignnone size-full wp-image-2617\" srcset=\"https:\/\/rantatuuli.fi\/w\/wp-content\/uploads\/2019\/04\/600-paasisalo-pihasauna.jpg 600w, https:\/\/rantatuuli.fi\/w\/wp-content\/uploads\/2019\/04\/600-paasisalo-pihasauna-300x200.jpg 300w, https:\/\/rantatuuli.fi\/w\/wp-content\/uploads\/2019\/04\/600-paasisalo-pihasauna-558x372.jpg 558w, https:\/\/rantatuuli.fi\/w\/wp-content\/uploads\/2019\/04\/600-paasisalo-pihasauna-24x16.jpg 24w, https:\/\/rantatuuli.fi\/w\/wp-content\/uploads\/2019\/04\/600-paasisalo-pihasauna-36x24.jpg 36w, https:\/\/rantatuuli.fi\/w\/wp-content\/uploads\/2019\/04\/600-paasisalo-pihasauna-48x32.jpg 48w, https:\/\/rantatuuli.fi\/w\/wp-content\/uploads\/2019\/04\/600-paasisalo-pihasauna-272x182.jpg 272w\" sizes=\"(max-width: 600px) 100vw, 600px\" \/>\r\n\r\n<br>\r\n<!--------- VASEMMAN REUNAN P\u00c4\u00c4TT\u00d6------------------>\r\n<div class=\"su-divider su-divider-style-vertical-alignbaseline\" style=\"margin:0px 0;border-width:5px;border-color:#dfa60e\"><\/div>\r\n <img class=\"centimage\" src=\"https:\/\/rantatuuli.fi\/w\/wp-content\/uploads\/2018\/03\/divider2-300x26.png\" alt=\"\" \/>\r\n<img src=\"https:\/\/rantatuuli.fi\/w\/wp-content\/uploads\/2019\/04\/pehmenne.png\" alt=\"\" width=\"100%\" height=\"auto\" class=\"alignbottom wp-image-2012\" srcset=\"https:\/\/rantatuuli.fi\/w\/wp-content\/uploads\/2019\/04\/pehmenne.png 500w, https:\/\/rantatuuli.fi\/w\/wp-content\/uploads\/2019\/04\/pehmenne-300x77.png 300w, https:\/\/rantatuuli.fi\/w\/wp-content\/uploads\/2019\/04\/pehmenne-24x6.png 24w, https:\/\/rantatuuli.fi\/w\/wp-content\/uploads\/2019\/04\/pehmenne-36x9.png 36w, https:\/\/rantatuuli.fi\/w\/wp-content\/uploads\/2019\/04\/pehmenne-48x12.png 48w\" sizes=\"(max-width: 500px) 100vw, 500px\" \/>\r\n<\/div><\/div> <div class=\"su-column su-column-size-3-5 oikee\"><div class=\"su-column-inner su-u-clearfix su-u-trim\"><\/p>\r\n<!-- \/wp:html -->\r\n\r\n\r\n<!--------- OIKEA LAITA \/ TEKSTIALUE ------------------------------>\r\n<!-- wp:heading {\"className\":\"font-1\"} -->\r\n<div class=\"su-heading su-heading-style-default su-heading-align-center font-1\" id=\"\" style=\"font-size:30px;margin-bottom:20px\"><div class=\"su-heading-inner\">Villa Paasisalo &#8211; Aktivit\u00e4ten und Links<\/div><\/div>\r\n<!-- \/wp:heading -->\r\n\r\n<!-- wp:html -->\r\n\r\n<p>Die Region Kuopio hat viel zu bieten. Hier sind einige Dinge, die Sie ausprobieren k\u00f6nnen.\r\n\r\n<h3>Veranstaltungen und Aktivit\u00e4ten<\/h3>\r\n<p class=\"linkki\"><a href=\"https:\/\/www.kuopiotahko.fi\/en\/events\/\" target=\"_blank\" rel=\"noopener noreferrer\">Kuopio &#8211; Veranstaltungen<\/a><br>\r\n<a href=\"https:\/\/www.kuopiotahko.fi\/en\/things-to-do\/\" target=\"_blank\" rel=\"noopener noreferrer\">Kuopio &#8211; Dinge die zu tun sind<\/a><br>\r\n<a href=\"https:\/\/www.tripadvisor.com\/Attractions-g189908-Activities-Kuopio_Northern_Savonia.html\" target=\"_blank\" rel=\"noopener noreferrer\">Kuopio &#8211; Tripadvisor<\/a><br>\r\n\r\n<h3>Orte zum Besuchen<\/h3>\r\n<a href=\"https:\/\/visitpuijo.fi\/en\/\" target=\"_blank\" rel=\"noopener noreferrer\">Puijo<\/a> <br>\r\n<a href=\"https:\/\/www.tripadvisor.com\/Tourism-g189912-Siilinjarvi_Northern_Savonia-Vacations.html\" target=\"_blank\" rel=\"noopener noreferrer\">Siilinj\u00e4rvi &#8211; Tripadvisor<\/a><br>\r\n<a href=\"https:\/\/nilsia.fi\/nae-ja-koe\/nahtavyydet\/\" target=\"_blank\" rel=\"noopener noreferrer\">Nilsi\u00e4 &#8211; Dinge zu sehen<\/a> <\/p>\r\n\r\n\r\n<h3>Im Winter<\/h3>\r\n<p class=\"linkki\"><a href=\"https:\/\/www.tahko.com\/en\/\" target=\"_blank\" rel=\"noreferrer noopener\">Ski Resort Tahko <\/a><br>\r\n<a href=\"https:\/\/www.kasurila.com\/\" target=\"_blank\" rel=\"noreferrer noopener\">Ski Resort Kasurila<\/a><br><\/p>\r\n\r\n<h3>Im Sommer<\/h3>\r\n<p class=\"linkki\"><a href=\"https:\/\/tahkogolf.fi\/\">TahkoGolf<\/a><br>\r\n<a href=\"https:\/\/tarinagolf.fi\/\" target=\"_blank\" rel=\"noopener noreferrer\">Tarina-Golf<\/a><br>\r\n<a href=\"https:\/\/lakelandlines.fi\/en\/front-page\/\" target=\"_blank\" rel=\"noreferrer noopener\">Roll -Kreuzfahrten auf dem See<\/a><br><\/p>\r\n\r\n<h3>Angelm<\/h3>\r\n<p>Kuopio ist von Seen umgeben. Daher ist das Angeln eine Sache, die Sie vielleicht ausprobieren m\u00f6chten.\r\n<p class=\"linkki\"><a href=\"https:\/\/www.fishinginfinland.fi\/lake_kallavesi\" target=\"_blank\" rel=\"noopener noreferrer\">Lake Kallavesi fishing<\/a><br><\/p>\r\n\r\n<h3>Essen<\/h3>\r\n<a rel=\"noreferrer noopener\" href=\"https:\/\/www.kuopiotahko.fi\/en\/eat-drink\/\" target=\"_blank\">Kuopio &#8211; Essen<\/a>  <br>\r\n<a href=\"https:\/\/www.siilinjarvi.fi\/hyvinvointi-ja-vapaa-aika\/vapaa-aika\/majoitus-ja-ravintolat\/\" target=\"_blank\" rel=\"noreferrer noopener\">Siilinj\u00e4rvi &#8211; Essen<\/a><br>\r\n\r\n<h3>Wetter<\/h3>\r\n<p class=\"linkki\">\r\n<a href=\"https:\/\/www.kelikamerat.info\/kelikamerat\/Pohjois-Savo\/Kuopio\/tie-9\/vt9_Vartiala\" target=\"_blank\" rel=\"noopener noreferrer\">Web-Kamera- VT9 Vartiala<\/a><br>\r\n<a href=\"https:\/\/www.kelikamerat.info\/kelikamerat\/Pohjois-Savo\/Siilinj\u00e4rvi\/tie-9\/vt9_Siilinj\u00e4rvi_Vuorela\" target=\"_blank\" rel=\"noopener noreferrer\">Web-Kamera- VT9 Siilinj\u00e4rvi<\/a><br>\r\n<a href=\"https:\/\/en.ilmatieteenlaitos.fi\/weather\/kuopio\" target=\"_blank\" rel=\"noopener noreferrer\">FMI &#8211; Wettervorhersage<\/a><br>\r\n<a href=\"https:\/\/www.foreca.com\/Finland\/Kuopio\" target=\"_blank\" rel=\"noopener noreferrer\">Foreca &#8211; Wettervorhersage<\/a><br>\r\n\r\n<p><img style=\"display: block; margin-left: auto; margin-right: auto;\" src=\"https:\/\/rantatuuli.fi\/w\/wp-content\/uploads\/2018\/03\/divider2-300x26.png\" alt=\"\" \/><\/p>\r\n\r\n<!-- \/wp:html -->\r\n\r\n\r\n<!--------- FOOTTERI ------------------------------>\r\n<!-- wp:html --> \r\n<\/div><\/div><\/div> <div class=\"su-divider su-divider-style-default\" style=\"margin:0px 0;border-width:5px;border-color:#dfa60e\"><\/div><div class=\"su-row ala\"> <div class=\"su-column su-column-size-1-1 ala su-column-centered\"><div class=\"su-column-inner su-u-clearfix su-u-trim\">\r\n<p class=\"font-2 alafontti\">\r\n \u2022 +358 (0)400-674 721 \u2022 <br\/>\r\n<a href=\"mailto:reservations@rantatuuli.fi\">reservations@rantatuuli.fi<\/a> \u2022 <a href=\"https:\/\/rantatuuli.fi\/w\/en\/yhteydenotto-2\/\">Kontaktformular<\/a> <br\/>\r\n \u2022 <a href=\"https:\/\/rantatuuli.fi\/w\/de\/etusivu-3\/\">\u00a9 rantatuuli.fi<\/a> \u2022  <\/p>\r\n<\/div><\/div> <\/div> \r\n<!-- \/wp:html -->\r\n","protected":false},"excerpt":{"rendered":"Rantatuuli Sch\u00f6ne Ferienh\u00e4userin Nord- und Ostfinnland Saariselk\u00e4 Saariselk\u00e4 Kuopio Vuokatti Etusivu Homepage Startseite \u0434\u043e\u043c\u0430\u0448\u043d\u044f\u044f \u0441\u0442\u0440\u0430\u043d\u0438\u0446\u0430 Hjemmeside Villa Paasisalo Kuopio Villa Paasisalo Paasisalo \u2013 Innenausstattung Paasisalo \u2013 Aktivit\u00e4ten und Links Paasisalo \u2013 Buchungen Paasisalo \u2013 Galerie &nbsp; Villa Paasisalo &#8211; Aktivit\u00e4ten und Links Die Region Kuopio hat viel zu bieten. Hier sind einige Dinge, die Sie&hellip;","protected":false},"author":1,"featured_media":0,"parent":3358,"menu_order":0,"comment_status":"closed","ping_status":"closed","template":"..\/public\/views\/revslider-page-template.php","meta":[],"acf":[],"aioseo_notices":[],"_links":{"self":[{"href":"https:\/\/rantatuuli.fi\/w\/wp-json\/wp\/v2\/pages\/3448"}],"collection":[{"href":"https:\/\/rantatuuli.fi\/w\/wp-json\/wp\/v2\/pages"}],"about":[{"href":"https:\/\/rantatuuli.fi\/w\/wp-json\/wp\/v2\/types\/page"}],"author":[{"embeddable":true,"href":"https:\/\/rantatuuli.fi\/w\/wp-json\/wp\/v2\/users\/1"}],"replies":[{"embeddable":true,"href":"https:\/\/rantatuuli.fi\/w\/wp-json\/wp\/v2\/comments?post=3448"}],"version-history":[{"count":0,"href":"https:\/\/rantatuuli.fi\/w\/wp-json\/wp\/v2\/pages\/3448\/revisions"}],"up":[{"embeddable":true,"href":"https:\/\/rantatuuli.fi\/w\/wp-json\/wp\/v2\/pages\/3358"}],"wp:attachment":[{"href":"https:\/\/rantatuuli.fi\/w\/wp-json\/wp\/v2\/media?parent=3448"}],"curies":[{"name":"wp","href":"https:\/\/api.w.org\/{rel}","templated":true}]}}