{"id":3320,"date":"2019-04-22T11:39:25","date_gmt":"2019-04-22T11:39:25","guid":{"rendered":"http:\/\/rantatuuli.fi\/w\/?page_id=3320"},"modified":"2021-08-15T07:52:19","modified_gmt":"2021-08-15T07:52:19","slug":"varustus","status":"publish","type":"page","link":"https:\/\/rantatuuli.fi\/w\/en\/paasisalo-2\/varustus\/","title":{"rendered":"Paasisalo &#8211; interior and equipment"},"content":{"rendered":"<div class=\"su-row yla\"><div class=\"su-column su-column-size-1-1 su-column-centered\"><div class=\"su-column-inner su-u-clearfix su-u-trim\">\r\n<table width=100%>\r\n<td >\r\n   <p class=\"font-1 ylaotsikko\" style=\"font-size:1.7vw\"><a href=\"https:\/\/rantatuuli.fi\" class=\"ylaotsikko\" >Rantatuuli.fi<\/a><\/p>\r\n    <p class=\"font-2 ylakakkosrivi\" style=\"font-size:1em\">Holiday homes in Finland<\/p>\r\n<\/td>\r\n<td style=\"margins:10px\">\r\n\r\n<div >\r\n  <table>\r\n<tbody>\r\n  <tr>\r\n   <td><a href=\"https:\/\/rantatuuli.fi\/w\/en\/tunturituuli-2\/\" border=\"0\"><img src=\"https:\/\/rantatuuli.fi\/w\/wp-content\/uploads\/2019\/04\/tunturituuli-125.jpg\" width=auto height=auto alt=\"\"class=\"size-full wp-image-2133\" srcset=\"https:\/\/rantatuuli.fi\/w\/wp-content\/uploads\/2019\/04\/tunturituuli-125.jpg 127w, https:\/\/rantatuuli.fi\/w\/wp-content\/uploads\/2019\/04\/tunturituuli-125-24x24.jpg 24w, https:\/\/rantatuuli.fi\/w\/wp-content\/uploads\/2019\/04\/tunturituuli-125-36x36.jpg 36w, https:\/\/rantatuuli.fi\/w\/wp-content\/uploads\/2019\/04\/tunturituuli-125-48x48.jpg 48w\" sizes=\"(max-width: 127px) 100vw, 127px\" \/><br><font style=\"font-size:0.8em\">Saariselk\u00e4<\/font><\/a><\/td>\r\n   <td width=3px><\/td>\r\n    <td><a href=\"https:\/\/rantatuuli.fi\/w\/en\/tunturikoivu-2\/\" border=\"0\"><img src=\"https:\/\/rantatuuli.fi\/w\/wp-content\/uploads\/2019\/04\/tunturikoivu-125.jpg\" width=auto height=auto alt=\"\" class=\"size-full wp-image-2132\" srcset=\"https:\/\/rantatuuli.fi\/w\/wp-content\/uploads\/2019\/04\/tunturikoivu-125.jpg 127w, https:\/\/rantatuuli.fi\/w\/wp-content\/uploads\/2019\/04\/tunturikoivu-125-24x24.jpg 24w, https:\/\/rantatuuli.fi\/w\/wp-content\/uploads\/2019\/04\/tunturikoivu-125-36x36.jpg 36w, https:\/\/rantatuuli.fi\/w\/wp-content\/uploads\/2019\/04\/tunturikoivu-125-48x48.jpg 48w\" sizes=\"(max-width: 127px) 100vw, 127px\" \/><br><font style=\"font-size:0.8em\">Saariselk\u00e4<\/font><\/a><\/td>   <td width=3px><\/td>   <td><a href=\"https:\/\/rantatuuli.fi\/w\/en\/tuiskukuru-2\/\" border=\"0\"><img src=\"https:\/\/rantatuuli.fi\/w\/wp-content\/uploads\/2025\/05\/tuiskukuru-125.jpg\" width=auto height=auto alt=\"\" class=\"size-full wp-image-4866\" srcset=\"https:\/\/rantatuuli.fi\/w\/wp-content\/uploads\/2025\/05\/tuiskukuru-125.jpg 127w, https:\/\/rantatuuli.fi\/w\/wp-content\/uploads\/2025\/05\/tuiskukuru-125-24x24.jpg 24w, https:\/\/rantatuuli.fi\/w\/wp-content\/uploads\/2025\/05\/tuiskukuru-125-36x36.jpg 36w, https:\/\/rantatuuli.fi\/w\/wp-content\/uploads\/2025\/05\/tuiskukuru-125-48x48.jpg 48w\" sizes=\"(max-width: 127px) 100vw, 127px\" \/><br><font style=\"font-size:0.8em\">Saariselk\u00e4<\/font><\/a><\/td>   <td width=3px><\/td>   <td><a href=\"https:\/\/rantatuuli.fi\/w\/en\/paasisalo-2\/\" border=\"0\"><img src=\"https:\/\/rantatuuli.fi\/w\/wp-content\/uploads\/2019\/04\/paasisalo-125.jpg\" alt=\"\" width=auto height=auto class=\"size-full wp-image-2130\" srcset=\"https:\/\/rantatuuli.fi\/w\/wp-content\/uploads\/2019\/04\/paasisalo-125.jpg 127w, https:\/\/rantatuuli.fi\/w\/wp-content\/uploads\/2019\/04\/paasisalo-125-24x24.jpg 24w, https:\/\/rantatuuli.fi\/w\/wp-content\/uploads\/2019\/04\/paasisalo-125-36x36.jpg 36w, https:\/\/rantatuuli.fi\/w\/wp-content\/uploads\/2019\/04\/paasisalo-125-48x48.jpg 48w\" sizes=\"(max-width: 127px) 100vw, 127px\" \/><br><font style=\"font-size:0.8em\">Kuopio<\/font><\/a><\/td>\r\n  <td width=3px><\/td>\r\n  <td><a href=\"https:\/\/rantatuuli.fi\/w\/en\/vuokatti-2\/\" border=\"0\"><img src=\"https:\/\/rantatuuli.fi\/w\/wp-content\/uploads\/2021\/07\/vuokatti-125.jpg\" alt=\"\" width=auto height=auto class=\"size-full wp-image-2130\" \/><br><font style=\"font-size:0.8em\">Vuokatti<\/font><\/a><\/td>\r\n  <\/tr><\/tbody><\/table>\r\n<\/div>\r\n\r\n<\/td>\r\n<td class=\"kielitd\">\r\n    <div class=\"menulang\"><ul id=\"menu-kielivalikko\" class=\"menu menukieliluokka\"><li id=\"menu-item-3141\" class=\"menu-item menu-item-type-post_type menu-item-object-page menu-item-3141\"><a href=\"https:\/\/rantatuuli.fi\/w\/etusivu\/\" class=\"menu-image-title-hide menu-image-not-hovered\"><span class=\"menu-image-title-hide menu-image-title\">Etusivu<\/span><img width=\"36\" height=\"36\" src=\"https:\/\/rantatuuli.fi\/w\/wp-content\/uploads\/2019\/04\/fi64-36x36.png\" class=\"menu-image menu-image-title-hide\" alt=\"FI\" \/><\/a><\/li>\n<li id=\"menu-item-3143\" class=\"menu-item menu-item-type-post_type menu-item-object-page menu-item-3143\"><a href=\"https:\/\/rantatuuli.fi\/w\/en\/etusivu-2\/\" class=\"menu-image-title-hide menu-image-not-hovered\"><span class=\"menu-image-title-hide menu-image-title\">Homepage<\/span><img width=\"36\" height=\"36\" src=\"https:\/\/rantatuuli.fi\/w\/wp-content\/uploads\/2019\/04\/uk64-36x36.png\" class=\"menu-image menu-image-title-hide\" alt=\"UK\" \/><\/a><\/li>\n<li id=\"menu-item-3144\" class=\"menu-item menu-item-type-post_type menu-item-object-page menu-item-3144\"><a href=\"https:\/\/rantatuuli.fi\/w\/de\/etusivu-3\/\" class=\"menu-image-title-hide menu-image-not-hovered\"><span class=\"menu-image-title-hide menu-image-title\">Startseite<\/span><img width=\"36\" height=\"36\" src=\"https:\/\/rantatuuli.fi\/w\/wp-content\/uploads\/2019\/04\/de64-36x36.png\" class=\"menu-image menu-image-title-hide\" alt=\"DE\" \/><\/a><\/li>\n<li id=\"menu-item-3145\" class=\"menu-item menu-item-type-post_type menu-item-object-page menu-item-3145\"><a href=\"https:\/\/rantatuuli.fi\/w\/ru\/etusivu-4\/\" class=\"menu-image-title-hide menu-image-not-hovered\"><span class=\"menu-image-title-hide menu-image-title\">\u0434\u043e\u043c\u0430\u0448\u043d\u044f\u044f \u0441\u0442\u0440\u0430\u043d\u0438\u0446\u0430<\/span><img width=\"36\" height=\"36\" src=\"https:\/\/rantatuuli.fi\/w\/wp-content\/uploads\/2019\/04\/ru64-36x36.png\" class=\"menu-image menu-image-title-hide\" alt=\"RU\" \/><\/a><\/li>\n<li id=\"menu-item-3142\" class=\"menu-item menu-item-type-post_type menu-item-object-page menu-item-3142\"><a href=\"https:\/\/rantatuuli.fi\/w\/nn\/etusivu-5\/\" class=\"menu-image-title-hide menu-image-not-hovered\"><span class=\"menu-image-title-hide menu-image-title\">Hjemmeside<\/span><img width=\"36\" height=\"36\" src=\"https:\/\/rantatuuli.fi\/w\/wp-content\/uploads\/2019\/04\/flag_NOR-36x36.png\" class=\"menu-image menu-image-title-hide\" alt=\"Norway.\" \/><\/a><\/li>\n<\/ul><\/div>\r\n<\/td>\r\n<\/td><\/table>\r\n<\/div><\/div><\/div>\r\n\r\n<div class=\"su-row slaidirow\"><div class=\"su-divider su-divider-style-default viiva\" style=\"margin:0px 0;border-width:5px;border-color:#dfa60e\"><\/div> <div id=\"metaslider-id-96\" style=\"width: 100%; margin: 0 auto;\" class=\"ml-slider-3-104-0 metaslider metaslider-nivo metaslider-96 ml-slider ms-theme-default\" role=\"region\" aria-label=\"Paasisalo\" data-height=\"550\" data-width=\"1920\">\n    <div id=\"metaslider_container_96\">\n        <div class='slider-wrapper theme-default'><div class='ribbon'><\/div><div id='metaslider_96' class='nivoSlider'><img src=\"https:\/\/rantatuuli.fi\/w\/wp-content\/uploads\/2019\/04\/Paasisalo-WD-000.jpg\" height=\"550\" width=\"1920\" title=\"Paasisalo-WD-000\" alt=\"Villa Paasisalo\" class=\"slider-96 slide-2585 msDefaultImage\" data-no-lazy=\"1\" \/><img src=\"https:\/\/rantatuuli.fi\/w\/wp-content\/uploads\/2019\/04\/Paasisalo-WD-6.jpg\" height=\"550\" width=\"1920\" title=\"Paasisalo-WD-6\" alt=\"Villa Paasisalo\" class=\"slider-96 slide-2595 msDefaultImage\" data-no-lazy=\"1\" \/><img src=\"https:\/\/rantatuuli.fi\/w\/wp-content\/uploads\/2019\/04\/Paasisalo-WD-3.jpg\" height=\"550\" width=\"1920\" title=\"Paasisalo-WD-3\" alt=\"Villa Paasisalo\" class=\"slider-96 slide-2592 msDefaultImage\" data-no-lazy=\"1\" \/><img src=\"https:\/\/rantatuuli.fi\/w\/wp-content\/uploads\/2019\/04\/Paasisalo-WD-7.jpg\" height=\"550\" width=\"1920\" title=\"Paasisalo-WD-7\" alt=\"Villa Paasisalo\" class=\"slider-96 slide-2596 msDefaultImage\" data-no-lazy=\"1\" \/><img src=\"https:\/\/rantatuuli.fi\/w\/wp-content\/uploads\/2019\/04\/Paasisalo-WD-8.jpg\" height=\"550\" width=\"1920\" title=\"Paasisalo-WD-8\" alt=\"Villa Paasisalo\" class=\"slider-96 slide-2597 msDefaultImage\" data-no-lazy=\"1\" \/><img src=\"https:\/\/rantatuuli.fi\/w\/wp-content\/uploads\/2019\/04\/Paasisalo-WD-1.jpg\" height=\"550\" width=\"1920\" title=\"Paasisalo-WD-1\" alt=\"Villa Paasisalo\" class=\"slider-96 slide-2588 msDefaultImage\" data-no-lazy=\"1\" \/><img src=\"https:\/\/rantatuuli.fi\/w\/wp-content\/uploads\/2019\/04\/Paasisalo-WD-10.jpg\" height=\"550\" width=\"1920\" title=\"Paasisalo-WD-10\" alt=\"Villa Paasisalo\" class=\"slider-96 slide-2599 msDefaultImage\" data-no-lazy=\"1\" \/><img src=\"https:\/\/rantatuuli.fi\/w\/wp-content\/uploads\/2019\/04\/Paasisalo-WD-00.jpg\" height=\"550\" width=\"1920\" title=\"Paasisalo-WD-00\" alt=\"Villa Paasisalo\" class=\"slider-96 slide-2586 msDefaultImage\" data-no-lazy=\"1\" \/><img src=\"https:\/\/rantatuuli.fi\/w\/wp-content\/uploads\/2019\/04\/Paasisalo-WD-5.jpg\" height=\"550\" width=\"1920\" title=\"Paasisalo-WD-5\" alt=\"Villa Paasisalo\" class=\"slider-96 slide-2594 msDefaultImage\" data-no-lazy=\"1\" \/><img src=\"https:\/\/rantatuuli.fi\/w\/wp-content\/uploads\/2019\/04\/Paasisalo-WD-0.jpg\" height=\"550\" width=\"1920\" title=\"Paasisalo-WD-0\" alt=\"Villa Paasisalo\" class=\"slider-96 slide-2587 msDefaultImage\" data-no-lazy=\"1\" \/><img src=\"https:\/\/rantatuuli.fi\/w\/wp-content\/uploads\/2019\/04\/Paasisalo-WD-2.jpg\" height=\"550\" width=\"1920\" title=\"Paasisalo-WD-2\" alt=\"Villa Paasisalo\" class=\"slider-96 slide-2591 msDefaultImage\" data-no-lazy=\"1\" \/><img src=\"https:\/\/rantatuuli.fi\/w\/wp-content\/uploads\/2019\/04\/Paasisalo-WD-1c.jpg\" height=\"550\" width=\"1920\" title=\"Paasisalo-WD-1c\" alt=\"Villa Paasisalo\" class=\"slider-96 slide-2590 msDefaultImage\" data-no-lazy=\"1\" \/><img src=\"https:\/\/rantatuuli.fi\/w\/wp-content\/uploads\/2019\/04\/Paasisalo-WD-1a.jpg\" height=\"550\" width=\"1920\" title=\"Paasisalo-WD-1a\" alt=\"Villa Paasisalo\" class=\"slider-96 slide-2589 msDefaultImage\" data-no-lazy=\"1\" \/><img src=\"https:\/\/rantatuuli.fi\/w\/wp-content\/uploads\/2019\/04\/Paasisalo-WD-4.jpg\" height=\"550\" width=\"1920\" title=\"Paasisalo-WD-4\" alt=\"Villa Paasisalo\" class=\"slider-96 slide-2593 msDefaultImage\" data-no-lazy=\"1\" \/><img src=\"https:\/\/rantatuuli.fi\/w\/wp-content\/uploads\/2019\/04\/Paasisalo-WD-9.jpg\" height=\"550\" width=\"1920\" title=\"Paasisalo-WD-9\" alt=\"Villa Paasisalo\" class=\"slider-96 slide-2598 msDefaultImage\" data-no-lazy=\"1\" \/><img src=\"https:\/\/rantatuuli.fi\/w\/wp-content\/uploads\/2019\/04\/Paasisalo-WD-12.jpg\" height=\"550\" width=\"1920\" title=\"Paasisalo-WD-12\" alt=\"Villa Paasisalo\" class=\"slider-96 slide-2600 msDefaultImage\" data-no-lazy=\"1\" \/><\/div><\/div>\n        \n    <\/div>\n<\/div><div class=\"su-divider su-divider-style-default\" style=\"margin:0px 0;border-width:5px;border-color:#dfa60e\"><\/div><\/div>\r\n\r\n<!---- HEADER P\u00c4\u00c4TTYY ------------------------------------------------------------------------------------------------>\r\n <div class=\"su-row\">\r\n\r\n\r\n\r\n\r\n\r\n<!--------- VASEN LAITA JA MENU------------------>\r\n<div class=\"su-column su-column-size-2-5 vasen\"><div class=\"su-column-inner su-u-clearfix su-u-trim\">\r\n<div class=\"su-divider su-divider-style-margin-bottom0px viiva\" style=\"margin:0px 0;border-width:5px;border-color:#dfa60e\"><\/div>\r\n<div class=\"menutausta\">\r\n<h2 class=\"vasenmenuotsikko ylavalikkofontti \">Villa Paasisalo<br>\r\nKuopio<\/h2>\r\n<ul id=\"menu-paasisalo_en\" class=\"menu ylavalikkofontti vasenmenu\"><li id=\"menu-item-3276\" class=\"menu-item menu-item-type-post_type menu-item-object-page menu-item-3276\"><a href=\"https:\/\/rantatuuli.fi\/w\/en\/paasisalo-2\/\">Villa Paasisalo<\/a><\/li>\n<li id=\"menu-item-3322\" class=\"menu-item menu-item-type-post_type menu-item-object-page menu-item-3322\"><a href=\"https:\/\/rantatuuli.fi\/w\/en\/paasisalo-2\/varustus\/\">Paasisalo \u2013 interior and equipment<\/a><\/li>\n<li id=\"menu-item-3277\" class=\"menu-item menu-item-type-post_type menu-item-object-page menu-item-3277\"><a href=\"https:\/\/rantatuuli.fi\/w\/en\/paasisalo-2\/aktiviteetit\/\">Paasisalo \u2013 activities and links<\/a><\/li>\n<li id=\"menu-item-3317\" class=\"menu-item menu-item-type-post_type menu-item-object-page menu-item-3317\"><a href=\"https:\/\/rantatuuli.fi\/w\/en\/paasisalo-2\/varaus\/\">Paasisalo \u2013 booking inquiry<\/a><\/li>\n<li id=\"menu-item-3935\" class=\"menu-item menu-item-type-post_type menu-item-object-wpape_gallery_type menu-item-3935\"><a href=\"https:\/\/rantatuuli.fi\/w\/ape_gallery\/paasisalo\/\">Paasisalo \u2013 gallery<\/a><\/li>\n<\/ul><\/div>\r\n<div class=\"su-divider su-divider-style-default viiva\" style=\"margin:0px 0;border-width:5px;border-color:#dfa60e\"><\/div>\r\n<p>&nbsp;<\/p>\r\n\r\n<!--------- VASEMMAT KUVAT ------------------>\r\n\r\n<img src=\"https:\/\/rantatuuli.fi\/w\/wp-content\/uploads\/2019\/04\/600-paasisalo-oh2.jpg\" alt=\"\" width=\"600\" height=\"400\" class=\"autoimage alignnone size-full wp-image-2615\" srcset=\"https:\/\/rantatuuli.fi\/w\/wp-content\/uploads\/2019\/04\/600-paasisalo-oh2.jpg 600w, https:\/\/rantatuuli.fi\/w\/wp-content\/uploads\/2019\/04\/600-paasisalo-oh2-300x200.jpg 300w, https:\/\/rantatuuli.fi\/w\/wp-content\/uploads\/2019\/04\/600-paasisalo-oh2-558x372.jpg 558w, https:\/\/rantatuuli.fi\/w\/wp-content\/uploads\/2019\/04\/600-paasisalo-oh2-24x16.jpg 24w, https:\/\/rantatuuli.fi\/w\/wp-content\/uploads\/2019\/04\/600-paasisalo-oh2-36x24.jpg 36w, https:\/\/rantatuuli.fi\/w\/wp-content\/uploads\/2019\/04\/600-paasisalo-oh2-48x32.jpg 48w, https:\/\/rantatuuli.fi\/w\/wp-content\/uploads\/2019\/04\/600-paasisalo-oh2-272x182.jpg 272w\" sizes=\"(max-width: 600px) 100vw, 600px\" \/>\r\n<img src=\"https:\/\/rantatuuli.fi\/w\/wp-content\/uploads\/2019\/04\/600-paasisalo-ruokailu1.jpg\" alt=\"\" width=\"600\" height=\"400\" class=\"autoimage alignnone size-full wp-image-2619\" srcset=\"https:\/\/rantatuuli.fi\/w\/wp-content\/uploads\/2019\/04\/600-paasisalo-ruokailu1.jpg 600w, https:\/\/rantatuuli.fi\/w\/wp-content\/uploads\/2019\/04\/600-paasisalo-ruokailu1-300x200.jpg 300w, https:\/\/rantatuuli.fi\/w\/wp-content\/uploads\/2019\/04\/600-paasisalo-ruokailu1-558x372.jpg 558w, https:\/\/rantatuuli.fi\/w\/wp-content\/uploads\/2019\/04\/600-paasisalo-ruokailu1-24x16.jpg 24w, https:\/\/rantatuuli.fi\/w\/wp-content\/uploads\/2019\/04\/600-paasisalo-ruokailu1-36x24.jpg 36w, https:\/\/rantatuuli.fi\/w\/wp-content\/uploads\/2019\/04\/600-paasisalo-ruokailu1-48x32.jpg 48w, https:\/\/rantatuuli.fi\/w\/wp-content\/uploads\/2019\/04\/600-paasisalo-ruokailu1-272x182.jpg 272w\" sizes=\"(max-width: 600px) 100vw, 600px\" \/>\r\n<img src=\"https:\/\/rantatuuli.fi\/w\/wp-content\/uploads\/2019\/04\/600-paasisalo-alakerta.jpg\" alt=\"\" width=\"600\" height=\"400\" class=\"autoimage alignnone size-full wp-image-2608\" srcset=\"https:\/\/rantatuuli.fi\/w\/wp-content\/uploads\/2019\/04\/600-paasisalo-alakerta.jpg 600w, https:\/\/rantatuuli.fi\/w\/wp-content\/uploads\/2019\/04\/600-paasisalo-alakerta-300x200.jpg 300w, https:\/\/rantatuuli.fi\/w\/wp-content\/uploads\/2019\/04\/600-paasisalo-alakerta-558x372.jpg 558w, https:\/\/rantatuuli.fi\/w\/wp-content\/uploads\/2019\/04\/600-paasisalo-alakerta-24x16.jpg 24w, https:\/\/rantatuuli.fi\/w\/wp-content\/uploads\/2019\/04\/600-paasisalo-alakerta-36x24.jpg 36w, https:\/\/rantatuuli.fi\/w\/wp-content\/uploads\/2019\/04\/600-paasisalo-alakerta-48x32.jpg 48w, https:\/\/rantatuuli.fi\/w\/wp-content\/uploads\/2019\/04\/600-paasisalo-alakerta-272x182.jpg 272w\" sizes=\"(max-width: 600px) 100vw, 600px\" \/>\r\n<img src=\"https:\/\/rantatuuli.fi\/w\/wp-content\/uploads\/2019\/04\/600-paasisalo-raput.jpg\" alt=\"\" width=\"600\" height=\"400\" class=\"autoimage alignnone size-full wp-image-2618\" srcset=\"https:\/\/rantatuuli.fi\/w\/wp-content\/uploads\/2019\/04\/600-paasisalo-raput.jpg 600w, https:\/\/rantatuuli.fi\/w\/wp-content\/uploads\/2019\/04\/600-paasisalo-raput-300x200.jpg 300w, https:\/\/rantatuuli.fi\/w\/wp-content\/uploads\/2019\/04\/600-paasisalo-raput-558x372.jpg 558w, https:\/\/rantatuuli.fi\/w\/wp-content\/uploads\/2019\/04\/600-paasisalo-raput-24x16.jpg 24w, https:\/\/rantatuuli.fi\/w\/wp-content\/uploads\/2019\/04\/600-paasisalo-raput-36x24.jpg 36w, https:\/\/rantatuuli.fi\/w\/wp-content\/uploads\/2019\/04\/600-paasisalo-raput-48x32.jpg 48w, https:\/\/rantatuuli.fi\/w\/wp-content\/uploads\/2019\/04\/600-paasisalo-raput-272x182.jpg 272w\" sizes=\"(max-width: 600px) 100vw, 600px\" \/>\r\n<img src=\"https:\/\/rantatuuli.fi\/w\/wp-content\/uploads\/2019\/04\/600-paasisalo-ylamh2.jpg\" alt=\"\" width=\"600\" height=\"400\" class=\"autoimage alignnone size-full wp-image-2623\" srcset=\"https:\/\/rantatuuli.fi\/w\/wp-content\/uploads\/2019\/04\/600-paasisalo-ylamh2.jpg 600w, https:\/\/rantatuuli.fi\/w\/wp-content\/uploads\/2019\/04\/600-paasisalo-ylamh2-300x200.jpg 300w, https:\/\/rantatuuli.fi\/w\/wp-content\/uploads\/2019\/04\/600-paasisalo-ylamh2-558x372.jpg 558w, https:\/\/rantatuuli.fi\/w\/wp-content\/uploads\/2019\/04\/600-paasisalo-ylamh2-24x16.jpg 24w, https:\/\/rantatuuli.fi\/w\/wp-content\/uploads\/2019\/04\/600-paasisalo-ylamh2-36x24.jpg 36w, https:\/\/rantatuuli.fi\/w\/wp-content\/uploads\/2019\/04\/600-paasisalo-ylamh2-48x32.jpg 48w, https:\/\/rantatuuli.fi\/w\/wp-content\/uploads\/2019\/04\/600-paasisalo-ylamh2-272x182.jpg 272w\" sizes=\"(max-width: 600px) 100vw, 600px\" \/>\r\n\r\n<br>\r\n<!--------- VASEMMAN REUNAN P\u00c4\u00c4TT\u00d6------------------>\r\n<div class=\"su-divider su-divider-style-vertical-alignbaseline\" style=\"margin:0px 0;border-width:5px;border-color:#dfa60e\"><\/div>\r\n <img class=\"centimage\" src=\"https:\/\/rantatuuli.fi\/w\/wp-content\/uploads\/2018\/03\/divider2-300x26.png\" alt=\"\" \/>\r\n<img src=\"https:\/\/rantatuuli.fi\/w\/wp-content\/uploads\/2019\/04\/pehmenne.png\" alt=\"\" width=\"100%\" height=\"auto\" class=\"alignbottom wp-image-2012\" srcset=\"https:\/\/rantatuuli.fi\/w\/wp-content\/uploads\/2019\/04\/pehmenne.png 500w, https:\/\/rantatuuli.fi\/w\/wp-content\/uploads\/2019\/04\/pehmenne-300x77.png 300w, https:\/\/rantatuuli.fi\/w\/wp-content\/uploads\/2019\/04\/pehmenne-24x6.png 24w, https:\/\/rantatuuli.fi\/w\/wp-content\/uploads\/2019\/04\/pehmenne-36x9.png 36w, https:\/\/rantatuuli.fi\/w\/wp-content\/uploads\/2019\/04\/pehmenne-48x12.png 48w\" sizes=\"(max-width: 500px) 100vw, 500px\" \/>\r\n<\/div><\/div> <div class=\"su-column su-column-size-3-5 oikee\"><div class=\"su-column-inner su-u-clearfix su-u-trim\"><\/p>\r\n<!-- \/wp:html -->\r\n\r\n\r\n<!--------- OIKEA LAITA \/ TEKSTIALUE ------------------------------>\r\n<!-- wp:heading {\"className\":\"font-1\"} -->\r\n<div class=\"su-heading su-heading-style-default su-heading-align-center font-1\" id=\"\" style=\"font-size:30px;margin-bottom:20px\"><div class=\"su-heading-inner\">Villa Paasisalo &#8211; interior and equipment<\/div><\/div>\r\n<!-- \/wp:heading -->\r\n\r\n<!-- wp:html -->\r\n<img src=\"https:\/\/rantatuuli.fi\/w\/wp-content\/uploads\/2019\/04\/paasisalo-pohjakaavat-680.jpg\" alt=\"\" width=\"680\" height=\"1217\" class=\"alignnone size-full wp-image-2657\" srcset=\"https:\/\/rantatuuli.fi\/w\/wp-content\/uploads\/2019\/04\/paasisalo-pohjakaavat-680.jpg 680w, https:\/\/rantatuuli.fi\/w\/wp-content\/uploads\/2019\/04\/paasisalo-pohjakaavat-680-168x300.jpg 168w, https:\/\/rantatuuli.fi\/w\/wp-content\/uploads\/2019\/04\/paasisalo-pohjakaavat-680-572x1024.jpg 572w, https:\/\/rantatuuli.fi\/w\/wp-content\/uploads\/2019\/04\/paasisalo-pohjakaavat-680-558x999.jpg 558w, https:\/\/rantatuuli.fi\/w\/wp-content\/uploads\/2019\/04\/paasisalo-pohjakaavat-680-655x1172.jpg 655w, https:\/\/rantatuuli.fi\/w\/wp-content\/uploads\/2019\/04\/paasisalo-pohjakaavat-680-13x24.jpg 13w, https:\/\/rantatuuli.fi\/w\/wp-content\/uploads\/2019\/04\/paasisalo-pohjakaavat-680-20x36.jpg 20w, https:\/\/rantatuuli.fi\/w\/wp-content\/uploads\/2019\/04\/paasisalo-pohjakaavat-680-27x48.jpg 27w\" sizes=\"(max-width: 680px) 100vw, 680px\" \/>\r\n\r\n<h2>The yard and the shore<\/h2>\r\n<p>There is a back-yard descending from the house towards the shore which has lawn suitable for many kinds of activities. There is a stone barbecue outside for grilling!\r\n<p>You don&#8217;t need to be afraid of spruce needles as with so many other Finnish cottages. A broad permanent wooden stairway leads to the shore.\r\n<p>The shore can be used for swimming as it has been dredged and sanded at the width of approximately 20 meters and approximately 30 meters away from the shore. The depth of the shoreline is mostly very shallow and child friendly. \r\nThere is a wood burning grill on the yard.\r\n\r\n<h2>Kitchen &#8211; Dining<\/h2>\r\n<p>Complete kitchen, kitchenware for eight persons. Dish washer, refrigerator\/freezer, grill, microwave oven, water boiler, Moccamaster coffee machine\r\n\r\n<h2>Electronics<\/h2>\r\n<p>LCD television, radio, DVD, etc.\r\n\r\n<h2>Laundry &#038; Drying<\/h2>\r\n<p>Washing machine, drying cupboard, iron\r\n\r\n<h2>Comfort<\/h2>\r\n<p>&#8211; all rooms have a comfortable underfloor heating<br>\r\n&#8211; in both floors an individual massive fireplace  <br>\r\n&#8211; all terraces are covered with roofing<br>\r\n\r\n<h2>Getting Around<\/h2>\r\n<p>&#8211; a good drive way to the house. Power supply with timer for cars equipped with engine heaters<br>\r\n&#8211; rowing-boat<br>\r\n&#8211; possibility to rent a bicycle<br>\r\n\r\n<h2>Heating system<\/h2>\r\n<p>Environment-friendly geothermal heating with sufficient power for all weather conditions.<\/p>\r\n<img src=\"https:\/\/rantatuuli.fi\/paasisalo\/pics\/rantasauna-pohja.jpg\" width=\"270\" class=\"alignright\"><br>\r\n\r\n<h2>Separate wood burning sauna<\/h2>\r\n<p>It is to be rented with an additional cost. It has also one additional bed and a bathroom.\r\n\r\n<\/p>\r\n<p><img style=\"display: block; margin-left: auto; margin-right: auto;\" src=\"https:\/\/rantatuuli.fi\/w\/wp-content\/uploads\/2018\/03\/divider2-300x26.png\" alt=\"\" \/><\/p>\r\n\r\n<!-- \/wp:html -->\r\n\r\n<!--------- FOOTTERI ------------------------------>\r\n<!-- wp:html --> \r\n<\/div><\/div><\/div>\r\n<div class=\"su-divider su-divider-style-default\" style=\"margin:0px 0;border-width:5px;border-color:#dfa60e\"><\/div> <div class=\"su-row ala\"> <div class=\"su-column su-column-size-1-1 ala su-column-centered\"><div class=\"su-column-inner su-u-clearfix su-u-trim\">\r\n<p class=\"font-2 alafontti\">\r\n \u2022 +358 (0)400-674 721 \u2022 <br\/>\r\n<a href=\"mailto:reservations@rantatuuli.fi\">reservations@rantatuuli.fi<\/a> \u2022 <a href=\"https:\/\/rantatuuli.fi\/w\/en\/yhteydenotto-2\/\">contact form<\/a> <br\/>\r\n \u2022 <a href=\"https:\/\/rantatuuli.fi\/w\/en\/etusivu-2\/\">\u00a9 rantatuuli.fi<\/a> \u2022  <\/p>\r\n<\/div><\/div> <\/div>\r\n<!-- \/wp:html -->\r\n","protected":false},"excerpt":{"rendered":"Rantatuuli.fi Holiday homes in Finland Saariselk\u00e4 Saariselk\u00e4 Saariselk\u00e4 Kuopio Vuokatti Etusivu Homepage Startseite \u0434\u043e\u043c\u0430\u0448\u043d\u044f\u044f \u0441\u0442\u0440\u0430\u043d\u0438\u0446\u0430 Hjemmeside Villa Paasisalo Kuopio Villa Paasisalo Paasisalo \u2013 interior and equipment Paasisalo \u2013 activities and links Paasisalo \u2013 booking inquiry Paasisalo \u2013 gallery &nbsp; Villa Paasisalo &#8211; interior and equipment The yard and the shore There is a back-yard descending&hellip;","protected":false},"author":1,"featured_media":0,"parent":3252,"menu_order":0,"comment_status":"closed","ping_status":"closed","template":"..\/public\/views\/revslider-page-template.php","meta":[],"acf":[],"aioseo_notices":[],"_links":{"self":[{"href":"https:\/\/rantatuuli.fi\/w\/wp-json\/wp\/v2\/pages\/3320"}],"collection":[{"href":"https:\/\/rantatuuli.fi\/w\/wp-json\/wp\/v2\/pages"}],"about":[{"href":"https:\/\/rantatuuli.fi\/w\/wp-json\/wp\/v2\/types\/page"}],"author":[{"embeddable":true,"href":"https:\/\/rantatuuli.fi\/w\/wp-json\/wp\/v2\/users\/1"}],"replies":[{"embeddable":true,"href":"https:\/\/rantatuuli.fi\/w\/wp-json\/wp\/v2\/comments?post=3320"}],"version-history":[{"count":0,"href":"https:\/\/rantatuuli.fi\/w\/wp-json\/wp\/v2\/pages\/3320\/revisions"}],"up":[{"embeddable":true,"href":"https:\/\/rantatuuli.fi\/w\/wp-json\/wp\/v2\/pages\/3252"}],"wp:attachment":[{"href":"https:\/\/rantatuuli.fi\/w\/wp-json\/wp\/v2\/media?parent=3320"}],"curies":[{"name":"wp","href":"https:\/\/api.w.org\/{rel}","templated":true}]}}