{"id":3107,"date":"2019-04-20T16:14:36","date_gmt":"2019-04-20T16:14:36","guid":{"rendered":"http:\/\/rantatuuli.fi\/w\/?page_id=3107"},"modified":"2026-02-17T11:18:46","modified_gmt":"2026-02-17T11:18:46","slug":"tunturikoivu-2","status":"publish","type":"page","link":"https:\/\/rantatuuli.fi\/w\/tunturikoivu-2\/","title":{"rendered":"Tunturikoivu A &#038; B"},"content":{"rendered":"<div class=\"su-row yla\"><div class=\"su-column su-column-size-1-1 su-column-centered\"><div class=\"su-column-inner su-u-clearfix su-u-trim\"><\/p>\r\n<p class=\"font-1 ylaotsikko\" style=\"font-size: 1.7vw;\"><a class=\"ylaotsikko\" href=\"https:\/\/rantatuuli.fi\">Rantatuuli.fi<\/a><\/p>\r\n<p class=\"font-2 ylakakkosrivi\" style=\"font-size: 1em;\">Holiday homes in Finland<\/p>\r\n<div>\u00a0<\/div>\r\n<table>\r\n<tbody>\r\n<tr>\r\n<td><a href=\"https:\/\/rantatuuli.fi\/w\/en\/tunturituuli-2\/\"><img class=\"size-full wp-image-2133\" src=\"https:\/\/rantatuuli.fi\/w\/wp-content\/uploads\/2019\/04\/tunturituuli-125.jpg\" alt=\"\" width=\"auto\" height=\"auto\" srcset=\"https:\/\/rantatuuli.fi\/w\/wp-content\/uploads\/2019\/04\/tunturituuli-125.jpg 127w, https:\/\/rantatuuli.fi\/w\/wp-content\/uploads\/2019\/04\/tunturituuli-125-24x24.jpg 24w, https:\/\/rantatuuli.fi\/w\/wp-content\/uploads\/2019\/04\/tunturituuli-125-36x36.jpg 36w, https:\/\/rantatuuli.fi\/w\/wp-content\/uploads\/2019\/04\/tunturituuli-125-48x48.jpg 48w\" sizes=\"(max-width: 127px) 100vw, 127px\" \/><br \/><span style=\"font-size: 0.8em;\">Saariselk\u00e4<\/span><\/a><\/td>\r\n<td width=\"3px\">\u00a0<\/td>\r\n<td><a href=\"https:\/\/rantatuuli.fi\/w\/en\/tunturikoivu-2\/\"><img class=\"size-full wp-image-2132\" src=\"https:\/\/rantatuuli.fi\/w\/wp-content\/uploads\/2019\/04\/tunturikoivu-125.jpg\" alt=\"\" width=\"auto\" height=\"auto\" srcset=\"https:\/\/rantatuuli.fi\/w\/wp-content\/uploads\/2019\/04\/tunturikoivu-125.jpg 127w, https:\/\/rantatuuli.fi\/w\/wp-content\/uploads\/2019\/04\/tunturikoivu-125-24x24.jpg 24w, https:\/\/rantatuuli.fi\/w\/wp-content\/uploads\/2019\/04\/tunturikoivu-125-36x36.jpg 36w, https:\/\/rantatuuli.fi\/w\/wp-content\/uploads\/2019\/04\/tunturikoivu-125-48x48.jpg 48w\" sizes=\"(max-width: 127px) 100vw, 127px\" \/><br \/><span style=\"font-size: 0.8em;\">Saariselk\u00e4<\/span><\/a><\/td>\r\n<td width=\"3px\">\u00a0<\/td>\r\n<td><a href=\"https:\/\/rantatuuli.fi\/w\/en\/tuiskukuru-2\/\"><img class=\"size-full wp-image-4866\" src=\"https:\/\/rantatuuli.fi\/w\/wp-content\/uploads\/2025\/05\/tuiskukuru-125.jpg\" alt=\"\" width=\"auto\" height=\"auto\" srcset=\"https:\/\/rantatuuli.fi\/w\/wp-content\/uploads\/2025\/05\/tuiskukuru-125.jpg 127w, https:\/\/rantatuuli.fi\/w\/wp-content\/uploads\/2025\/05\/tuiskukuru-125-24x24.jpg 24w, https:\/\/rantatuuli.fi\/w\/wp-content\/uploads\/2025\/05\/tuiskukuru-125-36x36.jpg 36w, https:\/\/rantatuuli.fi\/w\/wp-content\/uploads\/2025\/05\/tuiskukuru-125-48x48.jpg 48w\" sizes=\"(max-width: 127px) 100vw, 127px\" \/><br \/><span style=\"font-size: 0.8em;\">Saariselk\u00e4<\/span><\/a><\/td>\r\n<td width=\"3px\">\u00a0<\/td>\r\n<td><a href=\"https:\/\/rantatuuli.fi\/w\/en\/paasisalo-2\/\"><img class=\"size-full wp-image-2130\" src=\"https:\/\/rantatuuli.fi\/w\/wp-content\/uploads\/2019\/04\/paasisalo-125.jpg\" alt=\"\" width=\"auto\" height=\"auto\" srcset=\"https:\/\/rantatuuli.fi\/w\/wp-content\/uploads\/2019\/04\/paasisalo-125.jpg 127w, https:\/\/rantatuuli.fi\/w\/wp-content\/uploads\/2019\/04\/paasisalo-125-24x24.jpg 24w, https:\/\/rantatuuli.fi\/w\/wp-content\/uploads\/2019\/04\/paasisalo-125-36x36.jpg 36w, https:\/\/rantatuuli.fi\/w\/wp-content\/uploads\/2019\/04\/paasisalo-125-48x48.jpg 48w\" sizes=\"(max-width: 127px) 100vw, 127px\" \/><br \/><span style=\"font-size: 0.8em;\">Kuopio<\/span><\/a><\/td>\r\n<td width=\"3px\">\u00a0<\/td>\r\n<td><a href=\"https:\/\/rantatuuli.fi\/w\/en\/vuokatti-2\/\"><img class=\"size-full wp-image-2130\" src=\"https:\/\/rantatuuli.fi\/w\/wp-content\/uploads\/2021\/07\/vuokatti-125.jpg\" alt=\"\" width=\"auto\" height=\"auto\" \/><br \/><span style=\"font-size: 0.8em;\">Vuokatti<\/span><\/a><\/td>\r\n<\/tr>\r\n<\/tbody>\r\n<\/table>\r\n<div class=\"menulang\"><ul id=\"menu-kielivalikko\" class=\"menu menukieliluokka\"><li id=\"menu-item-3141\" class=\"menu-item menu-item-type-post_type menu-item-object-page menu-item-3141\"><a href=\"https:\/\/rantatuuli.fi\/w\/etusivu\/\" class=\"menu-image-title-hide menu-image-not-hovered\"><span class=\"menu-image-title-hide menu-image-title\">Etusivu<\/span><img width=\"36\" height=\"36\" src=\"https:\/\/rantatuuli.fi\/w\/wp-content\/uploads\/2019\/04\/fi64-36x36.png\" class=\"menu-image menu-image-title-hide\" alt=\"FI\" \/><\/a><\/li>\n<li id=\"menu-item-3143\" class=\"menu-item menu-item-type-post_type menu-item-object-page menu-item-3143\"><a href=\"https:\/\/rantatuuli.fi\/w\/en\/etusivu-2\/\" class=\"menu-image-title-hide menu-image-not-hovered\"><span class=\"menu-image-title-hide menu-image-title\">Homepage<\/span><img width=\"36\" height=\"36\" src=\"https:\/\/rantatuuli.fi\/w\/wp-content\/uploads\/2019\/04\/uk64-36x36.png\" class=\"menu-image menu-image-title-hide\" alt=\"UK\" \/><\/a><\/li>\n<li id=\"menu-item-3144\" class=\"menu-item menu-item-type-post_type menu-item-object-page menu-item-3144\"><a href=\"https:\/\/rantatuuli.fi\/w\/de\/etusivu-3\/\" class=\"menu-image-title-hide menu-image-not-hovered\"><span class=\"menu-image-title-hide menu-image-title\">Startseite<\/span><img width=\"36\" height=\"36\" src=\"https:\/\/rantatuuli.fi\/w\/wp-content\/uploads\/2019\/04\/de64-36x36.png\" class=\"menu-image menu-image-title-hide\" alt=\"DE\" \/><\/a><\/li>\n<li id=\"menu-item-3145\" class=\"menu-item menu-item-type-post_type menu-item-object-page menu-item-3145\"><a href=\"https:\/\/rantatuuli.fi\/w\/ru\/etusivu-4\/\" class=\"menu-image-title-hide menu-image-not-hovered\"><span class=\"menu-image-title-hide menu-image-title\">\u0434\u043e\u043c\u0430\u0448\u043d\u044f\u044f \u0441\u0442\u0440\u0430\u043d\u0438\u0446\u0430<\/span><img width=\"36\" height=\"36\" src=\"https:\/\/rantatuuli.fi\/w\/wp-content\/uploads\/2019\/04\/ru64-36x36.png\" class=\"menu-image menu-image-title-hide\" alt=\"RU\" \/><\/a><\/li>\n<li id=\"menu-item-3142\" class=\"menu-item menu-item-type-post_type menu-item-object-page menu-item-3142\"><a href=\"https:\/\/rantatuuli.fi\/w\/nn\/etusivu-5\/\" class=\"menu-image-title-hide menu-image-not-hovered\"><span class=\"menu-image-title-hide menu-image-title\">Hjemmeside<\/span><img width=\"36\" height=\"36\" src=\"https:\/\/rantatuuli.fi\/w\/wp-content\/uploads\/2019\/04\/flag_NOR-36x36.png\" class=\"menu-image menu-image-title-hide\" alt=\"Norway.\" \/><\/a><\/li>\n<\/ul><\/div>\r\n<p><\/div><\/div><\/div> <div class=\"su-row slaidirow\"><div class=\"su-divider su-divider-style-default viiva\" style=\"margin:0px 0;border-width:5px;border-color:#dfa60e\"><\/div> <div id=\"metaslider-id-2785\" style=\"width: 100%; margin: 0 auto;\" class=\"ml-slider-3-104-0 metaslider metaslider-nivo metaslider-2785 ml-slider ms-theme-jenga\" role=\"region\" aria-label=\"Tunturikoivu\" data-height=\"550\" data-width=\"1920\">\n    <div id=\"metaslider_container_2785\">\n        <div class='slider-wrapper theme-default'><div class='ribbon'><\/div><div id='metaslider_2785' class='nivoSlider'><img src=\"https:\/\/rantatuuli.fi\/w\/wp-content\/uploads\/2019\/04\/Tunturikoivu-WD-ulko-3.jpg\" height=\"550\" width=\"1920\" title=\"Tunturikoivu-WD-ulko-3\" alt=\"Tunturikoivu\" class=\"slider-2785 slide-2802 msDefaultImage\" data-no-lazy=\"1\" \/><img src=\"https:\/\/rantatuuli.fi\/w\/wp-content\/uploads\/2019\/04\/Tunturikoivu-WD-ala-3.jpg\" height=\"550\" width=\"1920\" title=\"Tunturikoivu-WD-ala-3\" alt=\"Tunturikoivu\" class=\"slider-2785 slide-2797 msDefaultImage\" data-no-lazy=\"1\" \/><img src=\"https:\/\/rantatuuli.fi\/w\/wp-content\/uploads\/2019\/04\/Tunturikoivu-WD-ulko-4.jpg\" height=\"550\" width=\"1920\" title=\"Tunturikoivu-WD-ulko-4\" alt=\"Tunturikoivu\" class=\"slider-2785 slide-2804 msDefaultImage\" data-no-lazy=\"1\" \/><img src=\"https:\/\/rantatuuli.fi\/w\/wp-content\/uploads\/2019\/04\/Tunturikoivu-WD-ala-2.jpg\" height=\"550\" width=\"1920\" title=\"Tunturikoivu-WD-ala-2\" alt=\"Tunturikoivu\" class=\"slider-2785 slide-2796 msDefaultImage\" data-no-lazy=\"1\" \/><img src=\"https:\/\/rantatuuli.fi\/w\/wp-content\/uploads\/2019\/04\/Tunturikoivu-WD-mh-2.jpg\" height=\"550\" width=\"1920\" title=\"Tunturikoivu-WD-mh-2\" alt=\"Tunturikoivu\" class=\"slider-2785 slide-2795 msDefaultImage\" data-no-lazy=\"1\" \/><img src=\"https:\/\/rantatuuli.fi\/w\/wp-content\/uploads\/2019\/04\/Tunturikoivu-WD-takapiha-1.jpg\" height=\"550\" width=\"1920\" title=\"Tunturikoivu-WD-takapiha\" alt=\"Tunturikoivu\" class=\"slider-2785 slide-2921 msDefaultImage\" data-no-lazy=\"1\" \/><img src=\"https:\/\/rantatuuli.fi\/w\/wp-content\/uploads\/2019\/04\/Tunturikoivu-WD-ala-1.jpg\" height=\"550\" width=\"1920\" title=\"Tunturikoivu-WD-ala-1\" alt=\"Tunturikoivu\" class=\"slider-2785 slide-2792 msDefaultImage\" data-no-lazy=\"1\" \/><img src=\"https:\/\/rantatuuli.fi\/w\/wp-content\/uploads\/2019\/04\/Tunturituuli-WD-4.jpg\" height=\"550\" width=\"1920\" title=\"Tunturituuli-WD-4\" alt=\"Tunturituuli\" class=\"slider-2785 slide-2819 msDefaultImage\" data-no-lazy=\"1\" \/><img src=\"https:\/\/rantatuuli.fi\/w\/wp-content\/uploads\/2019\/04\/Tunturikoivu-WD-mh-1.jpg\" height=\"550\" width=\"1920\" title=\"Tunturikoivu-WD-mh-1\" alt=\"Tunturikoivu\" class=\"slider-2785 slide-2793 msDefaultImage\" data-no-lazy=\"1\" \/><img src=\"https:\/\/rantatuuli.fi\/w\/wp-content\/uploads\/2019\/04\/Tunturikoivu-WD-ulko-2.jpg\" height=\"550\" width=\"1920\" title=\"Tunturikoivu-WD-ulko-2\" alt=\"Tunturikoivu\" class=\"slider-2785 slide-2801 msDefaultImage\" data-no-lazy=\"1\" \/><img src=\"https:\/\/rantatuuli.fi\/w\/wp-content\/uploads\/2019\/04\/Tunturituuli-WD-15.jpg\" height=\"550\" width=\"1920\" title=\"Tunturituuli-WD-15\" alt=\"Tuiskukuru - aktiviteetit ja linkit\" class=\"slider-2785 slide-2817 msDefaultImage\" data-no-lazy=\"1\" \/><img src=\"https:\/\/rantatuuli.fi\/w\/wp-content\/uploads\/2019\/04\/Tunturikoivu-WD-drone.jpg\" height=\"550\" width=\"1920\" title=\"Tunturikoivu-WD-drone\" alt=\"Tunturikoivu\" class=\"slider-2785 slide-2803 msDefaultImage\" data-no-lazy=\"1\" \/><img src=\"https:\/\/rantatuuli.fi\/w\/wp-content\/uploads\/2019\/04\/Tunturituuli-WD-16.jpg\" height=\"550\" width=\"1920\" title=\"Tunturituuli-WD-16\" alt=\"Tunturituuli\" class=\"slider-2785 slide-2822 msDefaultImage\" data-no-lazy=\"1\" \/><img src=\"https:\/\/rantatuuli.fi\/w\/wp-content\/uploads\/2019\/04\/Tunturikoivu-WD-ulko-1.jpg\" height=\"550\" width=\"1920\" title=\"Tunturikoivu-WD-ulko-1\" alt=\"Tunturikoivu\" class=\"slider-2785 slide-2794 msDefaultImage\" data-no-lazy=\"1\" \/><img src=\"https:\/\/rantatuuli.fi\/w\/wp-content\/uploads\/2019\/04\/Tunturikoivu-WD-ruokailu.jpg\" height=\"550\" width=\"1920\" title=\"Tunturikoivu-WD-ruokailu\" alt=\"Tunturikoivu\" class=\"slider-2785 slide-2800 msDefaultImage\" data-no-lazy=\"1\" \/><img src=\"https:\/\/rantatuuli.fi\/w\/wp-content\/uploads\/2019\/04\/Tunturituuli-WD-5.jpg\" height=\"550\" width=\"1920\" title=\"Tunturituuli-WD-5\" alt=\"Tunturituuli\" class=\"slider-2785 slide-2818 msDefaultImage\" data-no-lazy=\"1\" \/><img src=\"https:\/\/rantatuuli.fi\/w\/wp-content\/uploads\/2019\/04\/Tunturikoivu-WD-yla-1.jpg\" height=\"550\" width=\"1920\" title=\"Tunturikoivu-WD-yla-1\" alt=\"Tunturikoivu\" class=\"slider-2785 slide-2791 msDefaultImage\" data-no-lazy=\"1\" \/><img src=\"https:\/\/rantatuuli.fi\/w\/wp-content\/uploads\/2019\/04\/Tunturikoivu-WD-etupihasyks.jpg\" height=\"550\" width=\"1920\" title=\"Tunturikoivu-WD-etupihasyks\" alt=\"Tunturikoivu\" class=\"slider-2785 slide-2815 msDefaultImage\" data-no-lazy=\"1\" \/><img src=\"https:\/\/rantatuuli.fi\/w\/wp-content\/uploads\/2019\/04\/Tunturikoivu-WD-takapiha.jpg\" height=\"550\" width=\"1920\" title=\"Tunturikoivu-WD-takapiha\" alt=\"Tunturikoivu\" class=\"slider-2785 slide-2816 msDefaultImage\" data-no-lazy=\"1\" \/><img src=\"https:\/\/rantatuuli.fi\/w\/wp-content\/uploads\/2019\/04\/Tunturikoivu-WD-mh3.jpg\" height=\"550\" width=\"1920\" title=\"Tunturikoivu-WD-mh3\" alt=\"Tunturikoivu\" class=\"slider-2785 slide-2799 msDefaultImage\" data-no-lazy=\"1\" \/><img src=\"https:\/\/rantatuuli.fi\/w\/wp-content\/uploads\/2019\/04\/Tunturikoivu-WD-kylpy.jpg\" height=\"550\" width=\"1920\" title=\"Tunturikoivu-WD-kylpy\" alt=\"Tunturikoivu\" class=\"slider-2785 slide-2798 msDefaultImage\" data-no-lazy=\"1\" \/><\/div><\/div>\n        \n    <\/div>\n<\/div><div class=\"su-divider su-divider-style-default\" style=\"margin:0px 0;border-width:5px;border-color:#dfa60e\"><\/div><\/div> <div class=\"su-row\"><\/p>\r\n<!---- HEADER P\u00c4\u00c4TTYY ------------------------------------------------------------------------------------------------><!--------- VASEN LAITA JA MENU------------------>\r\n<div class=\"su-column su-column-size-2-5 vasen\"><div class=\"su-column-inner su-u-clearfix su-u-trim\"> <div class=\"su-divider su-divider-style-margin-bottom0px viiva\" style=\"margin:0px 0;border-width:5px;border-color:#dfa60e\"><\/div>\r\n<div class=\"menutausta\">\r\n<h2 class=\"vasenmenuotsikko ylavalikkofontti \">Tunturikoivu 1 &amp; 2<br \/>Saariselk\u00e4, Lapland<\/h2>\r\n<ul id=\"menu-tunturikoivu_en\" class=\"menu ylavalikkofontti vasenmenu\"><li id=\"menu-item-3200\" class=\"menu-item menu-item-type-post_type menu-item-object-page menu-item-3200\"><a href=\"https:\/\/rantatuuli.fi\/w\/tunturikoivu-2\/\">Tunturikoivu A &#038; B<\/a><\/li>\n<li id=\"menu-item-3211\" class=\"menu-item menu-item-type-post_type menu-item-object-page menu-item-3211\"><a href=\"https:\/\/rantatuuli.fi\/w\/en\/tunturikoivu-2\/varusteet\/\">Tunturikoivu \u2013 interior and equipment<\/a><\/li>\n<li id=\"menu-item-3201\" class=\"menu-item menu-item-type-post_type menu-item-object-page menu-item-3201\"><a href=\"https:\/\/rantatuuli.fi\/w\/en\/tunturikoivu-2\/aktiviteetit\/\">Tunturikoivu \u2013 activities and links<\/a><\/li>\n<li id=\"menu-item-3234\" class=\"menu-item menu-item-type-post_type menu-item-object-page menu-item-3234\"><a href=\"https:\/\/rantatuuli.fi\/w\/en\/tunturikoivu-2\/varaus\/\">Tunturikoivu \u2013 booking inquiry<\/a><\/li>\n<li id=\"menu-item-3929\" class=\"menu-item menu-item-type-post_type menu-item-object-wpape_gallery_type menu-item-3929\"><a href=\"https:\/\/rantatuuli.fi\/w\/ape_gallery\/tunturikoivu\/\">Tunturikoivu \u2013 gallery<\/a><\/li>\n<\/ul><\/div>\r\n<div class=\"su-divider su-divider-style-default viiva\" style=\"margin:0px 0;border-width:5px;border-color:#dfa60e\"><\/div>\r\n<p>&nbsp;<\/p>\r\n<!--------- VASEMMAT KUVAT ------------------>\r\n<p><img class=\"autoimage alignnone size-full wp-image-2827\" src=\"https:\/\/rantatuuli.fi\/w\/wp-content\/uploads\/2019\/04\/600-koivu-drone-1.jpg\" alt=\"\" width=\"600\" height=\"450\" srcset=\"https:\/\/rantatuuli.fi\/w\/wp-content\/uploads\/2019\/04\/600-koivu-drone-1.jpg 600w, https:\/\/rantatuuli.fi\/w\/wp-content\/uploads\/2019\/04\/600-koivu-drone-1-300x225.jpg 300w, https:\/\/rantatuuli.fi\/w\/wp-content\/uploads\/2019\/04\/600-koivu-drone-1-558x419.jpg 558w, https:\/\/rantatuuli.fi\/w\/wp-content\/uploads\/2019\/04\/600-koivu-drone-1-24x18.jpg 24w, https:\/\/rantatuuli.fi\/w\/wp-content\/uploads\/2019\/04\/600-koivu-drone-1-36x27.jpg 36w, https:\/\/rantatuuli.fi\/w\/wp-content\/uploads\/2019\/04\/600-koivu-drone-1-48x36.jpg 48w\" sizes=\"(max-width: 600px) 100vw, 600px\" \/> <img class=\"autoimage alignnone size-full wp-image-2829\" src=\"https:\/\/rantatuuli.fi\/w\/wp-content\/uploads\/2019\/04\/600-koivu-etupiha-3.jpg\" alt=\"\" width=\"600\" height=\"450\" srcset=\"https:\/\/rantatuuli.fi\/w\/wp-content\/uploads\/2019\/04\/600-koivu-etupiha-3.jpg 600w, https:\/\/rantatuuli.fi\/w\/wp-content\/uploads\/2019\/04\/600-koivu-etupiha-3-300x225.jpg 300w, https:\/\/rantatuuli.fi\/w\/wp-content\/uploads\/2019\/04\/600-koivu-etupiha-3-558x419.jpg 558w, https:\/\/rantatuuli.fi\/w\/wp-content\/uploads\/2019\/04\/600-koivu-etupiha-3-24x18.jpg 24w, https:\/\/rantatuuli.fi\/w\/wp-content\/uploads\/2019\/04\/600-koivu-etupiha-3-36x27.jpg 36w, https:\/\/rantatuuli.fi\/w\/wp-content\/uploads\/2019\/04\/600-koivu-etupiha-3-48x36.jpg 48w\" sizes=\"(max-width: 600px) 100vw, 600px\" \/> <img class=\"autoimage alignnone size-full wp-image-2860\" src=\"https:\/\/rantatuuli.fi\/w\/wp-content\/uploads\/2019\/04\/600-tuuli-aktivit3.jpg\" alt=\"\" width=\"600\" height=\"400\" srcset=\"https:\/\/rantatuuli.fi\/w\/wp-content\/uploads\/2019\/04\/600-tuuli-aktivit3.jpg 600w, https:\/\/rantatuuli.fi\/w\/wp-content\/uploads\/2019\/04\/600-tuuli-aktivit3-300x200.jpg 300w, https:\/\/rantatuuli.fi\/w\/wp-content\/uploads\/2019\/04\/600-tuuli-aktivit3-558x372.jpg 558w, https:\/\/rantatuuli.fi\/w\/wp-content\/uploads\/2019\/04\/600-tuuli-aktivit3-24x16.jpg 24w, https:\/\/rantatuuli.fi\/w\/wp-content\/uploads\/2019\/04\/600-tuuli-aktivit3-36x24.jpg 36w, https:\/\/rantatuuli.fi\/w\/wp-content\/uploads\/2019\/04\/600-tuuli-aktivit3-48x32.jpg 48w, https:\/\/rantatuuli.fi\/w\/wp-content\/uploads\/2019\/04\/600-tuuli-aktivit3-272x182.jpg 272w\" sizes=\"(max-width: 600px) 100vw, 600px\" \/> <img class=\"autoimage alignnone size-full wp-image-2843\" src=\"https:\/\/rantatuuli.fi\/w\/wp-content\/uploads\/2025\/05\/600-tunturituulijakoivu-sijainti-2025.jpg\" alt=\"\" width=\"600\" height=\"500\" \/> <\/p>\r\n<!--------- VASEMMAN REUNAN P\u00c4\u00c4TT\u00d6------------------>\r\n<div class=\"su-divider su-divider-style-vertical-alignbaseline\" style=\"margin:0px 0;border-width:5px;border-color:#dfa60e\"><\/div> <img class=\"centimage\" src=\"https:\/\/rantatuuli.fi\/w\/wp-content\/uploads\/2018\/03\/divider2-300x26.png\" alt=\"\" \/> <img class=\"alignbottom wp-image-2012\" src=\"https:\/\/rantatuuli.fi\/w\/wp-content\/uploads\/2019\/04\/pehmenne.png\" alt=\"\" width=\"100%\" height=\"auto\" srcset=\"https:\/\/rantatuuli.fi\/w\/wp-content\/uploads\/2019\/04\/pehmenne.png 500w, https:\/\/rantatuuli.fi\/w\/wp-content\/uploads\/2019\/04\/pehmenne-300x77.png 300w, https:\/\/rantatuuli.fi\/w\/wp-content\/uploads\/2019\/04\/pehmenne-24x6.png 24w, https:\/\/rantatuuli.fi\/w\/wp-content\/uploads\/2019\/04\/pehmenne-36x9.png 36w, https:\/\/rantatuuli.fi\/w\/wp-content\/uploads\/2019\/04\/pehmenne-48x12.png 48w\" sizes=\"(max-width: 500px) 100vw, 500px\" \/> <\/div><\/div> <div class=\"su-column su-column-size-3-5 oikee\"><div class=\"su-column-inner su-u-clearfix su-u-trim\"><\/p>\r\n<!--------- OIKEA LAITA \/ TEKSTIALUE ------------------------------>\r\n<div class=\"su-heading su-heading-style-default su-heading-align-center font-1\" id=\"\" style=\"font-size:30px;margin-bottom:20px\"><div class=\"su-heading-inner\">Tunturikoivu<\/div><\/div>\r\n<p>Tunturikoivu holiday homes are located in a place ideal for those searching for peace, and yet within a distance of only approximately 1,5 km to services and amenities of Ski Resort Saariselk\u00e4.<\/p>\r\n<p>Tunturikoivu is a detached holiday home. There are four of them: A1, A2 and B1, B2. All of them offer comfortable space for 4-8 persons. They are very suited for two families.<\/p>\r\n<p>These holiday homes have been recently remodeled and are well-equipped. The interior feels now modernly light and spacious.<\/p>\r\n<h2>See the video first:<\/h2>\r\n<div style=\"border: 1px solid #e1e1e1; vertical-align: baseline; padding-bottom: 10; margin-top: 1em; margin-bottom: 1em;\"><div class=\"su-youtube su-u-responsive-media-yes tuubi\"><iframe width=\"100%\" height=\"400\" src=\"https:\/\/www.youtube.com\/embed\/Xb-ywPcVBnA?\" frameborder=\"0\" allowfullscreen allow=\"autoplay; encrypted-media; picture-in-picture\" title=\"\"><\/iframe><\/div><\/div>\r\n<p>You do not need to rent car from the airport, since the airport bus takes you close to the holiday homes. Here you can really get a sense of what peace of mind is. No traffic noise. Purest air in Europe, Laplandish wilderness closeby!<\/p>\r\n<p>The ski and jogging tracks are within 150 m from the homes.<\/p>\r\n<p>Other: No pets. There is an unheated ski service room. A baby bed is available. Two kick sleds and a plastic sled is available jointly for houses A and B. There is also possibility to rent a mountain bike.<\/p>\r\n<div class=\"su-quote su-quote-style-default font-1\"><div class=\"su-quote-inner su-u-clearfix su-u-trim\">Customer feedback: &#8220;Very peaceful location even thought the center of town is within walking distance!&#8221;.<\/div><\/div>\r\n<p><img style=\"display: block; margin-left: auto; margin-right: auto;\" src=\"https:\/\/rantatuuli.fi\/w\/wp-content\/uploads\/2018\/03\/divider2-300x26.png\" alt=\"\" \/><\/p>\r\n<div class=\"su-heading su-heading-style-default su-heading-align-center font-1\" id=\"\" style=\"font-size:30px;margin-bottom:20px\"><div class=\"su-heading-inner\">Location<\/div><\/div>\r\n<h3>On the map<\/h3>\r\n<p>Saariselk\u00e4-ski resort is among the surest places for snow in Northern Scandinavia.<\/p>\r\n<p><a href=\"https:\/\/www.fonecta.fi\/kartat\/kuksatie,%2099830,%20saariselk%C3%A4?lon=27.412519454956055&amp;lat=68.41031543744008&amp;z=14\" target=\"_blank\" rel=\"noopener noreferrer\">Karttasijainti (Fonecta)<\/a><\/p>\r\n<style type=\"text\/css\" id=\"umsMapStyles_2_28969\">\r\n    #ultimate_maps_2_28969 {\r\n        width: 100%;\r\n        height: 250px;\r\n                border: 0px solid ;\r\n        margin: 0px;\r\n    }\r\n    #mapsControlsNum_2_28969 {\r\n        width:100%    }\r\n    .umsMapDetailsContainer#umsMapDetailsContainer_2_28969 {\r\n        height:250px;\r\n    }\r\n    .ums_MapPreview#ultimate_maps_2_28969 {\r\n        \/*position:absolute;*\/\r\n        width:100%;\r\n    }\r\n    #mapConElem_2_28969{\r\n        width:100%    }\r\n    <\/style><div class=\"ums_map_opts\" id=\"mapConElem_2_28969\" data-id=\"2\" data-view-id=\"2_28969\" > <div class=\"umsMapDetailsContainer\" id=\"umsMapDetailsContainer_2_28969\"> <i class=\"umsKMLLayersPreloader fa fa-spinner fa-spin\" aria-hidden=\"true\" style=\"display: none;\"><\/i> <div class=\"ums_MapPreview \" id=\"ultimate_maps_2_28969\"><\/div> <\/div> <div class=\"umsMapMarkerFilters\" id=\"umsMapMarkerFilters_2_28969\"> <\/div> <div class=\"umsMapProControlsCon\" id=\"umsMapProControlsCon_2_28969\"> <a title=\"Google Map Wordpress\" style=\"display:none;\" href=\"https:\/\/supsystic.com\/plugins\/google-maps-plugin\/?utm_medium=love_link_hide\" target=\"_blank\">Google Map Wordpress<\/a><div style=\"clear: both;\"><\/div> <\/div> <div class=\"umsMapProDirectionsCon\" id=\"umsMapProDirectionsCon_2_28969\" > <\/div> <div class=\"umsMapProKmlFilterCon\" id=\"umsMapProKmlFilterCon_2_28969\" > <\/div> <div class=\"umsSocialSharingShell umsSocialSharingShell_2_28969\"> <\/div> <div style=\"clear: both;\"><\/div> <\/div>\r\n<h3>Taxi<\/h3>\r\n<p><a href=\"https:\/\/www.inarisaariselka.fi\/activity\/taksit-fi\/\" target=\"_blank\" rel=\"noopener noreferrer\">Taxis on Saariselk\u00e4<\/a><\/p>\r\n<p><a href=\"https:\/\/taxisaariselka.fi\/\" target=\"_blank\" rel=\"noopener noreferrer\">taxisaariselka.fi<\/a><\/p>\r\n<h3>Airport and car rental<\/h3>\r\n<p>Ivalo <a href=\"https:\/\/www.finavia.fi\/en\/airports\/ivalo\" target=\"_blank\" rel=\"noopener noreferrer\"> airport<\/a> is 29 kms away. There you will find many international car rental agencies.<\/p>\r\n<h3>Saariselk\u00e4<\/h3>\r\n<p><a href=\"https:\/\/saariselka.com\" target=\"_blank\" rel=\"noopener noreferrer\">Saariselka.com<\/a><\/p>\r\n<p><a href=\"https:\/\/www.inarisaariselka.fi\/\" target=\"_blank\" rel=\"noopener noreferrer\">Inari Saariselk\u00e4<\/a><\/p>\r\n<h3>Address:<\/h3>\r\n<p>Kuksatie 2-4, 99830 SAARISELK\u00c4, FINLAND<\/p>\r\n<p><img class=\"centimage\" src=\"https:\/\/rantatuuli.fi\/w\/wp-content\/uploads\/2018\/03\/divider2-300x26.png\" alt=\"\" \/><\/p>\r\n<p><!-- \/wp:html --><!--------- FOOTTERI ------------------------------>\r\n\r\n<!-- wp:html --> <\/div><\/div><\/div> <div class=\"su-divider su-divider-style-default\" style=\"margin:0px 0;border-width:5px;border-color:#dfa60e\"><\/div> <div class=\"su-row ala\"> <div class=\"su-column su-column-size-1-1 ala su-column-centered\"><div class=\"su-column-inner su-u-clearfix su-u-trim\"><\/p>\r\n<p class=\"font-2 alafontti\">\u2022 +358 (0)400-674 721 \u2022 <br \/><a href=\"mailto:reservations@rantatuuli.fi\">reservations@rantatuuli.fi<\/a> \u2022 <a href=\"https:\/\/rantatuuli.fi\/w\/en\/yhteydenotto-2\/\">contact form<\/a> <br \/>\u2022 <a href=\"https:\/\/rantatuuli.fi\/w\/en\/etusivu-2\/\">\u00a9 rantatuuli.fi<\/a> \u2022<\/p>\r\n<p><\/div><\/div> <\/div> <!-- \/wp:html --><\/p>","protected":false},"excerpt":{"rendered":"Rantatuuli.fi Holiday homes in Finland \u00a0 Saariselk\u00e4 \u00a0 Saariselk\u00e4 \u00a0 Saariselk\u00e4 \u00a0 Kuopio \u00a0 Vuokatti Etusivu Homepage Startseite \u0434\u043e\u043c\u0430\u0448\u043d\u044f\u044f \u0441\u0442\u0440\u0430\u043d\u0438\u0446\u0430 Hjemmeside Tunturikoivu 1 &amp; 2Saariselk\u00e4, Lapland Tunturikoivu A &#038; B Tunturikoivu \u2013 interior and equipment Tunturikoivu \u2013 activities and links Tunturikoivu \u2013 booking inquiry Tunturikoivu \u2013 gallery &nbsp; Tunturikoivu Tunturikoivu holiday homes are located in&hellip;","protected":false},"author":1,"featured_media":0,"parent":0,"menu_order":0,"comment_status":"closed","ping_status":"closed","template":"..\/public\/views\/revslider-page-template.php","meta":[],"acf":[],"aioseo_notices":[],"_links":{"self":[{"href":"https:\/\/rantatuuli.fi\/w\/wp-json\/wp\/v2\/pages\/3107"}],"collection":[{"href":"https:\/\/rantatuuli.fi\/w\/wp-json\/wp\/v2\/pages"}],"about":[{"href":"https:\/\/rantatuuli.fi\/w\/wp-json\/wp\/v2\/types\/page"}],"author":[{"embeddable":true,"href":"https:\/\/rantatuuli.fi\/w\/wp-json\/wp\/v2\/users\/1"}],"replies":[{"embeddable":true,"href":"https:\/\/rantatuuli.fi\/w\/wp-json\/wp\/v2\/comments?post=3107"}],"version-history":[{"count":1,"href":"https:\/\/rantatuuli.fi\/w\/wp-json\/wp\/v2\/pages\/3107\/revisions"}],"predecessor-version":[{"id":5087,"href":"https:\/\/rantatuuli.fi\/w\/wp-json\/wp\/v2\/pages\/3107\/revisions\/5087"}],"wp:attachment":[{"href":"https:\/\/rantatuuli.fi\/w\/wp-json\/wp\/v2\/media?parent=3107"}],"curies":[{"name":"wp","href":"https:\/\/api.w.org\/{rel}","templated":true}]}}