{"id":3055,"date":"2019-04-20T14:13:10","date_gmt":"2019-04-20T14:13:10","guid":{"rendered":"http:\/\/rantatuuli.fi\/w\/?page_id=3055"},"modified":"2025-05-15T05:51:01","modified_gmt":"2025-05-15T05:51:01","slug":"aktiviteetit","status":"publish","type":"page","link":"https:\/\/rantatuuli.fi\/w\/tunturikoivu\/aktiviteetit\/","title":{"rendered":"Tunturikoivu &#8211; aktiviteetit ja linkit"},"content":{"rendered":"<div class=\"su-row yla\"><div class=\"su-column su-column-size-1-1 su-column-centered\"><div class=\"su-column-inner su-u-clearfix su-u-trim\">\r\n<table width=100%>\r\n<td >\r\n   <p class=\"font-1 ylaotsikko\" style=\"font-size:1.7vw\"><a href=\"https:\/\/rantatuuli.fi\" class=\"ylaotsikko\" >Rantatuuli.fi<\/a><\/p>\r\n    <p class=\"font-2 ylakakkosrivi\" style=\"font-size:1vw\">Lomam\u00f6kit ja huoneistot<\/p>\r\n<\/td>\r\n<td style=\"margins:10px\">\r\n\r\n<div >   <table> <tbody>   <tr>    <td><a href=\"https:\/\/rantatuuli.fi\/w\/tunturituuli\/\" border=\"0\"><img src=\"https:\/\/rantatuuli.fi\/w\/wp-content\/uploads\/2019\/04\/tunturituuli-125.jpg\" width=auto height=auto alt=\"\"class=\"size-full wp-image-2133\" srcset=\"https:\/\/rantatuuli.fi\/w\/wp-content\/uploads\/2019\/04\/tunturituuli-125.jpg 127w, https:\/\/rantatuuli.fi\/w\/wp-content\/uploads\/2019\/04\/tunturituuli-125-24x24.jpg 24w, https:\/\/rantatuuli.fi\/w\/wp-content\/uploads\/2019\/04\/tunturituuli-125-36x36.jpg 36w, https:\/\/rantatuuli.fi\/w\/wp-content\/uploads\/2019\/04\/tunturituuli-125-48x48.jpg 48w\" sizes=\"(max-width: 127px) 100vw, 127px\" \/><br><font style=\"font-size:0.8em\">Saariselk\u00e4<\/font><\/a><\/td>    <td width=3px><\/td>   <td><a href=\"https:\/\/rantatuuli.fi\/w\/tunturikoivu\/\" border=\"0\"><img src=\"https:\/\/rantatuuli.fi\/w\/wp-content\/uploads\/2019\/04\/tunturikoivu-125.jpg\" width=auto height=auto alt=\"\" class=\"size-full wp-image-2132\" srcset=\"https:\/\/rantatuuli.fi\/w\/wp-content\/uploads\/2019\/04\/tunturikoivu-125.jpg 127w, https:\/\/rantatuuli.fi\/w\/wp-content\/uploads\/2019\/04\/tunturikoivu-125-24x24.jpg 24w, https:\/\/rantatuuli.fi\/w\/wp-content\/uploads\/2019\/04\/tunturikoivu-125-36x36.jpg 36w, https:\/\/rantatuuli.fi\/w\/wp-content\/uploads\/2019\/04\/tunturikoivu-125-48x48.jpg 48w\" sizes=\"(max-width: 127px) 100vw, 127px\" \/><br><font style=\"font-size:0.8em\">Saariselk\u00e4<\/font><\/a><\/td>   <td width=3px><\/td>   <td><a href=\"https:\/\/rantatuuli.fi\/w\/tuiskukuru\/\" border=\"0\"><img src=\"https:\/\/rantatuuli.fi\/w\/wp-content\/uploads\/2025\/05\/tuiskukuru-125.jpg\" width=auto height=auto alt=\"\" class=\"size-full wp-image-4866\" srcset=\"https:\/\/rantatuuli.fi\/w\/wp-content\/uploads\/2025\/05\/tuiskukuru-125.jpg 127w, https:\/\/rantatuuli.fi\/w\/wp-content\/uploads\/2025\/05\/tuiskukuru-125-24x24.jpg 24w, https:\/\/rantatuuli.fi\/w\/wp-content\/uploads\/2025\/05\/tuiskukuru-125-36x36.jpg 36w, https:\/\/rantatuuli.fi\/w\/wp-content\/uploads\/2025\/05\/tuiskukuru-125-48x48.jpg 48w\" sizes=\"(max-width: 127px) 100vw, 127px\" \/><br><font style=\"font-size:0.8em\">Saariselk\u00e4<\/font><\/a><\/td>   <td width=3px><\/td>   <td><a href=\"https:\/\/rantatuuli.fi\/w\/paasisalo\/\" border=\"0\"><img src=\"https:\/\/rantatuuli.fi\/w\/wp-content\/uploads\/2019\/04\/paasisalo-125.jpg\" alt=\"\" width=auto height=auto class=\"size-full wp-image-2130\" srcset=\"https:\/\/rantatuuli.fi\/w\/wp-content\/uploads\/2019\/04\/paasisalo-125.jpg 127w, https:\/\/rantatuuli.fi\/w\/wp-content\/uploads\/2019\/04\/paasisalo-125-24x24.jpg 24w, https:\/\/rantatuuli.fi\/w\/wp-content\/uploads\/2019\/04\/paasisalo-125-36x36.jpg 36w, https:\/\/rantatuuli.fi\/w\/wp-content\/uploads\/2019\/04\/paasisalo-125-48x48.jpg 48w\" sizes=\"(max-width: 127px) 100vw, 127px\" \/><br><font style=\"font-size:0.8em\">Kuopio<\/font><\/a><\/td>   <td width=3px><\/td>   <td><a href=\"https:\/\/rantatuuli.fi\/w\/vuokatti\/\" border=\"0\"><img src=\"https:\/\/rantatuuli.fi\/w\/wp-content\/uploads\/2021\/07\/vuokatti-125.jpg\" alt=\"\" width=auto height=auto class=\"size-full wp-image-2130\" \/><br><font style=\"font-size:0.8em\">Vuokatti<\/font><\/a><\/td>   <\/tr><\/tbody><\/table> <\/div>\r\n\r\n<\/td>\r\n<td class=\"kielitd\">\r\n    <div class=\"menulang\"><ul id=\"menu-kielivalikko\" class=\"menu menukieliluokka\"><li id=\"menu-item-3141\" class=\"menu-item menu-item-type-post_type menu-item-object-page menu-item-3141\"><a href=\"https:\/\/rantatuuli.fi\/w\/etusivu\/\" class=\"menu-image-title-hide menu-image-not-hovered\"><span class=\"menu-image-title-hide menu-image-title\">Etusivu<\/span><img width=\"36\" height=\"36\" src=\"https:\/\/rantatuuli.fi\/w\/wp-content\/uploads\/2019\/04\/fi64-36x36.png\" class=\"menu-image menu-image-title-hide\" alt=\"\" \/><\/a><\/li>\n<li id=\"menu-item-3143\" class=\"menu-item menu-item-type-post_type menu-item-object-page menu-item-3143\"><a href=\"https:\/\/rantatuuli.fi\/w\/en\/etusivu-2\/\" class=\"menu-image-title-hide menu-image-not-hovered\"><span class=\"menu-image-title-hide menu-image-title\">Homepage<\/span><img width=\"36\" height=\"36\" src=\"https:\/\/rantatuuli.fi\/w\/wp-content\/uploads\/2019\/04\/uk64-36x36.png\" class=\"menu-image menu-image-title-hide\" alt=\"\" \/><\/a><\/li>\n<li id=\"menu-item-3144\" class=\"menu-item menu-item-type-post_type menu-item-object-page menu-item-3144\"><a href=\"https:\/\/rantatuuli.fi\/w\/de\/etusivu-3\/\" class=\"menu-image-title-hide menu-image-not-hovered\"><span class=\"menu-image-title-hide menu-image-title\">Startseite<\/span><img width=\"36\" height=\"36\" src=\"https:\/\/rantatuuli.fi\/w\/wp-content\/uploads\/2019\/04\/de64-36x36.png\" class=\"menu-image menu-image-title-hide\" alt=\"\" \/><\/a><\/li>\n<li id=\"menu-item-3145\" class=\"menu-item menu-item-type-post_type menu-item-object-page menu-item-3145\"><a href=\"https:\/\/rantatuuli.fi\/w\/ru\/etusivu-4\/\" class=\"menu-image-title-hide menu-image-not-hovered\"><span class=\"menu-image-title-hide menu-image-title\">\u0434\u043e\u043c\u0430\u0448\u043d\u044f\u044f \u0441\u0442\u0440\u0430\u043d\u0438\u0446\u0430<\/span><img width=\"36\" height=\"36\" src=\"https:\/\/rantatuuli.fi\/w\/wp-content\/uploads\/2019\/04\/ru64-36x36.png\" class=\"menu-image menu-image-title-hide\" alt=\"\" \/><\/a><\/li>\n<li id=\"menu-item-3142\" class=\"menu-item menu-item-type-post_type menu-item-object-page menu-item-3142\"><a href=\"https:\/\/rantatuuli.fi\/w\/nn\/etusivu-5\/\" class=\"menu-image-title-hide menu-image-not-hovered\"><span class=\"menu-image-title-hide menu-image-title\">Hjemmeside<\/span><img width=\"36\" height=\"36\" src=\"https:\/\/rantatuuli.fi\/w\/wp-content\/uploads\/2019\/04\/flag_NOR-36x36.png\" class=\"menu-image menu-image-title-hide\" alt=\"\" \/><\/a><\/li>\n<\/ul><\/div>\r\n<\/td>\r\n<\/td><\/table>\r\n<\/div><\/div><\/div>\r\n\r\n<div class=\"su-row slaidirow\"><div class=\"su-divider su-divider-style-default viiva\" style=\"margin:0px 0;border-width:5px;border-color:#dfa60e\"><\/div> <div id=\"metaslider-id-2785\" style=\"width: 100%; margin: 0 auto;\" class=\"ml-slider-3-104-0 metaslider metaslider-nivo metaslider-2785 ml-slider ms-theme-jenga\" role=\"region\" aria-label=\"Tunturikoivu\" data-height=\"550\" data-width=\"1920\">\n    <div id=\"metaslider_container_2785\">\n        <div class='slider-wrapper theme-default'><div class='ribbon'><\/div><div id='metaslider_2785' class='nivoSlider'><img src=\"https:\/\/rantatuuli.fi\/w\/wp-content\/uploads\/2019\/04\/Tunturikoivu-WD-ulko-2.jpg\" height=\"550\" width=\"1920\" title=\"Tunturikoivu-WD-ulko-2\" alt=\"\" class=\"slider-2785 slide-2801 msDefaultImage\" data-no-lazy=\"1\" \/><img src=\"https:\/\/rantatuuli.fi\/w\/wp-content\/uploads\/2019\/04\/Tunturikoivu-WD-kylpy.jpg\" height=\"550\" width=\"1920\" title=\"Tunturikoivu-WD-kylpy\" alt=\"\" class=\"slider-2785 slide-2798 msDefaultImage\" data-no-lazy=\"1\" \/><img src=\"https:\/\/rantatuuli.fi\/w\/wp-content\/uploads\/2019\/04\/Tunturikoivu-WD-takapiha-1.jpg\" height=\"550\" width=\"1920\" title=\"Tunturikoivu-WD-takapiha\" alt=\"\" class=\"slider-2785 slide-2921 msDefaultImage\" data-no-lazy=\"1\" \/><img src=\"https:\/\/rantatuuli.fi\/w\/wp-content\/uploads\/2019\/04\/Tunturituuli-WD-15.jpg\" height=\"550\" width=\"1920\" title=\"Tunturituuli-WD-15\" alt=\"\" class=\"slider-2785 slide-2817 msDefaultImage\" data-no-lazy=\"1\" \/><img src=\"https:\/\/rantatuuli.fi\/w\/wp-content\/uploads\/2019\/04\/Tunturikoivu-WD-mh-1.jpg\" height=\"550\" width=\"1920\" title=\"Tunturikoivu-WD-mh-1\" alt=\"\" class=\"slider-2785 slide-2793 msDefaultImage\" data-no-lazy=\"1\" \/><img src=\"https:\/\/rantatuuli.fi\/w\/wp-content\/uploads\/2019\/04\/Tunturikoivu-WD-takapiha.jpg\" height=\"550\" width=\"1920\" title=\"Tunturikoivu-WD-takapiha\" alt=\"\" class=\"slider-2785 slide-2816 msDefaultImage\" data-no-lazy=\"1\" \/><img src=\"https:\/\/rantatuuli.fi\/w\/wp-content\/uploads\/2019\/04\/Tunturikoivu-WD-ruokailu.jpg\" height=\"550\" width=\"1920\" title=\"Tunturikoivu-WD-ruokailu\" alt=\"\" class=\"slider-2785 slide-2800 msDefaultImage\" data-no-lazy=\"1\" \/><img src=\"https:\/\/rantatuuli.fi\/w\/wp-content\/uploads\/2019\/04\/Tunturikoivu-WD-drone.jpg\" height=\"550\" width=\"1920\" title=\"Tunturikoivu-WD-drone\" alt=\"\" class=\"slider-2785 slide-2803 msDefaultImage\" data-no-lazy=\"1\" \/><img src=\"https:\/\/rantatuuli.fi\/w\/wp-content\/uploads\/2019\/04\/Tunturikoivu-WD-mh-2.jpg\" height=\"550\" width=\"1920\" title=\"Tunturikoivu-WD-mh-2\" alt=\"\" class=\"slider-2785 slide-2795 msDefaultImage\" data-no-lazy=\"1\" \/><img src=\"https:\/\/rantatuuli.fi\/w\/wp-content\/uploads\/2019\/04\/Tunturikoivu-WD-ulko-4.jpg\" height=\"550\" width=\"1920\" title=\"Tunturikoivu-WD-ulko-4\" alt=\"\" class=\"slider-2785 slide-2804 msDefaultImage\" data-no-lazy=\"1\" \/><img src=\"https:\/\/rantatuuli.fi\/w\/wp-content\/uploads\/2019\/04\/Tunturikoivu-WD-ala-2.jpg\" height=\"550\" width=\"1920\" title=\"Tunturikoivu-WD-ala-2\" alt=\"\" class=\"slider-2785 slide-2796 msDefaultImage\" data-no-lazy=\"1\" \/><img src=\"https:\/\/rantatuuli.fi\/w\/wp-content\/uploads\/2019\/04\/Tunturikoivu-WD-mh3.jpg\" height=\"550\" width=\"1920\" title=\"Tunturikoivu-WD-mh3\" alt=\"\" class=\"slider-2785 slide-2799 msDefaultImage\" data-no-lazy=\"1\" \/><img src=\"https:\/\/rantatuuli.fi\/w\/wp-content\/uploads\/2019\/04\/Tunturikoivu-WD-yla-1.jpg\" height=\"550\" width=\"1920\" title=\"Tunturikoivu-WD-yla-1\" alt=\"\" class=\"slider-2785 slide-2791 msDefaultImage\" data-no-lazy=\"1\" \/><img src=\"https:\/\/rantatuuli.fi\/w\/wp-content\/uploads\/2019\/04\/Tunturikoivu-WD-ala-3.jpg\" height=\"550\" width=\"1920\" title=\"Tunturikoivu-WD-ala-3\" alt=\"\" class=\"slider-2785 slide-2797 msDefaultImage\" data-no-lazy=\"1\" \/><img src=\"https:\/\/rantatuuli.fi\/w\/wp-content\/uploads\/2019\/04\/Tunturituuli-WD-5.jpg\" height=\"550\" width=\"1920\" title=\"Tunturituuli-WD-5\" alt=\"\" class=\"slider-2785 slide-2818 msDefaultImage\" data-no-lazy=\"1\" \/><img src=\"https:\/\/rantatuuli.fi\/w\/wp-content\/uploads\/2019\/04\/Tunturikoivu-WD-etupihasyks.jpg\" height=\"550\" width=\"1920\" title=\"Tunturikoivu-WD-etupihasyks\" alt=\"\" class=\"slider-2785 slide-2815 msDefaultImage\" data-no-lazy=\"1\" \/><img src=\"https:\/\/rantatuuli.fi\/w\/wp-content\/uploads\/2019\/04\/Tunturituuli-WD-4.jpg\" height=\"550\" width=\"1920\" title=\"Tunturituuli-WD-4\" alt=\"\" class=\"slider-2785 slide-2819 msDefaultImage\" data-no-lazy=\"1\" \/><img src=\"https:\/\/rantatuuli.fi\/w\/wp-content\/uploads\/2019\/04\/Tunturituuli-WD-16.jpg\" height=\"550\" width=\"1920\" title=\"Tunturituuli-WD-16\" alt=\"\" class=\"slider-2785 slide-2822 msDefaultImage\" data-no-lazy=\"1\" \/><img src=\"https:\/\/rantatuuli.fi\/w\/wp-content\/uploads\/2019\/04\/Tunturikoivu-WD-ulko-3.jpg\" height=\"550\" width=\"1920\" title=\"Tunturikoivu-WD-ulko-3\" alt=\"\" class=\"slider-2785 slide-2802 msDefaultImage\" data-no-lazy=\"1\" \/><img src=\"https:\/\/rantatuuli.fi\/w\/wp-content\/uploads\/2019\/04\/Tunturikoivu-WD-ala-1.jpg\" height=\"550\" width=\"1920\" title=\"Tunturikoivu-WD-ala-1\" alt=\"\" class=\"slider-2785 slide-2792 msDefaultImage\" data-no-lazy=\"1\" \/><img src=\"https:\/\/rantatuuli.fi\/w\/wp-content\/uploads\/2019\/04\/Tunturikoivu-WD-ulko-1.jpg\" height=\"550\" width=\"1920\" title=\"Tunturikoivu-WD-ulko-1\" alt=\"\" class=\"slider-2785 slide-2794 msDefaultImage\" data-no-lazy=\"1\" \/><\/div><\/div>\n        \n    <\/div>\n<\/div><div class=\"su-divider su-divider-style-default\" style=\"margin:0px 0;border-width:5px;border-color:#dfa60e\"><\/div><\/div> <div class=\"su-row\">\r\n\r\n<!---- HEADER P\u00c4\u00c4TTYY ------------------------------------------------------------------------------------------------>\r\n\r\n\r\n\r\n\r\n\r\n<!---- HEADER P\u00c4\u00c4TTYY ------------------------------------------------------------------------------------------------><!--------- VASEN LAITA JA MENU------------------>\r\n<div class=\"su-column su-column-size-2-5 vasen\"><div class=\"su-column-inner su-u-clearfix su-u-trim\"> <div class=\"su-divider su-divider-style-margin-bottom0px viiva\" style=\"margin:0px 0;border-width:5px;border-color:#dfa60e\"><\/div>\r\n<div class=\"menutausta\">\r\n<h2 class=\"vasenmenuotsikko ylavalikkofontti \">Tunturikoivu 1 &amp; 2<br>\r\nSaariselk\u00e4, Lapland<\/h2>\r\n<ul id=\"menu-tunturikoivu\" class=\"menu ylavalikkofontti vasenmenu\"><li id=\"menu-item-2884\" class=\"menu-item menu-item-type-post_type menu-item-object-page menu-item-2884\"><a href=\"https:\/\/rantatuuli.fi\/w\/tunturikoivu\/\">Tunturikoivu A &#038; B<\/a><\/li>\n<li id=\"menu-item-2885\" class=\"menu-item menu-item-type-post_type menu-item-object-page menu-item-2885\"><a href=\"https:\/\/rantatuuli.fi\/w\/tunturikoivu\/varusteet\/\">Tunturikoivu \u2013 sis\u00e4tilat ja varusteet<\/a><\/li>\n<li id=\"menu-item-3058\" class=\"menu-item menu-item-type-post_type menu-item-object-page menu-item-3058\"><a href=\"https:\/\/rantatuuli.fi\/w\/tunturikoivu\/aktiviteetit\/\">Tunturikoivu \u2013 aktiviteetit ja linkit<\/a><\/li>\n<li id=\"menu-item-2908\" class=\"menu-item menu-item-type-post_type menu-item-object-page menu-item-2908\"><a href=\"https:\/\/rantatuuli.fi\/w\/tunturikoivu\/varaus\/\">Tunturikoivu \u2013 varaus<\/a><\/li>\n<li id=\"menu-item-3932\" class=\"menu-item menu-item-type-post_type menu-item-object-wpape_gallery_type menu-item-3932\"><a href=\"https:\/\/rantatuuli.fi\/w\/ape_gallery\/tunturikoivu\/\">Tunturikoivu \u2013 galleria<\/a><\/li>\n<\/ul><\/div>\r\n<div class=\"su-divider su-divider-style-default viiva\" style=\"margin:0px 0;border-width:5px;border-color:#dfa60e\"><\/div>\r\n<p>&nbsp;<\/p>\r\n<!--------- VASEMMAT KUVAT ------------------>\r\n<p><img class=\"autoimage alignnone size-full wp-image-2863\" src=\"https:\/\/rantatuuli.fi\/w\/wp-content\/uploads\/2019\/04\/600-tuuli-aktivpyor.jpg\" alt=\"\" width=\"600\" height=\"415\" srcset=\"https:\/\/rantatuuli.fi\/w\/wp-content\/uploads\/2019\/04\/600-tuuli-aktivpyor.jpg 600w, https:\/\/rantatuuli.fi\/w\/wp-content\/uploads\/2019\/04\/600-tuuli-aktivpyor-300x208.jpg 300w, https:\/\/rantatuuli.fi\/w\/wp-content\/uploads\/2019\/04\/600-tuuli-aktivpyor-558x386.jpg 558w, https:\/\/rantatuuli.fi\/w\/wp-content\/uploads\/2019\/04\/600-tuuli-aktivpyor-24x17.jpg 24w, https:\/\/rantatuuli.fi\/w\/wp-content\/uploads\/2019\/04\/600-tuuli-aktivpyor-36x25.jpg 36w, https:\/\/rantatuuli.fi\/w\/wp-content\/uploads\/2019\/04\/600-tuuli-aktivpyor-48x33.jpg 48w\" sizes=\"(max-width: 600px) 100vw, 600px\" \/> <img class=\"autoimage alignnone size-full wp-image-2861\" src=\"https:\/\/rantatuuli.fi\/w\/wp-content\/uploads\/2019\/04\/600-tuuli-aktivit4.jpg\" alt=\"\" width=\"600\" height=\"400\" srcset=\"https:\/\/rantatuuli.fi\/w\/wp-content\/uploads\/2019\/04\/600-tuuli-aktivit4.jpg 600w, https:\/\/rantatuuli.fi\/w\/wp-content\/uploads\/2019\/04\/600-tuuli-aktivit4-300x200.jpg 300w, https:\/\/rantatuuli.fi\/w\/wp-content\/uploads\/2019\/04\/600-tuuli-aktivit4-558x372.jpg 558w, https:\/\/rantatuuli.fi\/w\/wp-content\/uploads\/2019\/04\/600-tuuli-aktivit4-24x16.jpg 24w, https:\/\/rantatuuli.fi\/w\/wp-content\/uploads\/2019\/04\/600-tuuli-aktivit4-36x24.jpg 36w, https:\/\/rantatuuli.fi\/w\/wp-content\/uploads\/2019\/04\/600-tuuli-aktivit4-48x32.jpg 48w, https:\/\/rantatuuli.fi\/w\/wp-content\/uploads\/2019\/04\/600-tuuli-aktivit4-272x182.jpg 272w\" sizes=\"(max-width: 600px) 100vw, 600px\" \/> <\/p>\r\n<!--------- VASEMMAN REUNAN P\u00c4\u00c4TT\u00d6------------------>\r\n<div class=\"su-divider su-divider-style-vertical-alignbaseline\" style=\"margin:0px 0;border-width:5px;border-color:#dfa60e\"><\/div> <img class=\"centimage\" src=\"https:\/\/rantatuuli.fi\/w\/wp-content\/uploads\/2018\/03\/divider2-300x26.png\" alt=\"\" \/> <img class=\"alignbottom wp-image-2012\" src=\"https:\/\/rantatuuli.fi\/w\/wp-content\/uploads\/2019\/04\/pehmenne.png\" alt=\"\" width=\"100%\" height=\"auto\" srcset=\"https:\/\/rantatuuli.fi\/w\/wp-content\/uploads\/2019\/04\/pehmenne.png 500w, https:\/\/rantatuuli.fi\/w\/wp-content\/uploads\/2019\/04\/pehmenne-300x77.png 300w, https:\/\/rantatuuli.fi\/w\/wp-content\/uploads\/2019\/04\/pehmenne-24x6.png 24w, https:\/\/rantatuuli.fi\/w\/wp-content\/uploads\/2019\/04\/pehmenne-36x9.png 36w, https:\/\/rantatuuli.fi\/w\/wp-content\/uploads\/2019\/04\/pehmenne-48x12.png 48w\" sizes=\"(max-width: 500px) 100vw, 500px\" \/> <\/div><\/div> <div class=\"su-column su-column-size-3-5 oikee\"><div class=\"su-column-inner su-u-clearfix su-u-trim\">\r\n<!--------- OIKEA LAITA \/ TEKSTIALUE ------------------------------>\r\n\r\n<div class=\"su-heading su-heading-style-default su-heading-align-center font-1\" id=\"\" style=\"font-size:30px;margin-bottom:20px\"><div class=\"su-heading-inner\">Saariselk\u00e4 &#8211; aktiviteetit ja linkit<\/div><\/div>\r\n\r\n<h3>Saariselk\u00e4<\/h3>\r\n<p class=\"linkki\"><a href=\"https:\/\/laplandnorth.fi\/fi\/tietoa-alueesta\/\" target=\"_blank\" rel=\"noopener noreferrer linkki\">InariSaariselk\u00e4 &#8211; alueena<\/a><br \/>\r\n<a href=\"https:\/\/www.luontoon.fi\/fi\/kohteet\/inarin-retkeilyalue\/luonto\" target=\"_blank\" rel=\"noopener noreferrer linkki\">luontoon.fi &#8211; Inari<\/a><br \/>\r\n<a href=\"https:\/\/saariselka.com\/\" target=\"_blank\" rel=\"noopener noreferrer linkki\">Saariselk\u00e4<\/a><br \/>\r\n<a href=\"https:\/\/laplandnorth.fi\/fi\/tietoa-alueesta\/saariselka\/\" target=\"_blank\" rel=\"noopener noreferrer linkki\">Saariselk\u00e4 &#8211; k\u00e4yntikohteet<\/a><br \/>\r\n<a href=\"https:\/\/laplandnorth.fi\/fi\/tietoa-alueesta\/inari\/\" target=\"_blank\" rel=\"noopener noreferrer linkki\">Inari &#8211; matkailu<\/a><\/p>\r\n\r\n<h3>Aktiviteetit<\/h3>\r\n<p class=\"linkki\"><a href=\"https:\/\/laplandnorth.fi\/fi\/aktiviteetit\/\" target=\"_blank\" rel=\"noopener noreferrer linkki\">InariSaariselk\u00e4 &#8211; aktiviteetit<\/a><br \/>\r\n<a href=\"https:\/\/www.inarisaariselka.fi\/tapahtumat\/\" target=\"_blank\" rel=\"noopener noreferrer linkki\">InariSaariselk\u00e4 &#8211; tapahtumat<\/a><br \/>\r\n<a href=\"https:\/\/saariselka.com\/aktiviteetit\/\" target=\"_blank\" rel=\"noopener noreferrer linkki\">Saariselk\u00e4 &#8211; aktiviteetit<\/a><br \/>\r\n<a href=\"https:\/\/saariselka.com\/info\/harrastajille\/ target=\"_blank\" rel=\"noopener noreferrer linkki\">Saariselk\u00e4 &#8211; harrastajille<\/a><br \/>\r\n<br \/><a href=\"https:\/\/laplandnorth.fi\/fi\/tietoa-alueesta\/ivalo\/\" target=\"_blank\" rel=\"noopener noreferrer linkki\">Ivalo &#8211; Laplandnorth<\/a>\r\n<\/p>\r\n\r\n<h3>Ruokailu<\/h3>\r\n<p class=\"linkki\"><a href=\"https:\/\/laplandnorth.fi\/fi\/ruokailu\/\" target=\"_blank\" rel=\"noopener noreferrer linkki\">LaplandNorth &#8211; ruokailu<\/a><br \/>\r\n<a href=\"https:\/\/www.tripadvisor.com\/Restaurants-g667560-Saariselka_Lapland.html\" target=\"_blank\" rel=\"noopener noreferrer linkki\">Saariselk\u00e4 &#8211; Tripadvisor restaurants<\/a><\/p>\r\n\r\n<h3>Ostokset<\/h3>\r\n<p class=\"linkki\"><a href=\"https:\/\/laplandnorth.fi\/fi\/aktiviteetit\/ostokset\/\" target=\"_blank\" rel=\"noopener noreferrer linkki\">InariSaariselk\u00e4 &#8211; ostokset<\/a><\/p>\r\n\r\n<h3>S\u00e4\u00e4tila ja kamerakuvaa<\/h3>\r\n<p class=\"linkki\"><a href=\"https:\/\/ilmatieteenlaitos.fi\/saa\/inari\/saariselk%C3%A4\" target=\"_blank\" rel=\"noopener noreferrer linkki\">FMI s\u00e4\u00e4tila<\/a><br \/><a href=\"https:\/\/www.foreca.fi\/Finland\/Saariselka\/10vrk\" target=\"_blank\" rel=\"noopener noreferrer linkki\">Foreca s\u00e4\u00e4tila<\/a><br \/><a href=\"https:\/\/www.kelikamerat.info\/kelikamerat\/Lappi\/Inari\/tie-4\/vt4_Inari_Saariselk%C3%A4\/Rovaniemelle-C1450402\" target=\"_blank\" rel=\"noopener noreferrer linkki\">Kelikamera VT-4<\/a><br \/><a href=\"https:\/\/laplandnorth.fi\/fi\/web-kamerat\/\" target=\"_blank\" rel=\"noopener noreferrer linkki\">Latukamera-Saariselk\u00e4<\/a><\/p>\r\n\r\n<h3>Matkustaminen<\/h3>\r\n<p class=\"linkki\"><a href=\"https:\/\/www.finavia.fi\/fi\/lentoasemat\/ivalo\" target=\"_blank\" rel=\"noopener noreferrer linkki\">Ivalo &#8211; lentoasema<\/a><\/p>\r\n\r\n<h3>Uutisia<\/h3>\r\n<p class=\"linkki\"><a href=\"https:\/\/saariselansanomat.fi\/\" target=\"_blank\" rel=\"noopener noreferrer linkki\">Saarisel\u00e4n Sanomat<\/a><\/p>\r\n<p><img class=\"centimage\" src=\"https:\/\/rantatuuli.fi\/w\/wp-content\/uploads\/2018\/03\/divider2-300x26.png\" alt=\"\" \/><\/p>\r\n<p class=\"linkki\"><!-- \/wp:html -->\r\n\r\n\r\n<!-- wp:html --> \r\n<!--------- FOOTTERI ------------------------------>\r\n<\/div><\/div><\/div> <div class=\"su-divider su-divider-style-default\" style=\"margin:0px 0;border-width:5px;border-color:#dfa60e\"><\/div> <div class=\"su-row ala\"> <div class=\"su-column su-column-size-1-1 ala su-column-centered\"><div class=\"su-column-inner su-u-clearfix su-u-trim\">\r\n<p class=\"font-2 alafontti\"> \u2022 +358 (0)400-674 721 \u2022<br>\r\n<a href=\"mailto:reservations@rantatuuli.fi\">reservations@rantatuuli.fi<\/a> \u2022 <a href=\"https:\/\/rantatuuli.fi\/w\/yhteydenotto\/\">yhteydenottolomake<\/a><br>\r\n \u2022 <a href=\"https:\/\/rantatuuli.fi\/w\/etusivu\/\">\u00a9 rantatuuli.fi<\/a> \u2022 \r\n<\/div><\/div> <\/div> \r\n<!-- \/wp:html -->","protected":false},"excerpt":{"rendered":"Rantatuuli.fi Lomam\u00f6kit ja huoneistot Saariselk\u00e4 Saariselk\u00e4 Saariselk\u00e4 Kuopio Vuokatti Etusivu Homepage Startseite \u0434\u043e\u043c\u0430\u0448\u043d\u044f\u044f \u0441\u0442\u0440\u0430\u043d\u0438\u0446\u0430 Hjemmeside Tunturikoivu 1 &amp; 2 Saariselk\u00e4, Lapland Tunturikoivu A &#038; B Tunturikoivu \u2013 sis\u00e4tilat ja varusteet Tunturikoivu \u2013 aktiviteetit ja linkit Tunturikoivu \u2013 varaus Tunturikoivu \u2013 galleria &nbsp; Saariselk\u00e4 &#8211; aktiviteetit ja linkit Saariselk\u00e4 InariSaariselk\u00e4 &#8211; alueena luontoon.fi &#8211; Inari Saariselk\u00e4&hellip;","protected":false},"author":1,"featured_media":0,"parent":2774,"menu_order":0,"comment_status":"closed","ping_status":"closed","template":"..\/public\/views\/revslider-page-template.php","meta":[],"acf":[],"aioseo_notices":[],"_links":{"self":[{"href":"https:\/\/rantatuuli.fi\/w\/wp-json\/wp\/v2\/pages\/3055"}],"collection":[{"href":"https:\/\/rantatuuli.fi\/w\/wp-json\/wp\/v2\/pages"}],"about":[{"href":"https:\/\/rantatuuli.fi\/w\/wp-json\/wp\/v2\/types\/page"}],"author":[{"embeddable":true,"href":"https:\/\/rantatuuli.fi\/w\/wp-json\/wp\/v2\/users\/1"}],"replies":[{"embeddable":true,"href":"https:\/\/rantatuuli.fi\/w\/wp-json\/wp\/v2\/comments?post=3055"}],"version-history":[{"count":0,"href":"https:\/\/rantatuuli.fi\/w\/wp-json\/wp\/v2\/pages\/3055\/revisions"}],"up":[{"embeddable":true,"href":"https:\/\/rantatuuli.fi\/w\/wp-json\/wp\/v2\/pages\/2774"}],"wp:attachment":[{"href":"https:\/\/rantatuuli.fi\/w\/wp-json\/wp\/v2\/media?parent=3055"}],"curies":[{"name":"wp","href":"https:\/\/api.w.org\/{rel}","templated":true}]}}