{"id":2774,"date":"2019-04-18T16:49:02","date_gmt":"2019-04-18T16:49:02","guid":{"rendered":"http:\/\/rantatuuli.fi\/w\/?page_id=2774"},"modified":"2026-02-17T06:33:25","modified_gmt":"2026-02-17T06:33:25","slug":"tunturikoivu","status":"publish","type":"page","link":"https:\/\/rantatuuli.fi\/w\/tunturikoivu\/","title":{"rendered":"Tunturikoivu A &#038; B"},"content":{"rendered":"<div class=\"su-row yla\"><div class=\"su-column su-column-size-1-1 su-column-centered\"><div class=\"su-column-inner su-u-clearfix su-u-trim\"><\/p>\r\n<p class=\"font-1 ylaotsikko\" style=\"font-size: 1.7vw;\"><a class=\"ylaotsikko\" href=\"https:\/\/rantatuuli.fi\">Rantatuuli.fi<\/a><\/p>\r\n<p class=\"font-2 ylakakkosrivi\" style=\"font-size: 1vw;\">Lomam\u00f6kit ja huoneistot<\/p>\r\n<div>\u00a0<\/div>\r\n<table>\r\n<tbody>\r\n<tr>\r\n<td><a href=\"https:\/\/rantatuuli.fi\/w\/tunturituuli\/\"><img class=\"size-full wp-image-2133\" src=\"https:\/\/rantatuuli.fi\/w\/wp-content\/uploads\/2019\/04\/tunturituuli-125.jpg\" alt=\"\" width=\"auto\" height=\"auto\" srcset=\"https:\/\/rantatuuli.fi\/w\/wp-content\/uploads\/2019\/04\/tunturituuli-125.jpg 127w, https:\/\/rantatuuli.fi\/w\/wp-content\/uploads\/2019\/04\/tunturituuli-125-24x24.jpg 24w, https:\/\/rantatuuli.fi\/w\/wp-content\/uploads\/2019\/04\/tunturituuli-125-36x36.jpg 36w, https:\/\/rantatuuli.fi\/w\/wp-content\/uploads\/2019\/04\/tunturituuli-125-48x48.jpg 48w\" sizes=\"(max-width: 127px) 100vw, 127px\" \/><br \/><span style=\"font-size: 0.8em;\">Saariselk\u00e4<\/span><\/a><\/td>\r\n<td width=\"3px\">\u00a0<\/td>\r\n<td><a href=\"https:\/\/rantatuuli.fi\/w\/tunturikoivu\/\"><img class=\"size-full wp-image-2132\" src=\"https:\/\/rantatuuli.fi\/w\/wp-content\/uploads\/2019\/04\/tunturikoivu-125.jpg\" alt=\"\" width=\"auto\" height=\"auto\" srcset=\"https:\/\/rantatuuli.fi\/w\/wp-content\/uploads\/2019\/04\/tunturikoivu-125.jpg 127w, https:\/\/rantatuuli.fi\/w\/wp-content\/uploads\/2019\/04\/tunturikoivu-125-24x24.jpg 24w, https:\/\/rantatuuli.fi\/w\/wp-content\/uploads\/2019\/04\/tunturikoivu-125-36x36.jpg 36w, https:\/\/rantatuuli.fi\/w\/wp-content\/uploads\/2019\/04\/tunturikoivu-125-48x48.jpg 48w\" sizes=\"(max-width: 127px) 100vw, 127px\" \/><br \/><span style=\"font-size: 0.8em;\">Saariselk\u00e4<\/span><\/a><\/td>\r\n<td width=\"3px\">\u00a0<\/td>\r\n<td><a href=\"https:\/\/rantatuuli.fi\/w\/tuiskukuru\/\"><img class=\"size-full wp-image-4866\" src=\"https:\/\/rantatuuli.fi\/w\/wp-content\/uploads\/2025\/05\/tuiskukuru-125.jpg\" alt=\"\" width=\"auto\" height=\"auto\" srcset=\"https:\/\/rantatuuli.fi\/w\/wp-content\/uploads\/2025\/05\/tuiskukuru-125.jpg 127w, https:\/\/rantatuuli.fi\/w\/wp-content\/uploads\/2025\/05\/tuiskukuru-125-24x24.jpg 24w, https:\/\/rantatuuli.fi\/w\/wp-content\/uploads\/2025\/05\/tuiskukuru-125-36x36.jpg 36w, https:\/\/rantatuuli.fi\/w\/wp-content\/uploads\/2025\/05\/tuiskukuru-125-48x48.jpg 48w\" sizes=\"(max-width: 127px) 100vw, 127px\" \/><br \/><span style=\"font-size: 0.8em;\">Saariselk\u00e4<\/span><\/a><\/td>\r\n<td width=\"3px\">\u00a0<\/td>\r\n<td><a href=\"https:\/\/rantatuuli.fi\/w\/paasisalo\/\"><img class=\"size-full wp-image-2130\" src=\"https:\/\/rantatuuli.fi\/w\/wp-content\/uploads\/2019\/04\/paasisalo-125.jpg\" alt=\"\" width=\"auto\" height=\"auto\" srcset=\"https:\/\/rantatuuli.fi\/w\/wp-content\/uploads\/2019\/04\/paasisalo-125.jpg 127w, https:\/\/rantatuuli.fi\/w\/wp-content\/uploads\/2019\/04\/paasisalo-125-24x24.jpg 24w, https:\/\/rantatuuli.fi\/w\/wp-content\/uploads\/2019\/04\/paasisalo-125-36x36.jpg 36w, https:\/\/rantatuuli.fi\/w\/wp-content\/uploads\/2019\/04\/paasisalo-125-48x48.jpg 48w\" sizes=\"(max-width: 127px) 100vw, 127px\" \/><br \/><span style=\"font-size: 0.8em;\">Kuopio<\/span><\/a><\/td>\r\n<td width=\"3px\">\u00a0<\/td>\r\n<td><a href=\"https:\/\/rantatuuli.fi\/w\/vuokatti\/\"><img class=\"size-full wp-image-2130\" src=\"https:\/\/rantatuuli.fi\/w\/wp-content\/uploads\/2021\/07\/vuokatti-125.jpg\" alt=\"\" width=\"auto\" height=\"auto\" \/><br \/><span style=\"font-size: 0.8em;\">Vuokatti<\/span><\/a><\/td>\r\n<\/tr>\r\n<\/tbody>\r\n<\/table>\r\n<div class=\"menulang\"><ul id=\"menu-kielivalikko\" class=\"menu menukieliluokka\"><li id=\"menu-item-3141\" class=\"menu-item menu-item-type-post_type menu-item-object-page menu-item-3141\"><a href=\"https:\/\/rantatuuli.fi\/w\/etusivu\/\" class=\"menu-image-title-hide menu-image-not-hovered\"><span class=\"menu-image-title-hide menu-image-title\">Etusivu<\/span><img width=\"36\" height=\"36\" src=\"https:\/\/rantatuuli.fi\/w\/wp-content\/uploads\/2019\/04\/fi64-36x36.png\" class=\"menu-image menu-image-title-hide\" alt=\"\" \/><\/a><\/li>\n<li id=\"menu-item-3143\" class=\"menu-item menu-item-type-post_type menu-item-object-page menu-item-3143\"><a href=\"https:\/\/rantatuuli.fi\/w\/en\/etusivu-2\/\" class=\"menu-image-title-hide menu-image-not-hovered\"><span class=\"menu-image-title-hide menu-image-title\">Homepage<\/span><img width=\"36\" height=\"36\" src=\"https:\/\/rantatuuli.fi\/w\/wp-content\/uploads\/2019\/04\/uk64-36x36.png\" class=\"menu-image menu-image-title-hide\" alt=\"\" \/><\/a><\/li>\n<li id=\"menu-item-3144\" class=\"menu-item menu-item-type-post_type menu-item-object-page menu-item-3144\"><a href=\"https:\/\/rantatuuli.fi\/w\/de\/etusivu-3\/\" class=\"menu-image-title-hide menu-image-not-hovered\"><span class=\"menu-image-title-hide menu-image-title\">Startseite<\/span><img width=\"36\" height=\"36\" src=\"https:\/\/rantatuuli.fi\/w\/wp-content\/uploads\/2019\/04\/de64-36x36.png\" class=\"menu-image menu-image-title-hide\" alt=\"\" \/><\/a><\/li>\n<li id=\"menu-item-3145\" class=\"menu-item menu-item-type-post_type menu-item-object-page menu-item-3145\"><a href=\"https:\/\/rantatuuli.fi\/w\/ru\/etusivu-4\/\" class=\"menu-image-title-hide menu-image-not-hovered\"><span class=\"menu-image-title-hide menu-image-title\">\u0434\u043e\u043c\u0430\u0448\u043d\u044f\u044f \u0441\u0442\u0440\u0430\u043d\u0438\u0446\u0430<\/span><img width=\"36\" height=\"36\" src=\"https:\/\/rantatuuli.fi\/w\/wp-content\/uploads\/2019\/04\/ru64-36x36.png\" class=\"menu-image menu-image-title-hide\" alt=\"\" \/><\/a><\/li>\n<li id=\"menu-item-3142\" class=\"menu-item menu-item-type-post_type menu-item-object-page menu-item-3142\"><a href=\"https:\/\/rantatuuli.fi\/w\/nn\/etusivu-5\/\" class=\"menu-image-title-hide menu-image-not-hovered\"><span class=\"menu-image-title-hide menu-image-title\">Hjemmeside<\/span><img width=\"36\" height=\"36\" src=\"https:\/\/rantatuuli.fi\/w\/wp-content\/uploads\/2019\/04\/flag_NOR-36x36.png\" class=\"menu-image menu-image-title-hide\" alt=\"\" \/><\/a><\/li>\n<\/ul><\/div>\r\n<p><\/div><\/div><\/div> <div class=\"su-row slaidirow\"><div class=\"su-divider su-divider-style-default viiva\" style=\"margin:0px 0;border-width:5px;border-color:#dfa60e\"><\/div> <div id=\"metaslider-id-2785\" style=\"width: 100%; margin: 0 auto;\" class=\"ml-slider-3-104-0 metaslider metaslider-nivo metaslider-2785 ml-slider ms-theme-jenga\" role=\"region\" aria-label=\"Tunturikoivu\" data-height=\"550\" data-width=\"1920\">\n    <div id=\"metaslider_container_2785\">\n        <div class='slider-wrapper theme-default'><div class='ribbon'><\/div><div id='metaslider_2785' class='nivoSlider'><img src=\"https:\/\/rantatuuli.fi\/w\/wp-content\/uploads\/2019\/04\/Tunturikoivu-WD-ruokailu.jpg\" height=\"550\" width=\"1920\" title=\"Tunturikoivu-WD-ruokailu\" alt=\"\" class=\"slider-2785 slide-2800 msDefaultImage\" data-no-lazy=\"1\" \/><img src=\"https:\/\/rantatuuli.fi\/w\/wp-content\/uploads\/2019\/04\/Tunturikoivu-WD-drone.jpg\" height=\"550\" width=\"1920\" title=\"Tunturikoivu-WD-drone\" alt=\"\" class=\"slider-2785 slide-2803 msDefaultImage\" data-no-lazy=\"1\" \/><img src=\"https:\/\/rantatuuli.fi\/w\/wp-content\/uploads\/2019\/04\/Tunturituuli-WD-5.jpg\" height=\"550\" width=\"1920\" title=\"Tunturituuli-WD-5\" alt=\"\" class=\"slider-2785 slide-2818 msDefaultImage\" data-no-lazy=\"1\" \/><img src=\"https:\/\/rantatuuli.fi\/w\/wp-content\/uploads\/2019\/04\/Tunturikoivu-WD-takapiha-1.jpg\" height=\"550\" width=\"1920\" title=\"Tunturikoivu-WD-takapiha\" alt=\"\" class=\"slider-2785 slide-2921 msDefaultImage\" data-no-lazy=\"1\" \/><img src=\"https:\/\/rantatuuli.fi\/w\/wp-content\/uploads\/2019\/04\/Tunturikoivu-WD-mh3.jpg\" height=\"550\" width=\"1920\" title=\"Tunturikoivu-WD-mh3\" alt=\"\" class=\"slider-2785 slide-2799 msDefaultImage\" data-no-lazy=\"1\" \/><img src=\"https:\/\/rantatuuli.fi\/w\/wp-content\/uploads\/2019\/04\/Tunturikoivu-WD-mh-2.jpg\" height=\"550\" width=\"1920\" title=\"Tunturikoivu-WD-mh-2\" alt=\"\" class=\"slider-2785 slide-2795 msDefaultImage\" data-no-lazy=\"1\" \/><img src=\"https:\/\/rantatuuli.fi\/w\/wp-content\/uploads\/2019\/04\/Tunturikoivu-WD-ulko-1.jpg\" height=\"550\" width=\"1920\" title=\"Tunturikoivu-WD-ulko-1\" alt=\"\" class=\"slider-2785 slide-2794 msDefaultImage\" data-no-lazy=\"1\" \/><img src=\"https:\/\/rantatuuli.fi\/w\/wp-content\/uploads\/2019\/04\/Tunturikoivu-WD-ala-2.jpg\" height=\"550\" width=\"1920\" title=\"Tunturikoivu-WD-ala-2\" alt=\"\" class=\"slider-2785 slide-2796 msDefaultImage\" data-no-lazy=\"1\" \/><img src=\"https:\/\/rantatuuli.fi\/w\/wp-content\/uploads\/2019\/04\/Tunturikoivu-WD-kylpy.jpg\" height=\"550\" width=\"1920\" title=\"Tunturikoivu-WD-kylpy\" alt=\"\" class=\"slider-2785 slide-2798 msDefaultImage\" data-no-lazy=\"1\" \/><img src=\"https:\/\/rantatuuli.fi\/w\/wp-content\/uploads\/2019\/04\/Tunturikoivu-WD-mh-1.jpg\" height=\"550\" width=\"1920\" title=\"Tunturikoivu-WD-mh-1\" alt=\"\" class=\"slider-2785 slide-2793 msDefaultImage\" data-no-lazy=\"1\" \/><img src=\"https:\/\/rantatuuli.fi\/w\/wp-content\/uploads\/2019\/04\/Tunturituuli-WD-15.jpg\" height=\"550\" width=\"1920\" title=\"Tunturituuli-WD-15\" alt=\"\" class=\"slider-2785 slide-2817 msDefaultImage\" data-no-lazy=\"1\" \/><img src=\"https:\/\/rantatuuli.fi\/w\/wp-content\/uploads\/2019\/04\/Tunturituuli-WD-16.jpg\" height=\"550\" width=\"1920\" title=\"Tunturituuli-WD-16\" alt=\"\" class=\"slider-2785 slide-2822 msDefaultImage\" data-no-lazy=\"1\" \/><img src=\"https:\/\/rantatuuli.fi\/w\/wp-content\/uploads\/2019\/04\/Tunturikoivu-WD-ulko-2.jpg\" height=\"550\" width=\"1920\" title=\"Tunturikoivu-WD-ulko-2\" alt=\"\" class=\"slider-2785 slide-2801 msDefaultImage\" data-no-lazy=\"1\" \/><img src=\"https:\/\/rantatuuli.fi\/w\/wp-content\/uploads\/2019\/04\/Tunturikoivu-WD-ulko-3.jpg\" height=\"550\" width=\"1920\" title=\"Tunturikoivu-WD-ulko-3\" alt=\"\" class=\"slider-2785 slide-2802 msDefaultImage\" data-no-lazy=\"1\" \/><img src=\"https:\/\/rantatuuli.fi\/w\/wp-content\/uploads\/2019\/04\/Tunturikoivu-WD-yla-1.jpg\" height=\"550\" width=\"1920\" title=\"Tunturikoivu-WD-yla-1\" alt=\"\" class=\"slider-2785 slide-2791 msDefaultImage\" data-no-lazy=\"1\" \/><img src=\"https:\/\/rantatuuli.fi\/w\/wp-content\/uploads\/2019\/04\/Tunturikoivu-WD-etupihasyks.jpg\" height=\"550\" width=\"1920\" title=\"Tunturikoivu-WD-etupihasyks\" alt=\"\" class=\"slider-2785 slide-2815 msDefaultImage\" data-no-lazy=\"1\" \/><img src=\"https:\/\/rantatuuli.fi\/w\/wp-content\/uploads\/2019\/04\/Tunturikoivu-WD-ala-1.jpg\" height=\"550\" width=\"1920\" title=\"Tunturikoivu-WD-ala-1\" alt=\"\" class=\"slider-2785 slide-2792 msDefaultImage\" data-no-lazy=\"1\" \/><img src=\"https:\/\/rantatuuli.fi\/w\/wp-content\/uploads\/2019\/04\/Tunturituuli-WD-4.jpg\" height=\"550\" width=\"1920\" title=\"Tunturituuli-WD-4\" alt=\"\" class=\"slider-2785 slide-2819 msDefaultImage\" data-no-lazy=\"1\" \/><img src=\"https:\/\/rantatuuli.fi\/w\/wp-content\/uploads\/2019\/04\/Tunturikoivu-WD-takapiha.jpg\" height=\"550\" width=\"1920\" title=\"Tunturikoivu-WD-takapiha\" alt=\"\" class=\"slider-2785 slide-2816 msDefaultImage\" data-no-lazy=\"1\" \/><img src=\"https:\/\/rantatuuli.fi\/w\/wp-content\/uploads\/2019\/04\/Tunturikoivu-WD-ala-3.jpg\" height=\"550\" width=\"1920\" title=\"Tunturikoivu-WD-ala-3\" alt=\"\" class=\"slider-2785 slide-2797 msDefaultImage\" data-no-lazy=\"1\" \/><img src=\"https:\/\/rantatuuli.fi\/w\/wp-content\/uploads\/2019\/04\/Tunturikoivu-WD-ulko-4.jpg\" height=\"550\" width=\"1920\" title=\"Tunturikoivu-WD-ulko-4\" alt=\"\" class=\"slider-2785 slide-2804 msDefaultImage\" data-no-lazy=\"1\" \/><\/div><\/div>\n        \n    <\/div>\n<\/div><div class=\"su-divider su-divider-style-default\" style=\"margin:0px 0;border-width:5px;border-color:#dfa60e\"><\/div><\/div> <div class=\"su-row\"><\/p>\r\n<!---- HEADER P\u00c4\u00c4TTYY ------------------------------------------------------------------------------------------------><!--------- VASEN LAITA JA MENU------------------>\r\n<div class=\"su-column su-column-size-2-5 vasen\"><div class=\"su-column-inner su-u-clearfix su-u-trim\"> <div class=\"su-divider su-divider-style-margin-bottom0px viiva\" style=\"margin:0px 0;border-width:5px;border-color:#dfa60e\"><\/div>\r\n<div class=\"menutausta\">\r\n<h2 class=\"vasenmenuotsikko ylavalikkofontti \">Tunturikoivu 1 &amp; 2 Saariselk\u00e4, Lapland<\/h2>\r\n<ul id=\"menu-tunturikoivu\" class=\"menu ylavalikkofontti vasenmenu\"><li id=\"menu-item-2884\" class=\"menu-item menu-item-type-post_type menu-item-object-page menu-item-2884\"><a href=\"https:\/\/rantatuuli.fi\/w\/tunturikoivu\/\">Tunturikoivu A &#038; B<\/a><\/li>\n<li id=\"menu-item-2885\" class=\"menu-item menu-item-type-post_type menu-item-object-page menu-item-2885\"><a href=\"https:\/\/rantatuuli.fi\/w\/tunturikoivu\/varusteet\/\">Tunturikoivu \u2013 sis\u00e4tilat ja varusteet<\/a><\/li>\n<li id=\"menu-item-3058\" class=\"menu-item menu-item-type-post_type menu-item-object-page menu-item-3058\"><a href=\"https:\/\/rantatuuli.fi\/w\/tunturikoivu\/aktiviteetit\/\">Tunturikoivu \u2013 aktiviteetit ja linkit<\/a><\/li>\n<li id=\"menu-item-2908\" class=\"menu-item menu-item-type-post_type menu-item-object-page menu-item-2908\"><a href=\"https:\/\/rantatuuli.fi\/w\/tunturikoivu\/varaus\/\">Tunturikoivu \u2013 varaus<\/a><\/li>\n<li id=\"menu-item-3932\" class=\"menu-item menu-item-type-post_type menu-item-object-wpape_gallery_type menu-item-3932\"><a href=\"https:\/\/rantatuuli.fi\/w\/ape_gallery\/tunturikoivu\/\">Tunturikoivu \u2013 galleria<\/a><\/li>\n<\/ul><\/div>\r\n<div class=\"su-divider su-divider-style-default viiva\" style=\"margin:0px 0;border-width:5px;border-color:#dfa60e\"><\/div>\r\n<p><!--------- VASEMMAT KUVAT ------------------><img class=\"autoimage alignnone size-full wp-image-2827\" src=\"https:\/\/rantatuuli.fi\/w\/wp-content\/uploads\/2019\/04\/600-koivu-drone-1.jpg\" alt=\"\" width=\"600\" height=\"450\" srcset=\"https:\/\/rantatuuli.fi\/w\/wp-content\/uploads\/2019\/04\/600-koivu-drone-1.jpg 600w, https:\/\/rantatuuli.fi\/w\/wp-content\/uploads\/2019\/04\/600-koivu-drone-1-300x225.jpg 300w, https:\/\/rantatuuli.fi\/w\/wp-content\/uploads\/2019\/04\/600-koivu-drone-1-558x419.jpg 558w, https:\/\/rantatuuli.fi\/w\/wp-content\/uploads\/2019\/04\/600-koivu-drone-1-24x18.jpg 24w, https:\/\/rantatuuli.fi\/w\/wp-content\/uploads\/2019\/04\/600-koivu-drone-1-36x27.jpg 36w, https:\/\/rantatuuli.fi\/w\/wp-content\/uploads\/2019\/04\/600-koivu-drone-1-48x36.jpg 48w\" sizes=\"(max-width: 600px) 100vw, 600px\" \/> <img class=\"autoimage alignnone size-full wp-image-2829\" src=\"https:\/\/rantatuuli.fi\/w\/wp-content\/uploads\/2019\/04\/600-koivu-etupiha-3.jpg\" alt=\"\" width=\"600\" height=\"450\" srcset=\"https:\/\/rantatuuli.fi\/w\/wp-content\/uploads\/2019\/04\/600-koivu-etupiha-3.jpg 600w, https:\/\/rantatuuli.fi\/w\/wp-content\/uploads\/2019\/04\/600-koivu-etupiha-3-300x225.jpg 300w, https:\/\/rantatuuli.fi\/w\/wp-content\/uploads\/2019\/04\/600-koivu-etupiha-3-558x419.jpg 558w, https:\/\/rantatuuli.fi\/w\/wp-content\/uploads\/2019\/04\/600-koivu-etupiha-3-24x18.jpg 24w, https:\/\/rantatuuli.fi\/w\/wp-content\/uploads\/2019\/04\/600-koivu-etupiha-3-36x27.jpg 36w, https:\/\/rantatuuli.fi\/w\/wp-content\/uploads\/2019\/04\/600-koivu-etupiha-3-48x36.jpg 48w\" sizes=\"(max-width: 600px) 100vw, 600px\" \/> <img class=\"autoimage alignnone size-full wp-image-2860\" src=\"https:\/\/rantatuuli.fi\/w\/wp-content\/uploads\/2019\/04\/600-tuuli-aktivit3.jpg\" alt=\"\" width=\"600\" height=\"400\" srcset=\"https:\/\/rantatuuli.fi\/w\/wp-content\/uploads\/2019\/04\/600-tuuli-aktivit3.jpg 600w, https:\/\/rantatuuli.fi\/w\/wp-content\/uploads\/2019\/04\/600-tuuli-aktivit3-300x200.jpg 300w, https:\/\/rantatuuli.fi\/w\/wp-content\/uploads\/2019\/04\/600-tuuli-aktivit3-558x372.jpg 558w, https:\/\/rantatuuli.fi\/w\/wp-content\/uploads\/2019\/04\/600-tuuli-aktivit3-24x16.jpg 24w, https:\/\/rantatuuli.fi\/w\/wp-content\/uploads\/2019\/04\/600-tuuli-aktivit3-36x24.jpg 36w, https:\/\/rantatuuli.fi\/w\/wp-content\/uploads\/2019\/04\/600-tuuli-aktivit3-48x32.jpg 48w, https:\/\/rantatuuli.fi\/w\/wp-content\/uploads\/2019\/04\/600-tuuli-aktivit3-272x182.jpg 272w\" sizes=\"(max-width: 600px) 100vw, 600px\" \/> <img class=\"autoimage alignnone size-full wp-image-2843\" src=\"https:\/\/rantatuuli.fi\/w\/wp-content\/uploads\/2025\/05\/600-tunturituulijakoivu-sijainti-2025.jpg\" alt=\"\" width=\"600\" height=\"500\" \/><\/p>\r\n<p><!--------- VASEMMAN REUNAN P\u00c4\u00c4TT\u00d6------------------><div class=\"su-divider su-divider-style-vertical-alignbaseline\" style=\"margin:0px 0;border-width:5px;border-color:#dfa60e\"><\/div> <img class=\"centimage\" src=\"https:\/\/rantatuuli.fi\/w\/wp-content\/uploads\/2018\/03\/divider2-300x26.png\" alt=\"\" \/> <img class=\"alignbottom wp-image-2012\" src=\"https:\/\/rantatuuli.fi\/w\/wp-content\/uploads\/2019\/04\/pehmenne.png\" alt=\"\" width=\"100%\" height=\"auto\" srcset=\"https:\/\/rantatuuli.fi\/w\/wp-content\/uploads\/2019\/04\/pehmenne.png 500w, https:\/\/rantatuuli.fi\/w\/wp-content\/uploads\/2019\/04\/pehmenne-300x77.png 300w, https:\/\/rantatuuli.fi\/w\/wp-content\/uploads\/2019\/04\/pehmenne-24x6.png 24w, https:\/\/rantatuuli.fi\/w\/wp-content\/uploads\/2019\/04\/pehmenne-36x9.png 36w, https:\/\/rantatuuli.fi\/w\/wp-content\/uploads\/2019\/04\/pehmenne-48x12.png 48w\" sizes=\"(max-width: 500px) 100vw, 500px\" \/> <\/div><\/div> <div class=\"su-column su-column-size-3-5 oikee\"><div class=\"su-column-inner su-u-clearfix su-u-trim\"><\/p>\r\n<p><!--------- OIKEA LAITA \/ TEKSTIALUE ------------------------------><div class=\"su-heading su-heading-style-default su-heading-align-center font-1\" id=\"\" style=\"font-size:30px;margin-bottom:20px\"><div class=\"su-heading-inner\">Tunturikoivu<\/div><\/div> Tunturikoivu-m\u00f6kit sijaitsevat erityisesti hiiht\u00e4jien ja ulkoilijoiden suosimalla alueella, kuitenkin l\u00e4hell\u00e4 Saarisel\u00e4n kyl\u00e4n keskustaa. Hiihtoladut ja k\u00e4velyreitit ovat vieress\u00e4. Liikenteen jyrin\u00e4 ei rasita, vaan voit aistia oikeasti milt\u00e4 hiljaisuus kuulostaa. Voit ladata akkujasi luonnon keskell\u00e4, nauttia er\u00e4maan kauneudesta ja silti olet l\u00e4hell\u00e4 palveluita. M\u00f6kkej\u00e4 on kaikkiaan nelj\u00e4 &#8211; A-talossa A1 ja A2 ja B-talossa B1 ja B2. M\u00f6kit ovat t\u00e4ysin varustettuja ja p\u00e4\u00e4set asfalttitiet\u00e4 portaille saakka. Lentokentt\u00e4bussit kulkevat l\u00e4helt\u00e4, eik\u00e4 oma auto ole v\u00e4ltt\u00e4m\u00e4t\u00f6n. L\u00e4piajoliikennett\u00e4 ei ole, ellei oravia ja muita mets\u00e4nel\u00e4imi\u00e4 lasketa sellaisiksi. Kotiel\u00e4inten tuominen on kielletty. <img style=\"display: block; margin-left: auto; margin-right: auto;\" src=\"https:\/\/rantatuuli.fi\/w\/wp-content\/uploads\/2018\/03\/divider2-300x26.png\" alt=\"\" \/><\/p>\r\n<h2>Katso ensin video:<\/h2>\r\n<div class=\"su-youtube su-u-responsive-media-yes tuubi\"><iframe width=\"100%\" height=\"400\" src=\"https:\/\/www.youtube.com\/embed\/Xb-ywPcVBnA?\" frameborder=\"0\" allowfullscreen allow=\"autoplay; encrypted-media; picture-in-picture\" title=\"\"><\/iframe><\/div>\r\n<p>M\u00f6kit on t\u00e4ysin uudistettu hiljattain sis\u00e4pinnoiltaan. Pihalla on tulistelupaikka, potkukelkat, MTB-py\u00f6r\u00e4t varattavissa. <div class=\"su-quote su-quote-style-default font-1\"><div class=\"su-quote-inner su-u-clearfix su-u-trim\">Tervetuloa tutustumaan Tunturituuleen.<\/div><\/div> <img class=\"centimage\" src=\"https:\/\/rantatuuli.fi\/w\/wp-content\/uploads\/2018\/03\/divider2-300x26.png\" alt=\"\" \/> <div class=\"su-heading su-heading-style-default su-heading-align-center font-1\" id=\"\" style=\"font-size:30px;margin-bottom:20px\"><div class=\"su-heading-inner\">Sijainti<\/div><\/div> Saariselk\u00e4 on Lapin varmalumisimpia lomakeskuksia.<\/p>\r\n<h3>Kartalla<\/h3>\r\n<p><a href=\"https:\/\/www.fonecta.fi\/kartat\/kuksatie,%2099830,%20saariselk%C3%A4?lon=27.412519454956055&amp;lat=68.41031543744008&amp;z=14\" target=\"_blank\" rel=\"noopener noreferrer\">Karttasijainti (Fonecta)<\/a> <style type=\"text\/css\" id=\"umsMapStyles_2_32047\">\r\n    #ultimate_maps_2_32047 {\r\n        width: 100%;\r\n        height: 250px;\r\n                border: 0px solid ;\r\n        margin: 0px;\r\n    }\r\n    #mapsControlsNum_2_32047 {\r\n        width:100%    }\r\n    .umsMapDetailsContainer#umsMapDetailsContainer_2_32047 {\r\n        height:250px;\r\n    }\r\n    .ums_MapPreview#ultimate_maps_2_32047 {\r\n        \/*position:absolute;*\/\r\n        width:100%;\r\n    }\r\n    #mapConElem_2_32047{\r\n        width:100%    }\r\n    <\/style><div class=\"ums_map_opts\" id=\"mapConElem_2_32047\" data-id=\"2\" data-view-id=\"2_32047\" > <div class=\"umsMapDetailsContainer\" id=\"umsMapDetailsContainer_2_32047\"> <i class=\"umsKMLLayersPreloader fa fa-spinner fa-spin\" aria-hidden=\"true\" style=\"display: none;\"><\/i> <div class=\"ums_MapPreview \" id=\"ultimate_maps_2_32047\"><\/div> <\/div> <div class=\"umsMapMarkerFilters\" id=\"umsMapMarkerFilters_2_32047\"> <\/div> <div class=\"umsMapProControlsCon\" id=\"umsMapProControlsCon_2_32047\"> <a title=\"Google Map Wordpress\" style=\"display:none;\" href=\"https:\/\/supsystic.com\/plugins\/google-maps-plugin\/?utm_medium=love_link_hide\" target=\"_blank\">Google Map Wordpress<\/a><div style=\"clear: both;\"><\/div> <\/div> <div class=\"umsMapProDirectionsCon\" id=\"umsMapProDirectionsCon_2_32047\" > <\/div> <div class=\"umsMapProKmlFilterCon\" id=\"umsMapProKmlFilterCon_2_32047\" > <\/div> <div class=\"umsSocialSharingShell umsSocialSharingShell_2_32047\"> <\/div> <div style=\"clear: both;\"><\/div> <\/div>\r\n<h3>Taksi<\/h3>\r\n<p><a href=\"https:\/\/www.inarisaariselka.fi\/activity\/taksit-fi\/\" target=\"_blank\" rel=\"noopener noreferrer\">Taksit &#8211; Saariselk\u00e4<\/a> <a href=\"https:\/\/taxisaariselka.fi\/\" target=\"_blank\" rel=\"noopener noreferrer\">taxisaariselka.fi<\/a><\/p>\r\n<h3>Lentokentt\u00e4 ja autovuokraamot<\/h3>\r\n<p>Ivalon <a href=\"https:\/\/www.finavia.fi\/fi\/lentoasemat\/ivalo\" target=\"_blank\" rel=\"noopener noreferrer\"> lentokent\u00e4ll\u00e4<\/a> (29 km p\u00e4\u00e4ss\u00e4) toimii monet kansainv\u00e4liset autovuokraamot.<\/p>\r\n<h3>Saariselk\u00e4<\/h3>\r\n<p><a href=\"https:\/\/saariselka.com\" target=\"_blank\" rel=\"noopener noreferrer\">Saariselk\u00e4<\/a> <a href=\"https:\/\/www.inarisaariselka.fi\/\" target=\"_blank\" rel=\"noopener noreferrer\">Inari Saariselk\u00e4<\/a><\/p>\r\n<h3>M\u00f6kin osoite:<\/h3>\r\n<p>Kuksatie 2-4, 99830 SAARISELK\u00c4 <img class=\"centimage\" src=\"https:\/\/rantatuuli.fi\/w\/wp-content\/uploads\/2018\/03\/divider2-300x26.png\" alt=\"\" \/><\/p>\r\n<p><!-- \/wp:html -->\r\n\r\n<!-- wp:html --><!--------- FOOTTERI ------------------------------><\/div><\/div><\/div> <div class=\"su-divider su-divider-style-default\" style=\"margin:0px 0;border-width:5px;border-color:#dfa60e\"><\/div> <div class=\"su-row ala\"> <div class=\"su-column su-column-size-1-1 ala su-column-centered\"><div class=\"su-column-inner su-u-clearfix su-u-trim\"><\/p>\r\n<p class=\"font-2 alafontti\">\u2022 +358 (0)400-674 721 \u2022 <a href=\"mailto:reservations@rantatuuli.fi\">reservations@rantatuuli.fi<\/a> \u2022 <a href=\"https:\/\/rantatuuli.fi\/w\/yhteydenotto\/\">yhteydenottolomake<\/a> \u2022 <a href=\"https:\/\/rantatuuli.fi\/w\/etusivu\/\">\u00a9 rantatuuli.fi<\/a> \u2022 <\/div><\/div> <\/div> <!-- \/wp:html --><\/p>","protected":false},"excerpt":{"rendered":"Rantatuuli.fi Lomam\u00f6kit ja huoneistot \u00a0 Saariselk\u00e4 \u00a0 Saariselk\u00e4 \u00a0 Saariselk\u00e4 \u00a0 Kuopio \u00a0 Vuokatti Etusivu Homepage Startseite \u0434\u043e\u043c\u0430\u0448\u043d\u044f\u044f \u0441\u0442\u0440\u0430\u043d\u0438\u0446\u0430 Hjemmeside Tunturikoivu 1 &amp; 2 Saariselk\u00e4, Lapland Tunturikoivu A &#038; B Tunturikoivu \u2013 sis\u00e4tilat ja varusteet Tunturikoivu \u2013 aktiviteetit ja linkit Tunturikoivu \u2013 varaus Tunturikoivu \u2013 galleria Tunturikoivu Tunturikoivu-m\u00f6kit sijaitsevat erityisesti hiiht\u00e4jien ja ulkoilijoiden suosimalla alueella,&hellip;","protected":false},"author":1,"featured_media":0,"parent":0,"menu_order":0,"comment_status":"closed","ping_status":"closed","template":"..\/public\/views\/revslider-page-template.php","meta":[],"acf":[],"aioseo_notices":[],"_links":{"self":[{"href":"https:\/\/rantatuuli.fi\/w\/wp-json\/wp\/v2\/pages\/2774"}],"collection":[{"href":"https:\/\/rantatuuli.fi\/w\/wp-json\/wp\/v2\/pages"}],"about":[{"href":"https:\/\/rantatuuli.fi\/w\/wp-json\/wp\/v2\/types\/page"}],"author":[{"embeddable":true,"href":"https:\/\/rantatuuli.fi\/w\/wp-json\/wp\/v2\/users\/1"}],"replies":[{"embeddable":true,"href":"https:\/\/rantatuuli.fi\/w\/wp-json\/wp\/v2\/comments?post=2774"}],"version-history":[{"count":1,"href":"https:\/\/rantatuuli.fi\/w\/wp-json\/wp\/v2\/pages\/2774\/revisions"}],"predecessor-version":[{"id":5077,"href":"https:\/\/rantatuuli.fi\/w\/wp-json\/wp\/v2\/pages\/2774\/revisions\/5077"}],"wp:attachment":[{"href":"https:\/\/rantatuuli.fi\/w\/wp-json\/wp\/v2\/media?parent=2774"}],"curies":[{"name":"wp","href":"https:\/\/api.w.org\/{rel}","templated":true}]}}